{"id":866,"date":"2024-11-21T10:25:30","date_gmt":"2024-11-21T10:25:30","guid":{"rendered":"https:\/\/ace-cae.eu\/privacy-statement-eu\/"},"modified":"2024-12-05T16:23:51","modified_gmt":"2024-12-05T16:23:51","slug":"privacy-statement-eu","status":"publish","type":"page","link":"https:\/\/ace-cae.eu\/sl\/privacy-statement-eu\/","title":{"rendered":"Izjava o varstvu osebnih podatkov (EU)"},"content":{"rendered":"<div class=\"wp-block-ace-section ace-section\">\n<!-- Legal document generated by Complianz | GDPR\/CCPA Cookie Consent https:\/\/wordpress.org\/plugins\/complianz-gdpr -->\n<div id=\"cmplz-document\" class=\"cmplz-document privacy-statement cmplz-document-eu\"><p><i>This privacy statement was last updated on december 6, 2024 and applies to citizens and legal permanent residents of the European Economic Area and Switzerland.<\/i><br \/><br \/><\/p><p><p>V tej izjavi o zasebnosti pojasnjujemo, kaj po\u010dnemo s podatki, ki jih pridobimo o vas prek <a href=\"https:\/\/ace-cae.eu\/sl\">https:\/\/ace-cae.eu\/sl<\/a>. Priporo\u010damo, da pozorno preberete to izjavo. Pri na\u0161i obdelavi upo\u0161tevamo zahteve zakonodaje o zasebnosti. To med drugim pomeni, da:<\/p><ul>\n                <li>jasno navajamo namene, za katere obdelujemo osebne podatke. To po\u010dnemo s pomo\u010djo te izjave o zasebnosti;<\/li>\n                <li>omejimo zbiranje osebnih podatkov samo na tiste osebne podatke, ki so potrebni za zakonite namene;<\/li>\n                <li>najprej zahtevamo va\u0161e izrecno soglasje za obdelavo va\u0161ih osebnih podatkov v primerih, ki zahtevajo va\u0161e soglasje;<\/li>\n                <li>sprejemamo ustrezne varnostne ukrepe za za\u0161\u010dito va\u0161ih osebnih podatkov in to zahtevamo tudi od strank, ki obdelujejo osebne podatke v na\u0161em imenu;<\/li>\n                <li>spo\u0161tujemo va\u0161o pravico, da na va\u0161o zahtevo dostopamo do va\u0161ih osebnih podatkov ali jih popravimo ali izbri\u0161emo.<\/li>\n            <\/ul><p>\u010ce imate kakr\u0161na koli vpra\u0161anja ali \u017eelite natan\u010dno vedeti, katere podatke hranimo o vas, se obrnite na nas.<\/p><\/p><h2>1. Namen, podatki in obdobje hrambe<\/h2>Osebne podatke lahko zbiramo ali prejemamo za \u0161tevilne namene, povezane z na\u0161im poslovanjem, ki lahko vklju\u010dujejo naslednje: (kliknite za raz\u0161iritev)<details class=\"cmplz-dropdown dropdown-privacy-statement\"><summary><div><h3>1.1 Kontakt \u2013 po telefonu, po\u0161ti, elektronski po\u0161ti in\/ali spletnih obrazcih<\/h3><\/div><\/summary><p class=\"cmplz-subtitle\">V ta namen uporabljamo naslednje podatke:<\/p><p><ul><li>Ime in priimek<\/li><li>Ime ra\u010duna ali vzdevek<\/li><li>Elektronski naslov<\/li><li>Telefonska \u0161tevilka<\/li><li>Naslov IP<\/li><\/ul><\/p><p class=\"cmplz-subtitle\">Osnova, na kateri lahko obdelujemo te podatke, je:<\/p><p><a target=\"_blank\" rel=\"noopener noreferrer nofollow\" href=\"https:\/\/cookiedatabase.org\/legal-bases\/#consent\">po pridobitvi soglasja.<\/a><\/p><p class=\"cmplz-subtitle\">Obdobje hrambe<\/p><p>Te podatke hranimo, dokler storitev ni kon\u010dana.<\/p><\/details><details class=\"cmplz-dropdown dropdown-privacy-statement\"><summary><div><h3>1.2 Registracija ra\u010duna<\/h3><\/div><\/summary><p class=\"cmplz-subtitle\">V ta namen uporabljamo naslednje podatke:<\/p><p><ul><li>Ime in priimek<\/li><li>Ime ra\u010duna ali vzdevek<\/li><li>Elektronski naslov<\/li><li>Telefonska \u0161tevilka<\/li><\/ul><\/p><p class=\"cmplz-subtitle\">Osnova, na kateri lahko obdelujemo te podatke, je:<\/p><p><a target=\"_blank\" rel=\"noopener noreferrer nofollow\" href=\"https:\/\/cookiedatabase.org\/legal-bases\/#consent\">po pridobitvi soglasja.<\/a><\/p><p class=\"cmplz-subtitle\">Obdobje hrambe<\/p><p>Te podatke hranimo, dokler storitev ni kon\u010dana.<\/p><\/details><details class=\"cmplz-dropdown dropdown-privacy-statement\"><summary><div><h3>1.3 \u010casopisi<\/h3><\/div><\/summary><p class=\"cmplz-subtitle\">V ta namen uporabljamo naslednje podatke:<\/p><p><ul><li>Ime in priimek<\/li><li>Elektronski naslov<\/li><\/ul><\/p><p class=\"cmplz-subtitle\">Osnova, na kateri lahko obdelujemo te podatke, je:<\/p><p><a target=\"_blank\" rel=\"noopener noreferrer nofollow\" href=\"https:\/\/cookiedatabase.org\/legal-bases\/#consent\">po pridobitvi soglasja.<\/a><\/p><p class=\"cmplz-subtitle\">Obdobje hrambe<\/p><p>Te podatke hranimo, dokler storitev ni kon\u010dana.<\/p><\/details><details class=\"cmplz-dropdown dropdown-privacy-statement\"><summary><div><h3>1.4 Zbiranje in analiziranje statisti\u010dnih podatkov za izbolj\u0161anje spletne strani.<\/h3><\/div><\/summary><p class=\"cmplz-subtitle\">V ta namen uporabljamo naslednje podatke:<\/p><p><ul><li>Naslov IP<\/li><li>Podatki o geolokaciji<\/li><\/ul><\/p><p class=\"cmplz-subtitle\">Osnova, na kateri lahko obdelujemo te podatke, je:<\/p><p><a target=\"_blank\" rel=\"noopener noreferrer nofollow\" href=\"https:\/\/cookiedatabase.org\/legal-bases\/#consent\">po pridobitvi soglasja.<\/a><\/p><p class=\"cmplz-subtitle\">Obdobje hrambe<\/p><p>Te podatke hranimo, dokler storitev ni kon\u010dana.<\/p><\/details><h2>2. Deljenje z drugimi strankami<\/h2><p>Te podatke delimo ali razkrivamo le obdelovalcem za naslednje namene:<\/p><h2>3. Pi\u0161kotki<\/h2><p>Na\u0161a spletna stran uporablja pi\u0161kotke. Za ve\u010d informacij o pi\u0161kotkih si oglejte na\u0161e <a href=\"https:\/\/ace-cae.eu\/sl\/cookie-policy-eu\/\">Politika pi\u0161kotkov<\/a>.&nbsp;<\/p><h2>4. Prakse razkritja<\/h2><p><p>Osebne podatke razkrijemo, \u010de to od nas zahteva zakon ali sodni nalog, v odgovor organu kazenskega pregona, v obsegu, ki ga dovoljujejo druge zakonske dolo\u010dbe, za zagotavljanje informacij ali za preiskavo zadeve, povezane z javno varnostjo.<\/p><p>\u010ce je na\u0161a spletna stran ali organizacija prevzeta, prodana ali vklju\u010dena v zdru\u017eitev ali prevzem, se lahko va\u0161i podatki razkrijejo na\u0161im svetovalcem in morebitnim potencialnim kupcem ter se posredujejo novim lastnikom.<\/p><\/p><p>Z Googlom smo sklenili pogodbo o obdelavi podatkov.<\/p><p>Vklju\u010ditev celotnih naslovov IP blokiramo mi.<\/p><h2>5. Varnost<\/h2><p>We are committed to the security of personal data. We take appropriate security measures to limit abuse of and unauthorized access to personal data. This ensures that only the necessary persons have access to your data, that access to the data is protected, and that our security measures are regularly reviewed.<\/p><h2>6. Spletne strani tretjih oseb<\/h2><p>Ta izjava o zasebnosti ne velja za spletne strani tretjih oseb, ki so povezane s povezavami na na\u0161i spletni strani. Ne moremo jam\u010diti, da bodo te tretje osebe z va\u0161imi osebnimi podatki ravnale na zanesljiv ali varen na\u010din. Priporo\u010damo vam, da pred uporabo teh spletnih strani preberete izjave o zasebnosti teh spletnih strani.<\/p><h2>7. Spremembe te izjave o varstvu osebnih podatkov<\/h2><p>Pridr\u017eujemo si pravico do sprememb te izjave o zasebnosti. Priporo\u010damo vam, da to izjavo o varstvu osebnih podatkov redno pregledujete, da boste seznanjeni z morebitnimi spremembami. Poleg tega vas bomo aktivno obve\u0161\u010dali, kadar koli bo to mogo\u010de.<\/p><h2>8. Dostop do va\u0161ih podatkov in njihovo spreminjanje<\/h2><p>\u010ce imate kakr\u0161na koli vpra\u0161anja ali \u017eelite izvedeti, katere osebne podatke imamo o vas, se obrnite na nas. Kontaktirate nas lahko z uporabo spodnjih informacij. Imate naslednje pravice:<\/p><ul>\n                <li>Pravico imate vedeti, zakaj so va\u0161i osebni podatki potrebni, kaj se bo z njimi zgodilo in kako dolgo jih bomo hranili.<\/li>\n                <li>Pravica do dostopa: Imate pravico do dostopa do svojih osebnih podatkov, ki so nam znani.<\/li>\n                <li>Pravica do popravka: Imate pravico, da kadar koli dopolnite, popravite, izbri\u0161ete ali blokirate svoje osebne podatke.<\/li>\n                <li>\u010ce nam daste soglasje za obdelavo va\u0161ih podatkov, imate pravico, da to soglasje prekli\u010dete in izbri\u0161ete svoje osebne podatke.<\/li>\n                <li>Pravica do prenosa va\u0161ih podatkov: Imate pravico, da od upravljavca zahtevate vse svoje osebne podatke in jih v celoti prenesete na drugega upravljavca.<\/li>\n                <li>Pravica do ugovora: lahko ugovarjate obdelavi va\u0161ih podatkov. To upo\u0161tevamo, razen \u010de obstajajo upravi\u010deni razlogi za obdelavo.<\/li>\n            <\/ul><p>Prosimo, da vedno jasno navedete, kdo ste, da bomo lahko prepri\u010dani, da ne bomo spremenili ali izbrisali nobenih podatkov napa\u010dne osebe.<\/p><h2>9. Vlo\u017eitev prito\u017ebe<\/h2><p>\u010ce niste zadovoljni z na\u010dinom, na katerega obravnavamo (prito\u017ebo glede) obdelave va\u0161ih osebnih podatkov, imate pravico vlo\u017eiti prito\u017ebo pri organu za varstvo podatkov.<\/p><h2>10. Kontaktni podatki<\/h2><p>Conseil des Architectes d\u2019Europe AISBL<br \/>\n        29 Rue Paul Emile Janson (angle\u0161\u010dina).<br \/>\nB-1050 Bruselj, Belgija<br \/>\n        Belgija<br \/>\n        Spletna stran: <a href=\"https:\/\/ace-cae.eu\/sl\">https:\/\/ace-cae.eu\/sl<\/a> <br \/>\n        E-naslov: <span class=\"cmplz-obfuscate\">in&#102;&#111;@<span class=\"cmplz-fmail-domain\">&#101;x.c&#111;&#109;<\/span>&#097;&#099;&#101;-&#099;&#097;&#101;.eu<\/span> <br \/>\n        Telefonska \u0161tevilka: +32 2 543 11 40<\/p><h2>11. Zahtevki za podatke<\/h2><p>Pri najpogosteje oddanih zahtevkih vam ponujamo tudi mo\u017enost uporabe na\u0161ega obrazca za zahtevek za podatke.<br \/>\t\t\t<div class=\"cmplz-datarequest cmplz-alert\">\n\t\t\t\t<span class=\"cmplz-close\">\u00d7<\/span>\n\t\t\t\t<span id=\"cmplz-message\"><\/span>\n\t\t\t<\/div>\n\t\t\t<form id=\"cmplz-datarequest-form\" action=\"\">\n\t\t\t\t<input type=\"hidden\" required value=\"eu\" name=\"cmplz_datarequest_region\" id=\"cmplz_datarequest_region\" >\n\n\t\t\t\t<label for=\"cmplz_datarequest_firstname\" class=\"cmplz-first-name\">Ime\t\t\t\t\t<input type=\"search\" class=\"datarequest-firstname\" value=\"\" placeholder=\"va\u0161e ime\" id=\"cmplz_datarequest_firstname\" name=\"cmplz_datarequest_firstname\" >\n\t\t\t\t<\/label>\n\t\t\t\t<div>\n\t\t\t\t\t<label for=\"cmplz_datarequest_name\">Ime<\/label>\n\t\t\t\t\t<input type=\"text\" required value=\"\" placeholder=\"Your name\" id=\"cmplz_datarequest_name\" name=\"cmplz_datarequest_name\">\n\t\t\t\t<\/div>\n\t\t\t\t<div>\n\t\t\t\t\t<label for=\"cmplz_datarequest_email\">E-po\u0161ta<\/label>\n\t\t\t\t\t<input type=\"email\" required value=\"\" placeholder=\"email@email.com\" id=\"cmplz_datarequest_email\" name=\"cmplz_datarequest_email\">\n\t\t\t\t<\/div>\n\t\t\t\t\t\t\t\t\t\t<div class=\"cmplz_datarequest cmplz_datarequest_request_for_access\">\n\t\t\t\t\t\t\t<label for=\"cmplz_datarequest_request_for_access\">\n\t\t\t\t\t\t\t\t<input type=\"checkbox\" value=\"1\" name=\"cmplz_datarequest_request_for_access\" id=\"cmplz_datarequest_request_for_access\"\/>\n\t\t\t\t\t\t\t\tSubmit a request for access to the data we process about you.\t\t\t\t\t\t\t<\/label>\n\t\t\t\t\t\t<\/div>\n\t\t\t\t\t\t\t\t\t\t<div class=\"cmplz_datarequest cmplz_datarequest_right_to_be_forgotten\">\n\t\t\t\t\t\t\t<label for=\"cmplz_datarequest_right_to_be_forgotten\">\n\t\t\t\t\t\t\t\t<input type=\"checkbox\" value=\"1\" name=\"cmplz_datarequest_right_to_be_forgotten\" id=\"cmplz_datarequest_right_to_be_forgotten\"\/>\n\t\t\t\t\t\t\t\tSubmit a request for deletion of the data if it is no longer relevant.\t\t\t\t\t\t\t<\/label>\n\t\t\t\t\t\t<\/div>\n\t\t\t\t\t\t\t\t\t\t<div class=\"cmplz_datarequest cmplz_datarequest_right_to_data_portability\">\n\t\t\t\t\t\t\t<label for=\"cmplz_datarequest_right_to_data_portability\">\n\t\t\t\t\t\t\t\t<input type=\"checkbox\" value=\"1\" name=\"cmplz_datarequest_right_to_data_portability\" id=\"cmplz_datarequest_right_to_data_portability\"\/>\n\t\t\t\t\t\t\t\tSubmit a request to receive an export file of the data we process about you.\t\t\t\t\t\t\t<\/label>\n\t\t\t\t\t\t<\/div>\n\t\t\t\t\t\t\t\t<input type=\"button\" id=\"cmplz-datarequest-submit\"  value=\"Po\u0161lji\">\n\t\t\t<input type=\"hidden\" name=\"etm-form-language\" value=\"sl\"\/><\/form>\n\n\t\t\t<style>\n\t\t\t\t\/* first-name is honeypot *\/\n\t\t\t\t.cmplz-first-name {\n\t\t\t\t\tposition: absolute !important;\n\t\t\t\t\tleft: -5000px !important;\n\t\t\t\t}\n\t\t\t<\/style>\n\t\t\t<\/p><\/div><\/div>","protected":false},"excerpt":{"rendered":"","protected":false},"author":4,"featured_media":0,"parent":0,"menu_order":0,"comment_status":"closed","ping_status":"closed","template":"","meta":{"inline_featured_image":false,"footnotes":""},"thematic-scope":[],"class_list":["post-866","page","type-page","status-publish","hentry"],"yoast_head":"<!-- This site is optimized with the Yoast SEO Premium plugin v25.3 (Yoast SEO v27.4) - https:\/\/yoast.com\/product\/yoast-seo-premium-wordpress\/ -->\n<title>Privacy Statement (EU) - Architects&#039; Council of Europe<\/title>\n<meta name=\"robots\" content=\"index, follow, max-snippet:-1, max-image-preview:large, max-video-preview:-1\" \/>\n<link rel=\"canonical\" href=\"https:\/\/ace-cae.eu\/sl\/privacy-statement-eu\/\" \/>\n<meta property=\"og:locale\" content=\"sl_SI\" \/>\n<meta property=\"og:type\" content=\"article\" \/>\n<meta property=\"og:title\" content=\"Privacy Statement (EU)\" \/>\n<meta property=\"og:url\" content=\"https:\/\/ace-cae.eu\/sl\/privacy-statement-eu\/\" \/>\n<meta property=\"og:site_name\" content=\"Architects&#039; Council of Europe\" \/>\n<meta property=\"article:publisher\" content=\"https:\/\/www.facebook.com\/ArchitectsEU\" \/>\n<meta property=\"article:modified_time\" content=\"2024-12-05T16:23:51+00:00\" \/>\n<meta property=\"og:image\" content=\"https:\/\/ace-cae.eu\/wp-content\/uploads\/2024\/12\/ace-cae-sm.jpg\" \/>\n\t<meta property=\"og:image:width\" content=\"2667\" \/>\n\t<meta property=\"og:image:height\" content=\"1500\" \/>\n\t<meta property=\"og:image:type\" content=\"image\/jpeg\" \/>\n<meta name=\"twitter:card\" content=\"summary_large_image\" \/>\n<meta name=\"twitter:site\" content=\"@Ace_Cae\" \/>\n<script type=\"application\/ld+json\" class=\"yoast-schema-graph\">{\"@context\":\"https:\\\/\\\/schema.org\",\"@graph\":[{\"@type\":\"WebPage\",\"@id\":\"https:\\\/\\\/ace-cae.eu\\\/privacy-statement-eu\\\/\",\"url\":\"https:\\\/\\\/ace-cae.eu\\\/privacy-statement-eu\\\/\",\"name\":\"Privacy Statement (EU) - Architects&#039; Council of Europe\",\"isPartOf\":{\"@id\":\"https:\\\/\\\/ace-cae.eu\\\/#website\"},\"datePublished\":\"2024-11-21T10:25:30+00:00\",\"dateModified\":\"2024-12-05T16:23:51+00:00\",\"breadcrumb\":{\"@id\":\"https:\\\/\\\/ace-cae.eu\\\/privacy-statement-eu\\\/#breadcrumb\"},\"inLanguage\":\"sl-SI\",\"potentialAction\":[{\"@type\":\"ReadAction\",\"target\":[\"https:\\\/\\\/ace-cae.eu\\\/privacy-statement-eu\\\/\"]}]},{\"@type\":\"BreadcrumbList\",\"@id\":\"https:\\\/\\\/ace-cae.eu\\\/privacy-statement-eu\\\/#breadcrumb\",\"itemListElement\":[{\"@type\":\"ListItem\",\"position\":1,\"name\":\"Home\",\"item\":\"https:\\\/\\\/ace-cae.eu\\\/\"},{\"@type\":\"ListItem\",\"position\":2,\"name\":\"Privacy Statement (EU)\"}]},{\"@type\":\"WebSite\",\"@id\":\"https:\\\/\\\/ace-cae.eu\\\/#website\",\"url\":\"https:\\\/\\\/ace-cae.eu\\\/\",\"name\":\"Architects' Council of Europe\",\"description\":\"High-quality architecture and living environments for all.\",\"publisher\":{\"@id\":\"https:\\\/\\\/ace-cae.eu\\\/#organization\"},\"alternateName\":\"ACE-CAE\",\"potentialAction\":[{\"@type\":\"SearchAction\",\"target\":{\"@type\":\"EntryPoint\",\"urlTemplate\":\"https:\\\/\\\/ace-cae.eu\\\/?s={search_term_string}\"},\"query-input\":{\"@type\":\"PropertyValueSpecification\",\"valueRequired\":true,\"valueName\":\"search_term_string\"}}],\"inLanguage\":\"sl-SI\"},{\"@type\":\"Organization\",\"@id\":\"https:\\\/\\\/ace-cae.eu\\\/#organization\",\"name\":\"Architects' Council of Europe\",\"alternateName\":\"ACE-CAE\",\"url\":\"https:\\\/\\\/ace-cae.eu\\\/\",\"logo\":{\"@type\":\"ImageObject\",\"inLanguage\":\"sl-SI\",\"@id\":\"https:\\\/\\\/ace-cae.eu\\\/#\\\/schema\\\/logo\\\/image\\\/\",\"url\":\"https:\\\/\\\/ace-cae.eu\\\/wp-content\\\/uploads\\\/2024\\\/12\\\/logo.svg\",\"contentUrl\":\"https:\\\/\\\/ace-cae.eu\\\/wp-content\\\/uploads\\\/2024\\\/12\\\/logo.svg\",\"width\":136,\"height\":42,\"caption\":\"Architects' Council of Europe\"},\"image\":{\"@id\":\"https:\\\/\\\/ace-cae.eu\\\/#\\\/schema\\\/logo\\\/image\\\/\"},\"sameAs\":[\"https:\\\/\\\/www.facebook.com\\\/ArchitectsEU\",\"https:\\\/\\\/x.com\\\/Ace_Cae\",\"https:\\\/\\\/www.linkedin.com\\\/company\\\/architects-council-of-europe-ace-\",\"https:\\\/\\\/www.instagram.com\\\/ace.archi.eu\\\/\",\"https:\\\/\\\/www.youtube.com\\\/@architectscouncilofeurope-8375\"],\"description\":\"The Architects\u2019 Council of Europe (ACE) is the representative organisation for the architecture at European level. Its growing membership currently consists of 52 Member Organisations, which are the regulatory and professional representative bodies in all EU Member States, Accession Countries, the UK, Switzerland and Norway, and 6 Observers Members \u2013 Serbia, Kosovo, Ukraine, Montenegro, Macedonia and Moldova. Through them, for 30 years, the ACE represents the interests of over half a million architects from 36 countries in Europe.\",\"email\":\"info@ace-cae.eu\",\"telephone\":\"+32 2 543 11 40\",\"legalName\":\"Conseil des Architectes d\u2019Europe AISBL\",\"foundingDate\":\"1900-05-11\",\"vatID\":\"BE 0464 884 970\",\"ownershipFundingInfo\":\"https:\\\/\\\/ace-cae.eu\\\/imprint\\\/\"}]}<\/script>\n<!-- \/ Yoast SEO Premium plugin. -->","yoast_head_json":{"title":"Privacy Statement (EU) - Architects&#039; Council of Europe","robots":{"index":"index","follow":"follow","max-snippet":"max-snippet:-1","max-image-preview":"max-image-preview:large","max-video-preview":"max-video-preview:-1"},"canonical":"https:\/\/ace-cae.eu\/sl\/privacy-statement-eu\/","og_locale":"sl_SI","og_type":"article","og_title":"Privacy Statement (EU)","og_url":"https:\/\/ace-cae.eu\/sl\/privacy-statement-eu\/","og_site_name":"Architects&#039; Council of Europe","article_publisher":"https:\/\/www.facebook.com\/ArchitectsEU","article_modified_time":"2024-12-05T16:23:51+00:00","og_image":[{"width":2667,"height":1500,"url":"https:\/\/ace-cae.eu\/wp-content\/uploads\/2024\/12\/ace-cae-sm.jpg","type":"image\/jpeg"}],"twitter_card":"summary_large_image","twitter_site":"@Ace_Cae","schema":{"@context":"https:\/\/schema.org","@graph":[{"@type":"WebPage","@id":"https:\/\/ace-cae.eu\/privacy-statement-eu\/","url":"https:\/\/ace-cae.eu\/privacy-statement-eu\/","name":"Privacy Statement (EU) - Architects&#039; Council of Europe","isPartOf":{"@id":"https:\/\/ace-cae.eu\/#website"},"datePublished":"2024-11-21T10:25:30+00:00","dateModified":"2024-12-05T16:23:51+00:00","breadcrumb":{"@id":"https:\/\/ace-cae.eu\/privacy-statement-eu\/#breadcrumb"},"inLanguage":"sl-SI","potentialAction":[{"@type":"ReadAction","target":["https:\/\/ace-cae.eu\/privacy-statement-eu\/"]}]},{"@type":"BreadcrumbList","@id":"https:\/\/ace-cae.eu\/privacy-statement-eu\/#breadcrumb","itemListElement":[{"@type":"ListItem","position":1,"name":"Home","item":"https:\/\/ace-cae.eu\/"},{"@type":"ListItem","position":2,"name":"Privacy Statement (EU)"}]},{"@type":"WebSite","@id":"https:\/\/ace-cae.eu\/#website","url":"https:\/\/ace-cae.eu\/","name":"Architects' Council of Europe","description":"High-quality architecture and living environments for all.","publisher":{"@id":"https:\/\/ace-cae.eu\/#organization"},"alternateName":"ACE-CAE","potentialAction":[{"@type":"SearchAction","target":{"@type":"EntryPoint","urlTemplate":"https:\/\/ace-cae.eu\/?s={search_term_string}"},"query-input":{"@type":"PropertyValueSpecification","valueRequired":true,"valueName":"search_term_string"}}],"inLanguage":"sl-SI"},{"@type":"Organization","@id":"https:\/\/ace-cae.eu\/#organization","name":"Architects' Council of Europe","alternateName":"ACE-CAE","url":"https:\/\/ace-cae.eu\/","logo":{"@type":"ImageObject","inLanguage":"sl-SI","@id":"https:\/\/ace-cae.eu\/#\/schema\/logo\/image\/","url":"https:\/\/ace-cae.eu\/wp-content\/uploads\/2024\/12\/logo.svg","contentUrl":"https:\/\/ace-cae.eu\/wp-content\/uploads\/2024\/12\/logo.svg","width":136,"height":42,"caption":"Architects' Council of Europe"},"image":{"@id":"https:\/\/ace-cae.eu\/#\/schema\/logo\/image\/"},"sameAs":["https:\/\/www.facebook.com\/ArchitectsEU","https:\/\/x.com\/Ace_Cae","https:\/\/www.linkedin.com\/company\/architects-council-of-europe-ace-","https:\/\/www.instagram.com\/ace.archi.eu\/","https:\/\/www.youtube.com\/@architectscouncilofeurope-8375"],"description":"The Architects\u2019 Council of Europe (ACE) is the representative organisation for the architecture at European level. Its growing membership currently consists of 52 Member Organisations, which are the regulatory and professional representative bodies in all EU Member States, Accession Countries, the UK, Switzerland and Norway, and 6 Observers Members \u2013 Serbia, Kosovo, Ukraine, Montenegro, Macedonia and Moldova. Through them, for 30 years, the ACE represents the interests of over half a million architects from 36 countries in Europe.","email":"info@ace-cae.eu","telephone":"+32 2 543 11 40","legalName":"Conseil des Architectes d\u2019Europe AISBL","foundingDate":"1900-05-11","vatID":"BE 0464 884 970","ownershipFundingInfo":"https:\/\/ace-cae.eu\/imprint\/"}]}},"_links":{"self":[{"href":"https:\/\/ace-cae.eu\/sl\/wp-json\/wp\/v2\/pages\/866","targetHints":{"allow":["GET"]}}],"collection":[{"href":"https:\/\/ace-cae.eu\/sl\/wp-json\/wp\/v2\/pages"}],"about":[{"href":"https:\/\/ace-cae.eu\/sl\/wp-json\/wp\/v2\/types\/page"}],"author":[{"embeddable":true,"href":"https:\/\/ace-cae.eu\/sl\/wp-json\/wp\/v2\/users\/4"}],"replies":[{"embeddable":true,"href":"https:\/\/ace-cae.eu\/sl\/wp-json\/wp\/v2\/comments?post=866"}],"version-history":[{"count":0,"href":"https:\/\/ace-cae.eu\/sl\/wp-json\/wp\/v2\/pages\/866\/revisions"}],"wp:attachment":[{"href":"https:\/\/ace-cae.eu\/sl\/wp-json\/wp\/v2\/media?parent=866"}],"wp:term":[{"taxonomy":"thematic-scope","embeddable":true,"href":"https:\/\/ace-cae.eu\/sl\/wp-json\/wp\/v2\/thematic-scope?post=866"}],"curies":[{"name":"wp","href":"https:\/\/api.w.org\/{rel}","templated":true}]}}