{"id":866,"date":"2024-11-21T10:25:30","date_gmt":"2024-11-21T10:25:30","guid":{"rendered":"https:\/\/ace-cae.eu\/privacy-statement-eu\/"},"modified":"2024-12-05T16:23:51","modified_gmt":"2024-12-05T16:23:51","slug":"privacy-statement-eu","status":"publish","type":"page","link":"https:\/\/ace-cae.eu\/ro\/privacy-statement-eu\/","title":{"rendered":"Declara\u021bie de confiden\u021bialitate (UE)"},"content":{"rendered":"<div class=\"wp-block-ace-section ace-section\">\n<!-- Legal document generated by Complianz | GDPR\/CCPA Cookie Consent https:\/\/wordpress.org\/plugins\/complianz-gdpr -->\n<div id=\"cmplz-document\" class=\"cmplz-document privacy-statement cmplz-document-eu\"><p><i>This privacy statement was last updated on decembrie 6, 2024 and applies to citizens and legal permanent residents of the European Economic Area and Switzerland.<\/i><br \/><br \/><\/p><p><p>\u00cen aceast\u0103 declara\u021bie de confiden\u021bialitate, v\u0103 explic\u0103m ce facem cu datele pe care le ob\u021binem despre dvs. prin intermediul <a href=\"https:\/\/ace-cae.eu\/ro\">https:\/\/ace-cae.eu\/ro<\/a>. V\u0103 recomand\u0103m s\u0103 citi\u021bi cu aten\u021bie aceast\u0103 declara\u021bie. \u00cen prelucrarea noastr\u0103 respect\u0103m cerin\u021bele legisla\u021biei privind confiden\u021bialitatea. Aceasta \u00eenseamn\u0103, printre altele, c\u0103:<\/p><ul>\n                <li>men\u021bion\u0103m \u00een mod clar scopurile pentru care prelucr\u0103m datele cu caracter personal. Facem acest lucru prin intermediul acestei declara\u021bii de confiden\u021bialitate;<\/li>\n                <li>ne propunem s\u0103 limit\u0103m colectarea datelor cu caracter personal numai la datele cu caracter personal necesare \u00een scopuri legitime;<\/li>\n                <li>solicit\u0103m mai \u00eent\u00e2i consim\u021b\u0103m\u00e2ntul dvs. explicit pentru prelucrarea datelor dvs. cu caracter personal \u00een cazurile \u00een care este necesar consim\u021b\u0103m\u00e2ntul dvs.;<\/li>\n                <li>lu\u0103m m\u0103surile de securitate adecvate pentru a v\u0103 proteja datele cu caracter personal \u0219i, de asemenea, solicit\u0103m acest lucru de la p\u0103r\u021bile care prelucreaz\u0103 date cu caracter personal \u00een numele nostru;<\/li>\n                <li>Respect\u0103m dreptul dvs. de a accesa datele dvs. personale sau de a le corecta sau \u0219terge, la cererea dvs.<\/li>\n            <\/ul><p>Dac\u0103 ave\u021bi \u00eentreb\u0103ri sau dori\u021bi s\u0103 \u0219ti\u021bi exact ce date p\u0103str\u0103m despre dvs., v\u0103 rug\u0103m s\u0103 ne contacta\u021bi.<\/p><\/p><h2>1. Scopul, datele \u0219i perioada de p\u0103strare<\/h2>Putem colecta sau primi informa\u021bii personale pentru o serie de scopuri legate de opera\u021biunile noastre de afaceri, care pot include urm\u0103toarele: (click pentru a extinde)<details class=\"cmplz-dropdown dropdown-privacy-statement\"><summary><div><h3>1.1 Contact \u2013 prin telefon, po\u0219t\u0103, e-mail \u0219i\/sau formulare web<\/h3><\/div><\/summary><p class=\"cmplz-subtitle\">\u00cen acest scop folosim urm\u0103toarele date:<\/p><p><ul><li>Un prenume \u0219i un nume de familie<\/li><li>Numele contului sau pseudonimul<\/li><li>O adres\u0103 de e-mail<\/li><li>Un num\u0103r de telefon<\/li><li>Adres\u0103 IP<\/li><\/ul><\/p><p class=\"cmplz-subtitle\">Baza pe care putem procesa aceste date este:<\/p><p><a target=\"_blank\" rel=\"noopener noreferrer nofollow\" href=\"https:\/\/cookiedatabase.org\/legal-bases\/#consent\">Dup\u0103 acordarea consim\u021b\u0103m\u00e2ntului.<\/a><\/p><p class=\"cmplz-subtitle\">Perioada de p\u0103strare<\/p><p>P\u0103str\u0103m aceste date p\u00e2n\u0103 la terminarea serviciului.<\/p><\/details><details class=\"cmplz-dropdown dropdown-privacy-statement\"><summary><div><h3>1.2 \u00cenregistrarea unui cont<\/h3><\/div><\/summary><p class=\"cmplz-subtitle\">\u00cen acest scop folosim urm\u0103toarele date:<\/p><p><ul><li>Un prenume \u0219i un nume de familie<\/li><li>Numele contului sau pseudonimul<\/li><li>O adres\u0103 de e-mail<\/li><li>Un num\u0103r de telefon<\/li><\/ul><\/p><p class=\"cmplz-subtitle\">Baza pe care putem procesa aceste date este:<\/p><p><a target=\"_blank\" rel=\"noopener noreferrer nofollow\" href=\"https:\/\/cookiedatabase.org\/legal-bases\/#consent\">Dup\u0103 acordarea consim\u021b\u0103m\u00e2ntului.<\/a><\/p><p class=\"cmplz-subtitle\">Perioada de p\u0103strare<\/p><p>P\u0103str\u0103m aceste date p\u00e2n\u0103 la terminarea serviciului.<\/p><\/details><details class=\"cmplz-dropdown dropdown-privacy-statement\"><summary><div><h3>1.3 Buletine informative<\/h3><\/div><\/summary><p class=\"cmplz-subtitle\">\u00cen acest scop folosim urm\u0103toarele date:<\/p><p><ul><li>Un prenume \u0219i un nume de familie<\/li><li>O adres\u0103 de e-mail<\/li><\/ul><\/p><p class=\"cmplz-subtitle\">Baza pe care putem procesa aceste date este:<\/p><p><a target=\"_blank\" rel=\"noopener noreferrer nofollow\" href=\"https:\/\/cookiedatabase.org\/legal-bases\/#consent\">Dup\u0103 acordarea consim\u021b\u0103m\u00e2ntului.<\/a><\/p><p class=\"cmplz-subtitle\">Perioada de p\u0103strare<\/p><p>P\u0103str\u0103m aceste date p\u00e2n\u0103 la terminarea serviciului.<\/p><\/details><details class=\"cmplz-dropdown dropdown-privacy-statement\"><summary><div><h3>1.4 Compilarea \u0219i analizarea statisticilor pentru \u00eembun\u0103t\u0103\u021birea site-ului web.<\/h3><\/div><\/summary><p class=\"cmplz-subtitle\">\u00cen acest scop folosim urm\u0103toarele date:<\/p><p><ul><li>Adres\u0103 IP<\/li><li>Date de geolocalizare<\/li><\/ul><\/p><p class=\"cmplz-subtitle\">Baza pe care putem procesa aceste date este:<\/p><p><a target=\"_blank\" rel=\"noopener noreferrer nofollow\" href=\"https:\/\/cookiedatabase.org\/legal-bases\/#consent\">Dup\u0103 acordarea consim\u021b\u0103m\u00e2ntului.<\/a><\/p><p class=\"cmplz-subtitle\">Perioada de p\u0103strare<\/p><p>P\u0103str\u0103m aceste date p\u00e2n\u0103 la terminarea serviciului.<\/p><\/details><h2>2. Partajarea cu alte p\u0103r\u021bi<\/h2><p>\u00cemp\u0103rt\u0103\u0219im sau dezv\u0103luim aceste date procesatorilor numai \u00een urm\u0103toarele scopuri:<\/p><h2>3. Cookie-uri<\/h2><p>Site-ul nostru utilizeaz\u0103 cookie-uri. Pentru mai multe informa\u021bii despre cookie-uri, v\u0103 rug\u0103m s\u0103 consulta\u021bi site-ul nostru. <a href=\"https:\/\/ace-cae.eu\/ro\/cookie-policy-eu\/\">Politica privind cookie-urile<\/a>.&nbsp;<\/p><h2>4. Practici de divulgare a informa\u021biilor<\/h2><p><p>Dezv\u0103luim informa\u021bii personale dac\u0103 suntem obliga\u021bi prin lege sau printr-un ordin judec\u0103toresc, ca r\u0103spuns la o agen\u021bie de aplicare a legii, \u00een m\u0103sura permis\u0103 de alte dispozi\u021bii ale legii, s\u0103 furniz\u0103m informa\u021bii sau pentru o investiga\u021bie \u00eentr-o chestiune legat\u0103 de siguran\u021ba public\u0103.<\/p><p>\u00cen cazul \u00een care site-ul sau organiza\u021bia noastr\u0103 este preluat\u0103, v\u00e2ndut\u0103 sau implicat\u0103 \u00eentr-o fuziune sau achizi\u021bie, detaliile dvs. pot fi dezv\u0103luite consilierilor no\u0219tri \u0219i oric\u0103ror cump\u0103r\u0103tori poten\u021biali \u0219i vor fi transmise noilor proprietari.<\/p><\/p><p>Am \u00eencheiat un acord de prelucrare a datelor cu Google.<\/p><p>Includerea adreselor IP complete este blocat\u0103 de noi.<\/p><h2>5. Securitate<\/h2><p>We are committed to the security of personal data. We take appropriate security measures to limit abuse of and unauthorized access to personal data. This ensures that only the necessary persons have access to your data, that access to the data is protected, and that our security measures are regularly reviewed.<\/p><h2>6. Site-uri web ale unor ter\u021be p\u0103r\u021bi<\/h2><p>Aceast\u0103 declara\u021bie de confiden\u021bialitate nu se aplic\u0103 site-urilor web ale unor ter\u021be p\u0103r\u021bi conectate prin link-uri de pe site-ul nostru. Nu putem garanta c\u0103 aceste ter\u021be p\u0103r\u021bi gestioneaz\u0103 datele dvs. personale \u00eentr-o manier\u0103 fiabil\u0103 sau sigur\u0103. V\u0103 recomand\u0103m s\u0103 citi\u021bi declara\u021biile de confiden\u021bialitate ale acestor site-uri web \u00eenainte de a utiliza aceste site-uri web.<\/p><h2>7. Modific\u0103ri ale acestei declara\u021bii de confiden\u021bialitate<\/h2><p>Ne rezerv\u0103m dreptul de a modifica aceast\u0103 declara\u021bie de confiden\u021bialitate. V\u0103 recomand\u0103m s\u0103 consulta\u021bi aceast\u0103 declara\u021bie de confiden\u021bialitate \u00een mod regulat pentru a fi la curent cu orice modific\u0103ri. \u00cen plus, v\u0103 vom informa \u00een mod activ ori de c\u00e2te ori este posibil.<\/p><h2>8. Accesarea \u0219i modificarea datelor dvs.<\/h2><p>Dac\u0103 ave\u021bi \u00eentreb\u0103ri sau dori\u021bi s\u0103 \u0219ti\u021bi ce date personale avem despre dvs., v\u0103 rug\u0103m s\u0103 ne contacta\u021bi. Ne pute\u021bi contacta folosind informa\u021biile de mai jos. Ave\u021bi urm\u0103toarele drepturi:<\/p><ul>\n                <li>Ave\u021bi dreptul s\u0103 \u0219ti\u021bi de ce sunt necesare datele dvs. personale, ce se va \u00eent\u00e2mpla cu acestea \u0219i c\u00e2t timp vor fi p\u0103strate.<\/li>\n                <li>Dreptul de acces: Ave\u021bi dreptul de a accesa datele dvs. personale care ne sunt cunoscute.<\/li>\n                <li>Dreptul la rectificare: ave\u021bi dreptul s\u0103 completa\u021bi, s\u0103 corecta\u021bi, s\u0103 \u0219terge\u021bi sau s\u0103 bloca\u021bi datele dvs. personale ori de c\u00e2te ori dori\u021bi.<\/li>\n                <li>Dac\u0103 ne da\u021bi consim\u021b\u0103m\u00e2ntul dvs. pentru prelucrarea datelor dvs., ave\u021bi dreptul s\u0103 revoca\u021bi acest consim\u021b\u0103m\u00e2nt \u0219i s\u0103 \u0219terge\u021bi datele dvs. personale.<\/li>\n                <li>Dreptul de a v\u0103 transfera datele: Ave\u021bi dreptul s\u0103 solicita\u021bi toate datele dvs. personale de la operator \u0219i s\u0103 le transfera\u021bi \u00een \u00eentregime unui alt operator.<\/li>\n                <li>Dreptul la opozi\u021bie: v\u0103 pute\u021bi opune prelucr\u0103rii datelor dumneavoastr\u0103. Respect\u0103m acest lucru, cu excep\u021bia cazului \u00een care exist\u0103 motive justificate pentru prelucrare.<\/li>\n            <\/ul><p>V\u0103 rug\u0103m s\u0103 v\u0103 asigura\u021bi c\u0103 indica\u021bi \u00eentotdeauna \u00een mod clar cine sunte\u021bi, astfel \u00eenc\u00e2t s\u0103 putem fi siguri c\u0103 nu modific\u0103m sau \u0219tergem datele persoanei gre\u0219ite.<\/p><h2>9. Depunerea unei reclama\u021bii<\/h2><p>Dac\u0103 nu sunte\u021bi mul\u021bumit de modul \u00een care trat\u0103m (o pl\u00e2ngere cu privire la) prelucrarea datelor dvs. personale, ave\u021bi dreptul s\u0103 depune\u021bi o pl\u00e2ngere la Autoritatea pentru Protec\u021bia Datelor.<\/p><h2>10. Date de contact<\/h2><p>Conseil des Architectes d\u2019Europe AISBL<br \/>\n        29 rue Paul Emile Janson<br \/>\nB-1050 Bruxelles, Belgia<br \/>\n        Belgia<br \/>\n        Site-ul internet: <a href=\"https:\/\/ace-cae.eu\/ro\">https:\/\/ace-cae.eu\/ro<\/a> <br \/>\n        Adres\u0103 de e-mail: <span class=\"cmplz-obfuscate\">info@<span class=\"cmplz-fmail-domain\">e&#120;.co&#109;<\/span>&#097;c&#101;&#045;cae&#046;&#101;u<\/span> <br \/>\n        Num\u0103r de telefon: +32 2 543 11 40<\/p><h2>11. Cereri de date<\/h2><p>Pentru cererile trimise cel mai frecvent, v\u0103 oferim, de asemenea, posibilitatea de a utiliza formularul nostru de solicitare a datelor.<br \/>\t\t\t<div class=\"cmplz-datarequest cmplz-alert\">\n\t\t\t\t<span class=\"cmplz-close\">\u00d7<\/span>\n\t\t\t\t<span id=\"cmplz-message\"><\/span>\n\t\t\t<\/div>\n\t\t\t<form id=\"cmplz-datarequest-form\" action=\"\">\n\t\t\t\t<input type=\"hidden\" required value=\"eu\" name=\"cmplz_datarequest_region\" id=\"cmplz_datarequest_region\" >\n\n\t\t\t\t<label for=\"cmplz_datarequest_firstname\" class=\"cmplz-first-name\">Nume\t\t\t\t\t<input type=\"search\" class=\"datarequest-firstname\" value=\"\" placeholder=\"prenumele\" id=\"cmplz_datarequest_firstname\" name=\"cmplz_datarequest_firstname\" >\n\t\t\t\t<\/label>\n\t\t\t\t<div>\n\t\t\t\t\t<label for=\"cmplz_datarequest_name\">Nume<\/label>\n\t\t\t\t\t<input type=\"text\" required value=\"\" placeholder=\"Your name\" id=\"cmplz_datarequest_name\" name=\"cmplz_datarequest_name\">\n\t\t\t\t<\/div>\n\t\t\t\t<div>\n\t\t\t\t\t<label for=\"cmplz_datarequest_email\">Email<\/label>\n\t\t\t\t\t<input type=\"email\" required value=\"\" placeholder=\"email@email.com\" id=\"cmplz_datarequest_email\" name=\"cmplz_datarequest_email\">\n\t\t\t\t<\/div>\n\t\t\t\t\t\t\t\t\t\t<div class=\"cmplz_datarequest cmplz_datarequest_request_for_access\">\n\t\t\t\t\t\t\t<label for=\"cmplz_datarequest_request_for_access\">\n\t\t\t\t\t\t\t\t<input type=\"checkbox\" value=\"1\" name=\"cmplz_datarequest_request_for_access\" id=\"cmplz_datarequest_request_for_access\"\/>\n\t\t\t\t\t\t\t\tSubmit a request for access to the data we process about you.\t\t\t\t\t\t\t<\/label>\n\t\t\t\t\t\t<\/div>\n\t\t\t\t\t\t\t\t\t\t<div class=\"cmplz_datarequest cmplz_datarequest_right_to_be_forgotten\">\n\t\t\t\t\t\t\t<label for=\"cmplz_datarequest_right_to_be_forgotten\">\n\t\t\t\t\t\t\t\t<input type=\"checkbox\" value=\"1\" name=\"cmplz_datarequest_right_to_be_forgotten\" id=\"cmplz_datarequest_right_to_be_forgotten\"\/>\n\t\t\t\t\t\t\t\tSubmit a request for deletion of the data if it is no longer relevant.\t\t\t\t\t\t\t<\/label>\n\t\t\t\t\t\t<\/div>\n\t\t\t\t\t\t\t\t\t\t<div class=\"cmplz_datarequest cmplz_datarequest_right_to_data_portability\">\n\t\t\t\t\t\t\t<label for=\"cmplz_datarequest_right_to_data_portability\">\n\t\t\t\t\t\t\t\t<input type=\"checkbox\" value=\"1\" name=\"cmplz_datarequest_right_to_data_portability\" id=\"cmplz_datarequest_right_to_data_portability\"\/>\n\t\t\t\t\t\t\t\tSubmit a request to receive an export file of the data we process about you.\t\t\t\t\t\t\t<\/label>\n\t\t\t\t\t\t<\/div>\n\t\t\t\t\t\t\t\t<input type=\"button\" id=\"cmplz-datarequest-submit\"  value=\"Trimite\u021bi\">\n\t\t\t<input type=\"hidden\" name=\"etm-form-language\" value=\"ro\"\/><\/form>\n\n\t\t\t<style>\n\t\t\t\t\/* first-name is honeypot *\/\n\t\t\t\t.cmplz-first-name {\n\t\t\t\t\tposition: absolute !important;\n\t\t\t\t\tleft: -5000px !important;\n\t\t\t\t}\n\t\t\t<\/style>\n\t\t\t<\/p><\/div><\/div>","protected":false},"excerpt":{"rendered":"","protected":false},"author":4,"featured_media":0,"parent":0,"menu_order":0,"comment_status":"closed","ping_status":"closed","template":"","meta":{"inline_featured_image":false,"footnotes":""},"thematic-scope":[],"class_list":["post-866","page","type-page","status-publish","hentry"],"yoast_head":"<!-- This site is optimized with the Yoast SEO Premium plugin v25.3 (Yoast SEO v27.4) - https:\/\/yoast.com\/product\/yoast-seo-premium-wordpress\/ -->\n<title>Privacy Statement (EU) - Architects&#039; Council of Europe<\/title>\n<meta name=\"robots\" content=\"index, follow, max-snippet:-1, max-image-preview:large, max-video-preview:-1\" \/>\n<link rel=\"canonical\" href=\"https:\/\/ace-cae.eu\/ro\/privacy-statement-eu\/\" \/>\n<meta property=\"og:locale\" content=\"ro_RO\" \/>\n<meta property=\"og:type\" content=\"article\" \/>\n<meta property=\"og:title\" content=\"Privacy Statement (EU)\" \/>\n<meta property=\"og:url\" content=\"https:\/\/ace-cae.eu\/ro\/privacy-statement-eu\/\" \/>\n<meta property=\"og:site_name\" content=\"Architects&#039; Council of Europe\" \/>\n<meta property=\"article:publisher\" content=\"https:\/\/www.facebook.com\/ArchitectsEU\" \/>\n<meta property=\"article:modified_time\" content=\"2024-12-05T16:23:51+00:00\" \/>\n<meta property=\"og:image\" content=\"https:\/\/ace-cae.eu\/wp-content\/uploads\/2024\/12\/ace-cae-sm.jpg\" \/>\n\t<meta property=\"og:image:width\" content=\"2667\" \/>\n\t<meta property=\"og:image:height\" content=\"1500\" \/>\n\t<meta property=\"og:image:type\" content=\"image\/jpeg\" \/>\n<meta name=\"twitter:card\" content=\"summary_large_image\" \/>\n<meta name=\"twitter:site\" content=\"@Ace_Cae\" \/>\n<script type=\"application\/ld+json\" class=\"yoast-schema-graph\">{\"@context\":\"https:\\\/\\\/schema.org\",\"@graph\":[{\"@type\":\"WebPage\",\"@id\":\"https:\\\/\\\/ace-cae.eu\\\/privacy-statement-eu\\\/\",\"url\":\"https:\\\/\\\/ace-cae.eu\\\/privacy-statement-eu\\\/\",\"name\":\"Privacy Statement (EU) - Architects&#039; Council of Europe\",\"isPartOf\":{\"@id\":\"https:\\\/\\\/ace-cae.eu\\\/#website\"},\"datePublished\":\"2024-11-21T10:25:30+00:00\",\"dateModified\":\"2024-12-05T16:23:51+00:00\",\"breadcrumb\":{\"@id\":\"https:\\\/\\\/ace-cae.eu\\\/privacy-statement-eu\\\/#breadcrumb\"},\"inLanguage\":\"ro-RO\",\"potentialAction\":[{\"@type\":\"ReadAction\",\"target\":[\"https:\\\/\\\/ace-cae.eu\\\/privacy-statement-eu\\\/\"]}]},{\"@type\":\"BreadcrumbList\",\"@id\":\"https:\\\/\\\/ace-cae.eu\\\/privacy-statement-eu\\\/#breadcrumb\",\"itemListElement\":[{\"@type\":\"ListItem\",\"position\":1,\"name\":\"Home\",\"item\":\"https:\\\/\\\/ace-cae.eu\\\/\"},{\"@type\":\"ListItem\",\"position\":2,\"name\":\"Privacy Statement (EU)\"}]},{\"@type\":\"WebSite\",\"@id\":\"https:\\\/\\\/ace-cae.eu\\\/#website\",\"url\":\"https:\\\/\\\/ace-cae.eu\\\/\",\"name\":\"Architects' Council of Europe\",\"description\":\"High-quality architecture and living environments for all.\",\"publisher\":{\"@id\":\"https:\\\/\\\/ace-cae.eu\\\/#organization\"},\"alternateName\":\"ACE-CAE\",\"potentialAction\":[{\"@type\":\"SearchAction\",\"target\":{\"@type\":\"EntryPoint\",\"urlTemplate\":\"https:\\\/\\\/ace-cae.eu\\\/?s={search_term_string}\"},\"query-input\":{\"@type\":\"PropertyValueSpecification\",\"valueRequired\":true,\"valueName\":\"search_term_string\"}}],\"inLanguage\":\"ro-RO\"},{\"@type\":\"Organization\",\"@id\":\"https:\\\/\\\/ace-cae.eu\\\/#organization\",\"name\":\"Architects' Council of Europe\",\"alternateName\":\"ACE-CAE\",\"url\":\"https:\\\/\\\/ace-cae.eu\\\/\",\"logo\":{\"@type\":\"ImageObject\",\"inLanguage\":\"ro-RO\",\"@id\":\"https:\\\/\\\/ace-cae.eu\\\/#\\\/schema\\\/logo\\\/image\\\/\",\"url\":\"https:\\\/\\\/ace-cae.eu\\\/wp-content\\\/uploads\\\/2024\\\/12\\\/logo.svg\",\"contentUrl\":\"https:\\\/\\\/ace-cae.eu\\\/wp-content\\\/uploads\\\/2024\\\/12\\\/logo.svg\",\"width\":136,\"height\":42,\"caption\":\"Architects' Council of Europe\"},\"image\":{\"@id\":\"https:\\\/\\\/ace-cae.eu\\\/#\\\/schema\\\/logo\\\/image\\\/\"},\"sameAs\":[\"https:\\\/\\\/www.facebook.com\\\/ArchitectsEU\",\"https:\\\/\\\/x.com\\\/Ace_Cae\",\"https:\\\/\\\/www.linkedin.com\\\/company\\\/architects-council-of-europe-ace-\",\"https:\\\/\\\/www.instagram.com\\\/ace.archi.eu\\\/\",\"https:\\\/\\\/www.youtube.com\\\/@architectscouncilofeurope-8375\"],\"description\":\"The Architects\u2019 Council of Europe (ACE) is the representative organisation for the architecture at European level. Its growing membership currently consists of 52 Member Organisations, which are the regulatory and professional representative bodies in all EU Member States, Accession Countries, the UK, Switzerland and Norway, and 6 Observers Members \u2013 Serbia, Kosovo, Ukraine, Montenegro, Macedonia and Moldova. Through them, for 30 years, the ACE represents the interests of over half a million architects from 36 countries in Europe.\",\"email\":\"info@ace-cae.eu\",\"telephone\":\"+32 2 543 11 40\",\"legalName\":\"Conseil des Architectes d\u2019Europe AISBL\",\"foundingDate\":\"1900-05-11\",\"vatID\":\"BE 0464 884 970\",\"ownershipFundingInfo\":\"https:\\\/\\\/ace-cae.eu\\\/imprint\\\/\"}]}<\/script>\n<!-- \/ Yoast SEO Premium plugin. -->","yoast_head_json":{"title":"Privacy Statement (EU) - Architects&#039; Council of Europe","robots":{"index":"index","follow":"follow","max-snippet":"max-snippet:-1","max-image-preview":"max-image-preview:large","max-video-preview":"max-video-preview:-1"},"canonical":"https:\/\/ace-cae.eu\/ro\/privacy-statement-eu\/","og_locale":"ro_RO","og_type":"article","og_title":"Privacy Statement (EU)","og_url":"https:\/\/ace-cae.eu\/ro\/privacy-statement-eu\/","og_site_name":"Architects&#039; Council of Europe","article_publisher":"https:\/\/www.facebook.com\/ArchitectsEU","article_modified_time":"2024-12-05T16:23:51+00:00","og_image":[{"width":2667,"height":1500,"url":"https:\/\/ace-cae.eu\/wp-content\/uploads\/2024\/12\/ace-cae-sm.jpg","type":"image\/jpeg"}],"twitter_card":"summary_large_image","twitter_site":"@Ace_Cae","schema":{"@context":"https:\/\/schema.org","@graph":[{"@type":"WebPage","@id":"https:\/\/ace-cae.eu\/privacy-statement-eu\/","url":"https:\/\/ace-cae.eu\/privacy-statement-eu\/","name":"Privacy Statement (EU) - Architects&#039; Council of Europe","isPartOf":{"@id":"https:\/\/ace-cae.eu\/#website"},"datePublished":"2024-11-21T10:25:30+00:00","dateModified":"2024-12-05T16:23:51+00:00","breadcrumb":{"@id":"https:\/\/ace-cae.eu\/privacy-statement-eu\/#breadcrumb"},"inLanguage":"ro-RO","potentialAction":[{"@type":"ReadAction","target":["https:\/\/ace-cae.eu\/privacy-statement-eu\/"]}]},{"@type":"BreadcrumbList","@id":"https:\/\/ace-cae.eu\/privacy-statement-eu\/#breadcrumb","itemListElement":[{"@type":"ListItem","position":1,"name":"Home","item":"https:\/\/ace-cae.eu\/"},{"@type":"ListItem","position":2,"name":"Privacy Statement (EU)"}]},{"@type":"WebSite","@id":"https:\/\/ace-cae.eu\/#website","url":"https:\/\/ace-cae.eu\/","name":"Architects' Council of Europe","description":"High-quality architecture and living environments for all.","publisher":{"@id":"https:\/\/ace-cae.eu\/#organization"},"alternateName":"ACE-CAE","potentialAction":[{"@type":"SearchAction","target":{"@type":"EntryPoint","urlTemplate":"https:\/\/ace-cae.eu\/?s={search_term_string}"},"query-input":{"@type":"PropertyValueSpecification","valueRequired":true,"valueName":"search_term_string"}}],"inLanguage":"ro-RO"},{"@type":"Organization","@id":"https:\/\/ace-cae.eu\/#organization","name":"Architects' Council of Europe","alternateName":"ACE-CAE","url":"https:\/\/ace-cae.eu\/","logo":{"@type":"ImageObject","inLanguage":"ro-RO","@id":"https:\/\/ace-cae.eu\/#\/schema\/logo\/image\/","url":"https:\/\/ace-cae.eu\/wp-content\/uploads\/2024\/12\/logo.svg","contentUrl":"https:\/\/ace-cae.eu\/wp-content\/uploads\/2024\/12\/logo.svg","width":136,"height":42,"caption":"Architects' Council of Europe"},"image":{"@id":"https:\/\/ace-cae.eu\/#\/schema\/logo\/image\/"},"sameAs":["https:\/\/www.facebook.com\/ArchitectsEU","https:\/\/x.com\/Ace_Cae","https:\/\/www.linkedin.com\/company\/architects-council-of-europe-ace-","https:\/\/www.instagram.com\/ace.archi.eu\/","https:\/\/www.youtube.com\/@architectscouncilofeurope-8375"],"description":"The Architects\u2019 Council of Europe (ACE) is the representative organisation for the architecture at European level. Its growing membership currently consists of 52 Member Organisations, which are the regulatory and professional representative bodies in all EU Member States, Accession Countries, the UK, Switzerland and Norway, and 6 Observers Members \u2013 Serbia, Kosovo, Ukraine, Montenegro, Macedonia and Moldova. Through them, for 30 years, the ACE represents the interests of over half a million architects from 36 countries in Europe.","email":"info@ace-cae.eu","telephone":"+32 2 543 11 40","legalName":"Conseil des Architectes d\u2019Europe AISBL","foundingDate":"1900-05-11","vatID":"BE 0464 884 970","ownershipFundingInfo":"https:\/\/ace-cae.eu\/imprint\/"}]}},"_links":{"self":[{"href":"https:\/\/ace-cae.eu\/ro\/wp-json\/wp\/v2\/pages\/866","targetHints":{"allow":["GET"]}}],"collection":[{"href":"https:\/\/ace-cae.eu\/ro\/wp-json\/wp\/v2\/pages"}],"about":[{"href":"https:\/\/ace-cae.eu\/ro\/wp-json\/wp\/v2\/types\/page"}],"author":[{"embeddable":true,"href":"https:\/\/ace-cae.eu\/ro\/wp-json\/wp\/v2\/users\/4"}],"replies":[{"embeddable":true,"href":"https:\/\/ace-cae.eu\/ro\/wp-json\/wp\/v2\/comments?post=866"}],"version-history":[{"count":0,"href":"https:\/\/ace-cae.eu\/ro\/wp-json\/wp\/v2\/pages\/866\/revisions"}],"wp:attachment":[{"href":"https:\/\/ace-cae.eu\/ro\/wp-json\/wp\/v2\/media?parent=866"}],"wp:term":[{"taxonomy":"thematic-scope","embeddable":true,"href":"https:\/\/ace-cae.eu\/ro\/wp-json\/wp\/v2\/thematic-scope?post=866"}],"curies":[{"name":"wp","href":"https:\/\/api.w.org\/{rel}","templated":true}]}}