{"id":869,"date":"2024-11-21T10:25:30","date_gmt":"2024-11-21T10:25:30","guid":{"rendered":"https:\/\/ace-cae.eu\/imprint\/"},"modified":"2024-12-05T16:24:34","modified_gmt":"2024-12-05T16:24:34","slug":"imprint","status":"publish","type":"page","link":"https:\/\/ace-cae.eu\/pt\/imprint\/","title":{"rendered":"Impress\u00e3o"},"content":{"rendered":"<div class=\"wp-block-ace-section ace-section\">\n<!-- Legal document generated by Complianz | GDPR\/CCPA Cookie Consent https:\/\/wordpress.org\/plugins\/complianz-gdpr -->\n<div id=\"cmplz-document\" class=\"cmplz-document impressum cmplz-document-all\"><p><i>This imprint was last updated on Dezembro 6, 2024.<\/i><\/p><p class=\"cmplz-subtitle\">O propriet\u00e1rio deste site \u00e9:<\/p><p>Conseil des Architectes d\u2019Europe AISBL AISBL (Associa\u00e7\u00e3o Internacional sem Fins Lucrativos sedeada na B\u00e9lgica)<br>Rua Paul Emile Janson, n.o 29<br \/>\nB-1050 Bruxelas, B\u00e9lgica<br>B\u00e9lgica<br>Endere\u00e7o eletr\u00f3nico:&nbsp;<span class=\"cmplz-obfuscate\">&#105;n&#102;o@<span class=\"cmplz-fmail-domain\">&#101;&#120;&#046;&#099;om<\/span>&#097;&#099;&#101;&#045;c&#097;e.&#101;&#117;<\/span><br>N\u00famero de telefone: +32 2 543 11 40<br>N\u00famero de identifica\u00e7\u00e3o para efeitos do IVA:\u00a0BE 0464 884 970<\/p><p class=\"cmplz-subtitle\">O(s) representante(s) legal(ais) do Conseil des Architectes d\u2019Europe AISBL AISBL (Associa\u00e7\u00e3o Internacional sem Fins Lucrativos sediada na B\u00e9lgica):<\/p><p>Ian Pritchard<\/p><h2>1. General<\/h2><p class=\"cmplz-subtitle\">1.1 We are registered at Brussels Enterprise Court and the Crossroads Bank for Enterprises. under the license or registration number:<\/p><p>BE 0464 884 970<\/p><p>N\u00e3o estamos dispostos ou obrigados a participar de procedimentos de resolu\u00e7\u00e3o de lit\u00edgios perante uma comiss\u00e3o de arbitragem de consumo.<\/p><h2>2. As seguintes informa\u00e7\u00f5es s\u00e3o obrigat\u00f3rias de acordo com a lei alem\u00e3.<\/h2><p class=\"cmplz-subtitle\">2.1 Wir stellen journalistische und redaktionell aufbereitete Inhalte zur Verf\u00fcgung (em ingl\u00eas).<\/p><p>Daher m\u00fcssen wir den Namen und den Wohnort der Person nennen, die f\u00fcr den Inhalt dieser S\u00edtio Web verantwortlich ist:<br \/><br \/>Verantwortlich f\u00fcr den Inhalt nach \u00a7 18 Abs. 2 MStV ist: Julie Deutschmann aus Belgian (em ingl\u00eas).<\/p><\/div><\/div>","protected":false},"excerpt":{"rendered":"","protected":false},"author":4,"featured_media":0,"parent":0,"menu_order":0,"comment_status":"closed","ping_status":"closed","template":"","meta":{"inline_featured_image":false,"footnotes":""},"thematic-scope":[],"class_list":["post-869","page","type-page","status-publish","hentry"],"yoast_head":"<!-- This site is optimized with the Yoast SEO Premium plugin v25.3 (Yoast SEO v27.4) - https:\/\/yoast.com\/product\/yoast-seo-premium-wordpress\/ -->\n<title>Imprint - Architects&#039; Council of Europe<\/title>\n<meta name=\"robots\" content=\"index, follow, max-snippet:-1, max-image-preview:large, max-video-preview:-1\" \/>\n<link rel=\"canonical\" href=\"https:\/\/ace-cae.eu\/pt\/imprint\/\" \/>\n<meta property=\"og:locale\" content=\"pt_PT\" \/>\n<meta property=\"og:type\" content=\"article\" \/>\n<meta property=\"og:title\" content=\"Imprint\" \/>\n<meta property=\"og:url\" content=\"https:\/\/ace-cae.eu\/pt\/imprint\/\" \/>\n<meta property=\"og:site_name\" content=\"Architects&#039; Council of Europe\" \/>\n<meta property=\"article:publisher\" content=\"https:\/\/www.facebook.com\/ArchitectsEU\" \/>\n<meta property=\"article:modified_time\" content=\"2024-12-05T16:24:34+00:00\" \/>\n<meta property=\"og:image\" content=\"https:\/\/ace-cae.eu\/wp-content\/uploads\/2024\/12\/ace-cae-sm.jpg\" \/>\n\t<meta property=\"og:image:width\" content=\"2667\" \/>\n\t<meta property=\"og:image:height\" content=\"1500\" \/>\n\t<meta property=\"og:image:type\" content=\"image\/jpeg\" \/>\n<meta name=\"twitter:card\" content=\"summary_large_image\" \/>\n<meta name=\"twitter:site\" content=\"@Ace_Cae\" \/>\n<script type=\"application\/ld+json\" class=\"yoast-schema-graph\">{\"@context\":\"https:\\\/\\\/schema.org\",\"@graph\":[{\"@type\":\"WebPage\",\"@id\":\"https:\\\/\\\/ace-cae.eu\\\/imprint\\\/\",\"url\":\"https:\\\/\\\/ace-cae.eu\\\/imprint\\\/\",\"name\":\"Imprint - Architects&#039; Council of Europe\",\"isPartOf\":{\"@id\":\"https:\\\/\\\/ace-cae.eu\\\/#website\"},\"datePublished\":\"2024-11-21T10:25:30+00:00\",\"dateModified\":\"2024-12-05T16:24:34+00:00\",\"breadcrumb\":{\"@id\":\"https:\\\/\\\/ace-cae.eu\\\/imprint\\\/#breadcrumb\"},\"inLanguage\":\"pt-PT\",\"potentialAction\":[{\"@type\":\"ReadAction\",\"target\":[\"https:\\\/\\\/ace-cae.eu\\\/imprint\\\/\"]}]},{\"@type\":\"BreadcrumbList\",\"@id\":\"https:\\\/\\\/ace-cae.eu\\\/imprint\\\/#breadcrumb\",\"itemListElement\":[{\"@type\":\"ListItem\",\"position\":1,\"name\":\"Home\",\"item\":\"https:\\\/\\\/ace-cae.eu\\\/\"},{\"@type\":\"ListItem\",\"position\":2,\"name\":\"Imprint\"}]},{\"@type\":\"WebSite\",\"@id\":\"https:\\\/\\\/ace-cae.eu\\\/#website\",\"url\":\"https:\\\/\\\/ace-cae.eu\\\/\",\"name\":\"Architects' Council of Europe\",\"description\":\"High-quality architecture and living environments for all.\",\"publisher\":{\"@id\":\"https:\\\/\\\/ace-cae.eu\\\/#organization\"},\"alternateName\":\"ACE-CAE\",\"potentialAction\":[{\"@type\":\"SearchAction\",\"target\":{\"@type\":\"EntryPoint\",\"urlTemplate\":\"https:\\\/\\\/ace-cae.eu\\\/?s={search_term_string}\"},\"query-input\":{\"@type\":\"PropertyValueSpecification\",\"valueRequired\":true,\"valueName\":\"search_term_string\"}}],\"inLanguage\":\"pt-PT\"},{\"@type\":\"Organization\",\"@id\":\"https:\\\/\\\/ace-cae.eu\\\/#organization\",\"name\":\"Architects' Council of Europe\",\"alternateName\":\"ACE-CAE\",\"url\":\"https:\\\/\\\/ace-cae.eu\\\/\",\"logo\":{\"@type\":\"ImageObject\",\"inLanguage\":\"pt-PT\",\"@id\":\"https:\\\/\\\/ace-cae.eu\\\/#\\\/schema\\\/logo\\\/image\\\/\",\"url\":\"https:\\\/\\\/ace-cae.eu\\\/wp-content\\\/uploads\\\/2024\\\/12\\\/logo.svg\",\"contentUrl\":\"https:\\\/\\\/ace-cae.eu\\\/wp-content\\\/uploads\\\/2024\\\/12\\\/logo.svg\",\"width\":136,\"height\":42,\"caption\":\"Architects' Council of Europe\"},\"image\":{\"@id\":\"https:\\\/\\\/ace-cae.eu\\\/#\\\/schema\\\/logo\\\/image\\\/\"},\"sameAs\":[\"https:\\\/\\\/www.facebook.com\\\/ArchitectsEU\",\"https:\\\/\\\/x.com\\\/Ace_Cae\",\"https:\\\/\\\/www.linkedin.com\\\/company\\\/architects-council-of-europe-ace-\",\"https:\\\/\\\/www.instagram.com\\\/ace.archi.eu\\\/\",\"https:\\\/\\\/www.youtube.com\\\/@architectscouncilofeurope-8375\"],\"description\":\"The Architects\u2019 Council of Europe (ACE) is the representative organisation for the architecture at European level. Its growing membership currently consists of 52 Member Organisations, which are the regulatory and professional representative bodies in all EU Member States, Accession Countries, the UK, Switzerland and Norway, and 6 Observers Members \u2013 Serbia, Kosovo, Ukraine, Montenegro, Macedonia and Moldova. Through them, for 30 years, the ACE represents the interests of over half a million architects from 36 countries in Europe.\",\"email\":\"info@ace-cae.eu\",\"telephone\":\"+32 2 543 11 40\",\"legalName\":\"Conseil des Architectes d\u2019Europe AISBL\",\"foundingDate\":\"1900-05-11\",\"vatID\":\"BE 0464 884 970\",\"ownershipFundingInfo\":\"https:\\\/\\\/ace-cae.eu\\\/imprint\\\/\"}]}<\/script>\n<!-- \/ Yoast SEO Premium plugin. -->","yoast_head_json":{"title":"Imprint - Architects&#039; Council of Europe","robots":{"index":"index","follow":"follow","max-snippet":"max-snippet:-1","max-image-preview":"max-image-preview:large","max-video-preview":"max-video-preview:-1"},"canonical":"https:\/\/ace-cae.eu\/pt\/imprint\/","og_locale":"pt_PT","og_type":"article","og_title":"Imprint","og_url":"https:\/\/ace-cae.eu\/pt\/imprint\/","og_site_name":"Architects&#039; Council of Europe","article_publisher":"https:\/\/www.facebook.com\/ArchitectsEU","article_modified_time":"2024-12-05T16:24:34+00:00","og_image":[{"width":2667,"height":1500,"url":"https:\/\/ace-cae.eu\/wp-content\/uploads\/2024\/12\/ace-cae-sm.jpg","type":"image\/jpeg"}],"twitter_card":"summary_large_image","twitter_site":"@Ace_Cae","schema":{"@context":"https:\/\/schema.org","@graph":[{"@type":"WebPage","@id":"https:\/\/ace-cae.eu\/imprint\/","url":"https:\/\/ace-cae.eu\/imprint\/","name":"Imprint - Architects&#039; Council of Europe","isPartOf":{"@id":"https:\/\/ace-cae.eu\/#website"},"datePublished":"2024-11-21T10:25:30+00:00","dateModified":"2024-12-05T16:24:34+00:00","breadcrumb":{"@id":"https:\/\/ace-cae.eu\/imprint\/#breadcrumb"},"inLanguage":"pt-PT","potentialAction":[{"@type":"ReadAction","target":["https:\/\/ace-cae.eu\/imprint\/"]}]},{"@type":"BreadcrumbList","@id":"https:\/\/ace-cae.eu\/imprint\/#breadcrumb","itemListElement":[{"@type":"ListItem","position":1,"name":"Home","item":"https:\/\/ace-cae.eu\/"},{"@type":"ListItem","position":2,"name":"Imprint"}]},{"@type":"WebSite","@id":"https:\/\/ace-cae.eu\/#website","url":"https:\/\/ace-cae.eu\/","name":"Architects' Council of Europe","description":"High-quality architecture and living environments for all.","publisher":{"@id":"https:\/\/ace-cae.eu\/#organization"},"alternateName":"ACE-CAE","potentialAction":[{"@type":"SearchAction","target":{"@type":"EntryPoint","urlTemplate":"https:\/\/ace-cae.eu\/?s={search_term_string}"},"query-input":{"@type":"PropertyValueSpecification","valueRequired":true,"valueName":"search_term_string"}}],"inLanguage":"pt-PT"},{"@type":"Organization","@id":"https:\/\/ace-cae.eu\/#organization","name":"Architects' Council of Europe","alternateName":"ACE-CAE","url":"https:\/\/ace-cae.eu\/","logo":{"@type":"ImageObject","inLanguage":"pt-PT","@id":"https:\/\/ace-cae.eu\/#\/schema\/logo\/image\/","url":"https:\/\/ace-cae.eu\/wp-content\/uploads\/2024\/12\/logo.svg","contentUrl":"https:\/\/ace-cae.eu\/wp-content\/uploads\/2024\/12\/logo.svg","width":136,"height":42,"caption":"Architects' Council of Europe"},"image":{"@id":"https:\/\/ace-cae.eu\/#\/schema\/logo\/image\/"},"sameAs":["https:\/\/www.facebook.com\/ArchitectsEU","https:\/\/x.com\/Ace_Cae","https:\/\/www.linkedin.com\/company\/architects-council-of-europe-ace-","https:\/\/www.instagram.com\/ace.archi.eu\/","https:\/\/www.youtube.com\/@architectscouncilofeurope-8375"],"description":"The Architects\u2019 Council of Europe (ACE) is the representative organisation for the architecture at European level. Its growing membership currently consists of 52 Member Organisations, which are the regulatory and professional representative bodies in all EU Member States, Accession Countries, the UK, Switzerland and Norway, and 6 Observers Members \u2013 Serbia, Kosovo, Ukraine, Montenegro, Macedonia and Moldova. Through them, for 30 years, the ACE represents the interests of over half a million architects from 36 countries in Europe.","email":"info@ace-cae.eu","telephone":"+32 2 543 11 40","legalName":"Conseil des Architectes d\u2019Europe AISBL","foundingDate":"1900-05-11","vatID":"BE 0464 884 970","ownershipFundingInfo":"https:\/\/ace-cae.eu\/imprint\/"}]}},"_links":{"self":[{"href":"https:\/\/ace-cae.eu\/pt\/wp-json\/wp\/v2\/pages\/869","targetHints":{"allow":["GET"]}}],"collection":[{"href":"https:\/\/ace-cae.eu\/pt\/wp-json\/wp\/v2\/pages"}],"about":[{"href":"https:\/\/ace-cae.eu\/pt\/wp-json\/wp\/v2\/types\/page"}],"author":[{"embeddable":true,"href":"https:\/\/ace-cae.eu\/pt\/wp-json\/wp\/v2\/users\/4"}],"replies":[{"embeddable":true,"href":"https:\/\/ace-cae.eu\/pt\/wp-json\/wp\/v2\/comments?post=869"}],"version-history":[{"count":0,"href":"https:\/\/ace-cae.eu\/pt\/wp-json\/wp\/v2\/pages\/869\/revisions"}],"wp:attachment":[{"href":"https:\/\/ace-cae.eu\/pt\/wp-json\/wp\/v2\/media?parent=869"}],"wp:term":[{"taxonomy":"thematic-scope","embeddable":true,"href":"https:\/\/ace-cae.eu\/pt\/wp-json\/wp\/v2\/thematic-scope?post=869"}],"curies":[{"name":"wp","href":"https:\/\/api.w.org\/{rel}","templated":true}]}}