{"id":2030,"date":"2025-03-07T12:18:34","date_gmt":"2025-03-07T11:18:34","guid":{"rendered":"https:\/\/ace-cae.eu\/?page_id=2030"},"modified":"2025-03-07T12:18:36","modified_gmt":"2025-03-07T11:18:36","slug":"architectures","status":"publish","type":"page","link":"https:\/\/ace-cae.eu\/pl\/architectures\/","title":{"rendered":"Architectures"},"content":{"rendered":"<div class=\"ace-section ace-section-architecturals wp-block-ace-articles\">\n    \n<header class=\"ace-section-header\">\n    <h1>Architectural Policy<\/h1>\n    <div class=\"ace-filters\" data-feed-type=\"architecturals\" data-list-selector=\".ace-publications-list\">\n    <ul class=\"ace-filters-selected\">\n    <\/ul>\n    <div class=\"ace-filters-inner\">\n        <label>Filtruj wed\u0142ug<\/label>\n        <ul class=\"ace-filters-list\">\n                            <li data-value=\"country\" data-label=\"Country\">Pa\u0144stwo                    <ul>\n                                                    <li data-value=\"110\" data-label=\"Austria\">Austria<\/li>\n                                                    <li data-value=\"111\" data-label=\"Belgium\">Belgia<\/li>\n                                                    <li data-value=\"112\" data-label=\"Bulgaria\">Bu\u0142garia<\/li>\n                                                    <li data-value=\"113\" data-label=\"Croatia\">Chorwacja<\/li>\n                                                    <li data-value=\"114\" data-label=\"Cyprus\">Cypr<\/li>\n                                                    <li data-value=\"115\" data-label=\"Czech Republic\">Republika Czeska<\/li>\n                                                    <li data-value=\"116\" data-label=\"Denmark\">Dania<\/li>\n                                                    <li data-value=\"117\" data-label=\"Estonia\">Estonia<\/li>\n                                                    <li data-value=\"118\" data-label=\"France\">Francja<\/li>\n                                                    <li data-value=\"119\" data-label=\"Finland\">Finland<\/li>\n                                                    <li data-value=\"120\" data-label=\"Germany\">Niemcy<\/li>\n                                                    <li data-value=\"121\" data-label=\"Greece\">Grecja<\/li>\n                                                    <li data-value=\"122\" data-label=\"Hungary\">W\u0119gry<\/li>\n                                                    <li data-value=\"123\" data-label=\"Ireland\">Irlandia<\/li>\n                                                    <li data-value=\"124\" data-label=\"Italy\">W\u0142ochy<\/li>\n                                                    <li data-value=\"125\" data-label=\"Latvia\">\u0141otwa<\/li>\n                                                    <li data-value=\"126\" data-label=\"Lithuania\">Litwa<\/li>\n                                                    <li data-value=\"128\" data-label=\"Malta\">Malta<\/li>\n                                                    <li data-value=\"127\" data-label=\"Luxembourg\">Luksemburg<\/li>\n                                                    <li data-value=\"129\" data-label=\"Netherlands\">Niderlandy<\/li>\n                                                    <li data-value=\"130\" data-label=\"Norway\">Norwegia<\/li>\n                                                    <li data-value=\"131\" data-label=\"Poland\">Polska<\/li>\n                                                    <li data-value=\"132\" data-label=\"Portugal\">Portugal<\/li>\n                                                    <li data-value=\"133\" data-label=\"Romania\">Rumunia<\/li>\n                                                    <li data-value=\"134\" data-label=\"Serbia\">Serbia<\/li>\n                                                    <li data-value=\"135\" data-label=\"Slovakia\">S\u0142owacja<\/li>\n                                                    <li data-value=\"136\" data-label=\"Slovenia\">S\u0142owenia<\/li>\n                                                    <li data-value=\"137\" data-label=\"Spain\">Hiszpania<\/li>\n                                                    <li data-value=\"138\" data-label=\"Sweden\">Szwecja<\/li>\n                                                    <li data-value=\"139\" data-label=\"Switzerland\">Szwajcaria<\/li>\n                                                    <li data-value=\"2272\" data-label=\"Ukraine\">Ukraine<\/li>\n                                                    <li data-value=\"2271\" data-label=\"Republic of North Macedonia\">Republic of North Macedonia<\/li>\n                                                    <li data-value=\"2270\" data-label=\"Montenegro\">Montenegro<\/li>\n                                                    <li data-value=\"2269\" data-label=\"Kosovo\">Kosovo<\/li>\n                                                    <li data-value=\"141\" data-label=\"United Kingdom\">Zjednoczone Kr\u00f3lestwo<\/li>\n                                            <\/ul>\n                <\/li>\n                            <li data-value=\"date\" data-label=\"Date\">Data                    <ul>\n                                                    <li data-value=\"2024\" data-label=\"2024\">2024<\/li>\n                                                    <li data-value=\"2022\" data-label=\"2022\">2022<\/li>\n                                                    <li data-value=\"2021\" data-label=\"2021\">2021<\/li>\n                                                    <li data-value=\"2019\" data-label=\"2019\">2019<\/li>\n                                                    <li data-value=\"2018\" data-label=\"2018\">2018<\/li>\n                                                    <li data-value=\"2017\" data-label=\"2017\">2017<\/li>\n                                                    <li data-value=\"2016\" data-label=\"2016\">2016<\/li>\n                                                    <li data-value=\"2015\" data-label=\"2015\">2015<\/li>\n                                                    <li data-value=\"2012\" data-label=\"2012\">2012<\/li>\n                                                    <li data-value=\"2011\" data-label=\"2011\">2011<\/li>\n                                                    <li data-value=\"2010\" data-label=\"2010\">2010<\/li>\n                                                    <li data-value=\"2009\" data-label=\"2009\">2009<\/li>\n                                                    <li data-value=\"2008\" data-label=\"2008\">2008<\/li>\n                                                    <li data-value=\"2007\" data-label=\"2007\">2007<\/li>\n                                                    <li data-value=\"2005\" data-label=\"2005\">2005<\/li>\n                                                    <li data-value=\"2004\" data-label=\"2004\">2004<\/li>\n                                                    <li data-value=\"2002\" data-label=\"2002\">2002<\/li>\n                                                    <li data-value=\"2000\" data-label=\"2000\">2000<\/li>\n                                                    <li data-value=\"1998\" data-label=\"1998\">1998<\/li>\n                                                    <li data-value=\"1997\" data-label=\"1997\">1997<\/li>\n                                            <\/ul>\n                <\/li>\n                    <\/ul>\n    <\/div>\n<\/div><\/header>\n<div class=\"ace-publications\">\n    <div class=\"ace-publications-list\" data-article=\"0\">\n                            \r\n<a href=\"https:\/\/ace-cae.eu\/wp-content\/uploads\/2024\/10\/scotland-report.pdf\">\r\n            <img decoding=\"async\" src=\"https:\/\/ace-cae.eu\/wp-content\/uploads\/2024\/10\/scotland-report-1.jpg\" alt=\"\" \/>\r\n        <div class=\"ace-publication-info\">\r\n        <h3>Zjednoczone Kr\u00f3lestwo<\/h3>\r\n        <h1>POLITYKA DOTYCZ\u0104CA ARCHITEKTURY DLA SZKO\u0141Y<\/h1>\r\n        <p><\/p>\r\n        <p class=\"ace-meta-date\">22 pa\u017adziernika, 2024<\/p>\r\n    <\/div>\r\n<\/a>                    \r\n<a href=\"https:\/\/ace-cae.eu\/wp-content\/uploads\/2024\/10\/Nothern-ireland.pdf\">\r\n            <img decoding=\"async\" src=\"https:\/\/ace-cae.eu\/wp-content\/uploads\/2024\/10\/Nothern-ireland.png\" alt=\"\" \/>\r\n        <div class=\"ace-publication-info\">\r\n        <h3>Zjednoczone Kr\u00f3lestwo<\/h3>\r\n        <h1>Architektura i \u015brodowisko zbudowane dla Irlandii P\u00f3\u0142nocnej<\/h1>\r\n        <p><\/p>\r\n        <p class=\"ace-meta-date\">22 pa\u017adziernika, 2024<\/p>\r\n    <\/div>\r\n<\/a>                    \r\n<a href=\"https:\/\/ace-cae.eu\/wp-content\/uploads\/2024\/10\/Norther-IE-report.pdf\">\r\n            <img decoding=\"async\" src=\"https:\/\/ace-cae.eu\/wp-content\/uploads\/2024\/10\/Norther-IE-report_Page_01.png\" alt=\"\" \/>\r\n        <div class=\"ace-publication-info\">\r\n        <h3>Zjednoczone Kr\u00f3lestwo<\/h3>\r\n        <h1>Architektura i \u015brodowisko zbudowane dla Irlandii P\u00f3\u0142nocnej<\/h1>\r\n        <p><\/p>\r\n        <p class=\"ace-meta-date\">22 pa\u017adziernika, 2024<\/p>\r\n    <\/div>\r\n<\/a>                    \r\n<a href=\"https:\/\/ace-cae.eu\/wp-content\/uploads\/2024\/10\/strategie-baukultur_final.pdf\">\r\n            <img decoding=\"async\" src=\"https:\/\/ace-cae.eu\/wp-content\/uploads\/2024\/10\/strategie-baukultur_final.png\" alt=\"\" \/>\r\n        <div class=\"ace-publication-info\">\r\n        <h3>Szwajcaria<\/h3>\r\n        <h1>Strat\u00e9gie Culture du b\u00e2ti<\/h1>\r\n        <p><\/p>\r\n        <p class=\"ace-meta-date\">22 pa\u017adziernika, 2024<\/p>\r\n    <\/div>\r\n<\/a>                    <\/div>\n    <nav class=\"ace-publications-nav\">\n        <a href=\"#\" class=\"ace-nav-prev\"><\/a>\n        <a href=\"#\" class=\"ace-nav-next\"><\/a>\n    <\/nav>\n<\/div>\n            <div class=\"ace-section-actions\">\n                                                                <button\n                        class=\"ace-load-more\"\n                        data-page-count=\"6\"\n                        data-feed-type=\"architecturals\"\n                        data-showposts=\"8\"\n                        data-list-selector=\".ace-publications-list\"\n                    >\n                        \u0141ADUJ WI\u0118CEJ\n                    <\/button>\n                            \n                    <\/div>\n    <\/div>","protected":false},"excerpt":{"rendered":"","protected":false},"author":4,"featured_media":0,"parent":0,"menu_order":0,"comment_status":"closed","ping_status":"closed","template":"","meta":{"inline_featured_image":false,"footnotes":""},"thematic-scope":[],"class_list":["post-2030","page","type-page","status-publish","hentry"],"yoast_head":"<!-- This site is optimized with the Yoast SEO Premium plugin v25.3 (Yoast SEO v27.4) - https:\/\/yoast.com\/product\/yoast-seo-premium-wordpress\/ -->\n<title>Architectures - Architects&#039; Council of Europe<\/title>\n<meta name=\"robots\" content=\"index, follow, max-snippet:-1, max-image-preview:large, max-video-preview:-1\" \/>\n<link rel=\"canonical\" href=\"https:\/\/ace-cae.eu\/pl\/architectures\/\" \/>\n<meta property=\"og:locale\" content=\"pl_PL\" \/>\n<meta property=\"og:type\" content=\"article\" \/>\n<meta property=\"og:title\" content=\"Architectures\" \/>\n<meta property=\"og:url\" content=\"https:\/\/ace-cae.eu\/pl\/architectures\/\" \/>\n<meta property=\"og:site_name\" content=\"Architects&#039; Council of Europe\" \/>\n<meta property=\"article:publisher\" content=\"https:\/\/www.facebook.com\/ArchitectsEU\" \/>\n<meta property=\"article:modified_time\" content=\"2025-03-07T11:18:36+00:00\" \/>\n<meta property=\"og:image\" content=\"https:\/\/ace-cae.eu\/wp-content\/uploads\/2024\/12\/ace-cae-sm.jpg\" \/>\n\t<meta property=\"og:image:width\" content=\"2667\" \/>\n\t<meta property=\"og:image:height\" content=\"1500\" \/>\n\t<meta property=\"og:image:type\" content=\"image\/jpeg\" \/>\n<meta name=\"twitter:card\" content=\"summary_large_image\" \/>\n<meta name=\"twitter:site\" content=\"@Ace_Cae\" \/>\n<script type=\"application\/ld+json\" class=\"yoast-schema-graph\">{\"@context\":\"https:\\\/\\\/schema.org\",\"@graph\":[{\"@type\":\"WebPage\",\"@id\":\"https:\\\/\\\/ace-cae.eu\\\/architectures\\\/\",\"url\":\"https:\\\/\\\/ace-cae.eu\\\/architectures\\\/\",\"name\":\"Architectures - Architects&#039; Council of Europe\",\"isPartOf\":{\"@id\":\"https:\\\/\\\/ace-cae.eu\\\/#website\"},\"datePublished\":\"2025-03-07T11:18:34+00:00\",\"dateModified\":\"2025-03-07T11:18:36+00:00\",\"breadcrumb\":{\"@id\":\"https:\\\/\\\/ace-cae.eu\\\/architectures\\\/#breadcrumb\"},\"inLanguage\":\"pl-PL\",\"potentialAction\":[{\"@type\":\"ReadAction\",\"target\":[\"https:\\\/\\\/ace-cae.eu\\\/architectures\\\/\"]}]},{\"@type\":\"BreadcrumbList\",\"@id\":\"https:\\\/\\\/ace-cae.eu\\\/architectures\\\/#breadcrumb\",\"itemListElement\":[{\"@type\":\"ListItem\",\"position\":1,\"name\":\"Home\",\"item\":\"https:\\\/\\\/ace-cae.eu\\\/\"},{\"@type\":\"ListItem\",\"position\":2,\"name\":\"Architectures\"}]},{\"@type\":\"WebSite\",\"@id\":\"https:\\\/\\\/ace-cae.eu\\\/#website\",\"url\":\"https:\\\/\\\/ace-cae.eu\\\/\",\"name\":\"Architects' Council of Europe\",\"description\":\"High-quality architecture and living environments for all.\",\"publisher\":{\"@id\":\"https:\\\/\\\/ace-cae.eu\\\/#organization\"},\"alternateName\":\"ACE-CAE\",\"potentialAction\":[{\"@type\":\"SearchAction\",\"target\":{\"@type\":\"EntryPoint\",\"urlTemplate\":\"https:\\\/\\\/ace-cae.eu\\\/?s={search_term_string}\"},\"query-input\":{\"@type\":\"PropertyValueSpecification\",\"valueRequired\":true,\"valueName\":\"search_term_string\"}}],\"inLanguage\":\"pl-PL\"},{\"@type\":\"Organization\",\"@id\":\"https:\\\/\\\/ace-cae.eu\\\/#organization\",\"name\":\"Architects' Council of Europe\",\"alternateName\":\"ACE-CAE\",\"url\":\"https:\\\/\\\/ace-cae.eu\\\/\",\"logo\":{\"@type\":\"ImageObject\",\"inLanguage\":\"pl-PL\",\"@id\":\"https:\\\/\\\/ace-cae.eu\\\/#\\\/schema\\\/logo\\\/image\\\/\",\"url\":\"https:\\\/\\\/ace-cae.eu\\\/wp-content\\\/uploads\\\/2024\\\/12\\\/logo.svg\",\"contentUrl\":\"https:\\\/\\\/ace-cae.eu\\\/wp-content\\\/uploads\\\/2024\\\/12\\\/logo.svg\",\"width\":136,\"height\":42,\"caption\":\"Architects' Council of Europe\"},\"image\":{\"@id\":\"https:\\\/\\\/ace-cae.eu\\\/#\\\/schema\\\/logo\\\/image\\\/\"},\"sameAs\":[\"https:\\\/\\\/www.facebook.com\\\/ArchitectsEU\",\"https:\\\/\\\/x.com\\\/Ace_Cae\",\"https:\\\/\\\/www.linkedin.com\\\/company\\\/architects-council-of-europe-ace-\",\"https:\\\/\\\/www.instagram.com\\\/ace.archi.eu\\\/\",\"https:\\\/\\\/www.youtube.com\\\/@architectscouncilofeurope-8375\"],\"description\":\"The Architects\u2019 Council of Europe (ACE) is the representative organisation for the architecture at European level. Its growing membership currently consists of 52 Member Organisations, which are the regulatory and professional representative bodies in all EU Member States, Accession Countries, the UK, Switzerland and Norway, and 6 Observers Members \u2013 Serbia, Kosovo, Ukraine, Montenegro, Macedonia and Moldova. Through them, for 30 years, the ACE represents the interests of over half a million architects from 36 countries in Europe.\",\"email\":\"info@ace-cae.eu\",\"telephone\":\"+32 2 543 11 40\",\"legalName\":\"Conseil des Architectes d\u2019Europe AISBL\",\"foundingDate\":\"1900-05-11\",\"vatID\":\"BE 0464 884 970\",\"ownershipFundingInfo\":\"https:\\\/\\\/ace-cae.eu\\\/imprint\\\/\"}]}<\/script>\n<!-- \/ Yoast SEO Premium plugin. -->","yoast_head_json":{"title":"Architectures - Architects&#039; Council of Europe","robots":{"index":"index","follow":"follow","max-snippet":"max-snippet:-1","max-image-preview":"max-image-preview:large","max-video-preview":"max-video-preview:-1"},"canonical":"https:\/\/ace-cae.eu\/pl\/architectures\/","og_locale":"pl_PL","og_type":"article","og_title":"Architectures","og_url":"https:\/\/ace-cae.eu\/pl\/architectures\/","og_site_name":"Architects&#039; Council of Europe","article_publisher":"https:\/\/www.facebook.com\/ArchitectsEU","article_modified_time":"2025-03-07T11:18:36+00:00","og_image":[{"width":2667,"height":1500,"url":"https:\/\/ace-cae.eu\/wp-content\/uploads\/2024\/12\/ace-cae-sm.jpg","type":"image\/jpeg"}],"twitter_card":"summary_large_image","twitter_site":"@Ace_Cae","schema":{"@context":"https:\/\/schema.org","@graph":[{"@type":"WebPage","@id":"https:\/\/ace-cae.eu\/architectures\/","url":"https:\/\/ace-cae.eu\/architectures\/","name":"Architectures - Architects&#039; Council of Europe","isPartOf":{"@id":"https:\/\/ace-cae.eu\/#website"},"datePublished":"2025-03-07T11:18:34+00:00","dateModified":"2025-03-07T11:18:36+00:00","breadcrumb":{"@id":"https:\/\/ace-cae.eu\/architectures\/#breadcrumb"},"inLanguage":"pl-PL","potentialAction":[{"@type":"ReadAction","target":["https:\/\/ace-cae.eu\/architectures\/"]}]},{"@type":"BreadcrumbList","@id":"https:\/\/ace-cae.eu\/architectures\/#breadcrumb","itemListElement":[{"@type":"ListItem","position":1,"name":"Home","item":"https:\/\/ace-cae.eu\/"},{"@type":"ListItem","position":2,"name":"Architectures"}]},{"@type":"WebSite","@id":"https:\/\/ace-cae.eu\/#website","url":"https:\/\/ace-cae.eu\/","name":"Architects' Council of Europe","description":"High-quality architecture and living environments for all.","publisher":{"@id":"https:\/\/ace-cae.eu\/#organization"},"alternateName":"ACE-CAE","potentialAction":[{"@type":"SearchAction","target":{"@type":"EntryPoint","urlTemplate":"https:\/\/ace-cae.eu\/?s={search_term_string}"},"query-input":{"@type":"PropertyValueSpecification","valueRequired":true,"valueName":"search_term_string"}}],"inLanguage":"pl-PL"},{"@type":"Organization","@id":"https:\/\/ace-cae.eu\/#organization","name":"Architects' Council of Europe","alternateName":"ACE-CAE","url":"https:\/\/ace-cae.eu\/","logo":{"@type":"ImageObject","inLanguage":"pl-PL","@id":"https:\/\/ace-cae.eu\/#\/schema\/logo\/image\/","url":"https:\/\/ace-cae.eu\/wp-content\/uploads\/2024\/12\/logo.svg","contentUrl":"https:\/\/ace-cae.eu\/wp-content\/uploads\/2024\/12\/logo.svg","width":136,"height":42,"caption":"Architects' Council of Europe"},"image":{"@id":"https:\/\/ace-cae.eu\/#\/schema\/logo\/image\/"},"sameAs":["https:\/\/www.facebook.com\/ArchitectsEU","https:\/\/x.com\/Ace_Cae","https:\/\/www.linkedin.com\/company\/architects-council-of-europe-ace-","https:\/\/www.instagram.com\/ace.archi.eu\/","https:\/\/www.youtube.com\/@architectscouncilofeurope-8375"],"description":"The Architects\u2019 Council of Europe (ACE) is the representative organisation for the architecture at European level. Its growing membership currently consists of 52 Member Organisations, which are the regulatory and professional representative bodies in all EU Member States, Accession Countries, the UK, Switzerland and Norway, and 6 Observers Members \u2013 Serbia, Kosovo, Ukraine, Montenegro, Macedonia and Moldova. Through them, for 30 years, the ACE represents the interests of over half a million architects from 36 countries in Europe.","email":"info@ace-cae.eu","telephone":"+32 2 543 11 40","legalName":"Conseil des Architectes d\u2019Europe AISBL","foundingDate":"1900-05-11","vatID":"BE 0464 884 970","ownershipFundingInfo":"https:\/\/ace-cae.eu\/imprint\/"}]}},"_links":{"self":[{"href":"https:\/\/ace-cae.eu\/pl\/wp-json\/wp\/v2\/pages\/2030","targetHints":{"allow":["GET"]}}],"collection":[{"href":"https:\/\/ace-cae.eu\/pl\/wp-json\/wp\/v2\/pages"}],"about":[{"href":"https:\/\/ace-cae.eu\/pl\/wp-json\/wp\/v2\/types\/page"}],"author":[{"embeddable":true,"href":"https:\/\/ace-cae.eu\/pl\/wp-json\/wp\/v2\/users\/4"}],"replies":[{"embeddable":true,"href":"https:\/\/ace-cae.eu\/pl\/wp-json\/wp\/v2\/comments?post=2030"}],"version-history":[{"count":0,"href":"https:\/\/ace-cae.eu\/pl\/wp-json\/wp\/v2\/pages\/2030\/revisions"}],"wp:attachment":[{"href":"https:\/\/ace-cae.eu\/pl\/wp-json\/wp\/v2\/media?parent=2030"}],"wp:term":[{"taxonomy":"thematic-scope","embeddable":true,"href":"https:\/\/ace-cae.eu\/pl\/wp-json\/wp\/v2\/thematic-scope?post=2030"}],"curies":[{"name":"wp","href":"https:\/\/api.w.org\/{rel}","templated":true}]}}