{"id":870,"date":"2024-11-21T10:25:30","date_gmt":"2024-11-21T10:25:30","guid":{"rendered":"https:\/\/ace-cae.eu\/disclaimer\/"},"modified":"2024-12-05T16:25:24","modified_gmt":"2024-12-05T16:25:24","slug":"disclaimer","status":"publish","type":"page","link":"https:\/\/ace-cae.eu\/ga\/disclaimer\/","title":{"rendered":"S\u00e9anadh"},"content":{"rendered":"<div class=\"wp-block-ace-section ace-section\">\n<!-- Legal document generated by Complianz | GDPR\/CCPA Cookie Consent https:\/\/wordpress.org\/plugins\/complianz-gdpr -->\n<div id=\"cmplz-document\" class=\"cmplz-document disclaimer cmplz-document-all\"><p>T\u00e1 Conseil des Architectes d\u2019Europe AISBL tiomanta an su\u00edomh gr\u00e9as\u00e1in seo a choinne\u00e1il cothrom le d\u00e1ta agus cruinn. M\u00e1 thagann t\u00fa ar aon rud mar sin f\u00e9in at\u00e1 m\u00edcheart n\u00f3 as d\u00e1ta, bheimis bu\u00edoch d\u00edot ach \u00e9 a chur in i\u00fal d\u00fainn. Cuir in i\u00fal c\u00e9n \u00e1it ar an su\u00edomh gr\u00e9as\u00e1in a l\u00e9ann t\u00fa an fhaisn\u00e9is. Beimid ag breathn\u00fa air sin chomh luath agus is f\u00e9idir. Seol do fhreagra tr\u00ed r\u00edomhphost chuig: <span class=\"cmplz-obfuscate\">&#105;&#110;fo@<span class=\"cmplz-fmail-domain\">ex&#046;&#099;&#111;m<\/span>&#097;ce&#045;cae.&#101;&#117;<\/span>.<\/p><p>N\u00edlimid faoi dhliteanas i leith caillteanais mar thoradh ar mh\u00edchruinneas n\u00f3 neamhioml\u00e1ine, n\u00e1 i leith caillteanais a eascra\u00edonn as fadhbanna a bhaineann go bun\u00fasach le scaipeadh faisn\u00e9ise tr\u00edd an idirl\u00edon, amhail cur isteach n\u00f3 cur isteach. Agus foirmeacha gr\u00e9as\u00e1in \u00e1 n-\u00fas\u00e1id againn, d\u00e9anaimid \u00e1r nd\u00edcheall l\u00edon na r\u00e9ims\u00ed riachtanacha a theorann\u00fa go dt\u00ed an t-\u00edosmh\u00e9id. Maidir le haon chaillteanas a fhulaing\u00edtear mar thoradh ar \u00fas\u00e1id sonra\u00ed, comhairle n\u00f3 smaointe a chuireann Conseil des Architectes d\u2019Europe AISBL ar f\u00e1il n\u00f3 a chuirtear ar f\u00e1il thar a cheann tr\u00edd an su\u00edomh gr\u00e9as\u00e1in seo, n\u00ed ghlacann Conseil des Architectes d\u2019Europe AISBL aon dliteanas.<\/p><p>D\u00e9ile\u00e1lfar le freagra\u00ed agus fiosr\u00fach\u00e1in phr\u00edobh\u00e1ideachta a chuirtear isteach tr\u00ed r\u00edomhphost n\u00f3 tr\u00ed fhoirm ghr\u00e9as\u00e1in a \u00fas\u00e1id ar an mbealach c\u00e9anna le litreacha. Cialla\u00edonn s\u00e9 seo gur f\u00e9idir leat a bheith ag s\u00fail le freagra uainn laistigh de mh\u00ed amh\u00e1in ar a dh\u00e9ana\u00ed. I gc\u00e1s iarratais chasta, cuirfimid ar an eolas th\u00fa laistigh de mh\u00ed amh\u00e1in m\u00e1 theasta\u00edonn 3 mh\u00ed ar a mh\u00e9ad uainn.<\/p><p>N\u00ed bhainfear \u00fas\u00e1id as aon sonra\u00ed pearsanta a shol\u00e1thra\u00edonn t\u00fa d\u00fainn i gcomhth\u00e9acs do fhreagra n\u00f3 d\u2019iarraidh ar fhaisn\u00e9is ach amh\u00e1in de r\u00e9ir \u00e1r r\u00e1itis phr\u00edobh\u00e1ideachta.<\/p><p>Conseil des Architectes d\u2019Europe AISBL shall make every reasonable effort to protect its systems against any form of unlawful use. Conseil des Architectes d\u2019Europe AISBL shall implement appropriate technical and organizational measures to this end, taking into account, among other things, the state of the art. However, it shall not be liable for any loss whatsoever, direct and\/or indirect, suffered by a user of the website, which arises as a result of the unlawful use of its systems by a third party.<\/p><p>All intellectual property rights to content on this website are vested in Conseil des Architectes d\u2019Europe AISBL or in third parties who have placed the content themselves or from whom Conseil des Architectes d\u2019Europe AISBL has obtained a user license.<\/p><p>N\u00ed cheada\u00edtear na h\u00e1bhair sin a ch\u00f3ipe\u00e1il, a scaipeadh n\u00e1 aon \u00fas\u00e1id eile a bhaint astu gan cead i scr\u00edbhinn \u00f3 Conseil des Architectes d\u2019Europe AISBL, ach amh\u00e1in a mh\u00e9id a shonra\u00edtear a mhalairt i rialach\u00e1in an dl\u00ed \u00e9igeantaigh (amhail an ceart luachana), mura n-orda\u00edtear a mhalairt le h\u00e1bhar sonrach.<\/p><p>M\u00e1 t\u00e1 aon cheisteanna n\u00f3 fadhbanna agat maidir le hinrochtaineacht an l\u00e1ithre\u00e1in ghr\u00e9as\u00e1in, n\u00e1 b\u00edodh aon leisce ort teagmh\u00e1il a dh\u00e9anamh linn.<\/p><\/div><\/div>","protected":false},"excerpt":{"rendered":"","protected":false},"author":4,"featured_media":0,"parent":0,"menu_order":0,"comment_status":"closed","ping_status":"closed","template":"","meta":{"inline_featured_image":false,"footnotes":""},"thematic-scope":[],"class_list":["post-870","page","type-page","status-publish","hentry"],"yoast_head":"<!-- This site is optimized with the Yoast SEO Premium plugin v25.3 (Yoast SEO v27.4) - https:\/\/yoast.com\/product\/yoast-seo-premium-wordpress\/ -->\n<title>Disclaimer - Architects&#039; Council of Europe<\/title>\n<meta name=\"robots\" content=\"index, follow, max-snippet:-1, max-image-preview:large, max-video-preview:-1\" \/>\n<link rel=\"canonical\" href=\"https:\/\/ace-cae.eu\/ga\/disclaimer\/\" \/>\n<meta property=\"og:locale\" content=\"ga_IE\" \/>\n<meta property=\"og:type\" content=\"article\" \/>\n<meta property=\"og:title\" content=\"Disclaimer\" \/>\n<meta property=\"og:url\" content=\"https:\/\/ace-cae.eu\/ga\/disclaimer\/\" \/>\n<meta property=\"og:site_name\" content=\"Architects&#039; Council of Europe\" \/>\n<meta property=\"article:publisher\" content=\"https:\/\/www.facebook.com\/ArchitectsEU\" \/>\n<meta property=\"article:modified_time\" content=\"2024-12-05T16:25:24+00:00\" \/>\n<meta property=\"og:image\" content=\"https:\/\/ace-cae.eu\/wp-content\/uploads\/2024\/12\/ace-cae-sm.jpg\" \/>\n\t<meta property=\"og:image:width\" content=\"2667\" \/>\n\t<meta property=\"og:image:height\" content=\"1500\" \/>\n\t<meta property=\"og:image:type\" content=\"image\/jpeg\" \/>\n<meta name=\"twitter:card\" content=\"summary_large_image\" \/>\n<meta name=\"twitter:site\" content=\"@Ace_Cae\" \/>\n<script type=\"application\/ld+json\" class=\"yoast-schema-graph\">{\"@context\":\"https:\\\/\\\/schema.org\",\"@graph\":[{\"@type\":\"WebPage\",\"@id\":\"https:\\\/\\\/ace-cae.eu\\\/disclaimer\\\/\",\"url\":\"https:\\\/\\\/ace-cae.eu\\\/disclaimer\\\/\",\"name\":\"Disclaimer - Architects&#039; Council of Europe\",\"isPartOf\":{\"@id\":\"https:\\\/\\\/ace-cae.eu\\\/#website\"},\"datePublished\":\"2024-11-21T10:25:30+00:00\",\"dateModified\":\"2024-12-05T16:25:24+00:00\",\"breadcrumb\":{\"@id\":\"https:\\\/\\\/ace-cae.eu\\\/disclaimer\\\/#breadcrumb\"},\"inLanguage\":\"ga-IE\",\"potentialAction\":[{\"@type\":\"ReadAction\",\"target\":[\"https:\\\/\\\/ace-cae.eu\\\/disclaimer\\\/\"]}]},{\"@type\":\"BreadcrumbList\",\"@id\":\"https:\\\/\\\/ace-cae.eu\\\/disclaimer\\\/#breadcrumb\",\"itemListElement\":[{\"@type\":\"ListItem\",\"position\":1,\"name\":\"Home\",\"item\":\"https:\\\/\\\/ace-cae.eu\\\/\"},{\"@type\":\"ListItem\",\"position\":2,\"name\":\"Disclaimer\"}]},{\"@type\":\"WebSite\",\"@id\":\"https:\\\/\\\/ace-cae.eu\\\/#website\",\"url\":\"https:\\\/\\\/ace-cae.eu\\\/\",\"name\":\"Architects' Council of Europe\",\"description\":\"High-quality architecture and living environments for all.\",\"publisher\":{\"@id\":\"https:\\\/\\\/ace-cae.eu\\\/#organization\"},\"alternateName\":\"ACE-CAE\",\"potentialAction\":[{\"@type\":\"SearchAction\",\"target\":{\"@type\":\"EntryPoint\",\"urlTemplate\":\"https:\\\/\\\/ace-cae.eu\\\/?s={search_term_string}\"},\"query-input\":{\"@type\":\"PropertyValueSpecification\",\"valueRequired\":true,\"valueName\":\"search_term_string\"}}],\"inLanguage\":\"ga-IE\"},{\"@type\":\"Organization\",\"@id\":\"https:\\\/\\\/ace-cae.eu\\\/#organization\",\"name\":\"Architects' Council of Europe\",\"alternateName\":\"ACE-CAE\",\"url\":\"https:\\\/\\\/ace-cae.eu\\\/\",\"logo\":{\"@type\":\"ImageObject\",\"inLanguage\":\"ga-IE\",\"@id\":\"https:\\\/\\\/ace-cae.eu\\\/#\\\/schema\\\/logo\\\/image\\\/\",\"url\":\"https:\\\/\\\/ace-cae.eu\\\/wp-content\\\/uploads\\\/2024\\\/12\\\/logo.svg\",\"contentUrl\":\"https:\\\/\\\/ace-cae.eu\\\/wp-content\\\/uploads\\\/2024\\\/12\\\/logo.svg\",\"width\":136,\"height\":42,\"caption\":\"Architects' Council of Europe\"},\"image\":{\"@id\":\"https:\\\/\\\/ace-cae.eu\\\/#\\\/schema\\\/logo\\\/image\\\/\"},\"sameAs\":[\"https:\\\/\\\/www.facebook.com\\\/ArchitectsEU\",\"https:\\\/\\\/x.com\\\/Ace_Cae\",\"https:\\\/\\\/www.linkedin.com\\\/company\\\/architects-council-of-europe-ace-\",\"https:\\\/\\\/www.instagram.com\\\/ace.archi.eu\\\/\",\"https:\\\/\\\/www.youtube.com\\\/@architectscouncilofeurope-8375\"],\"description\":\"The Architects\u2019 Council of Europe (ACE) is the representative organisation for the architecture at European level. Its growing membership currently consists of 52 Member Organisations, which are the regulatory and professional representative bodies in all EU Member States, Accession Countries, the UK, Switzerland and Norway, and 6 Observers Members \u2013 Serbia, Kosovo, Ukraine, Montenegro, Macedonia and Moldova. Through them, for 30 years, the ACE represents the interests of over half a million architects from 36 countries in Europe.\",\"email\":\"info@ace-cae.eu\",\"telephone\":\"+32 2 543 11 40\",\"legalName\":\"Conseil des Architectes d\u2019Europe AISBL\",\"foundingDate\":\"1900-05-11\",\"vatID\":\"BE 0464 884 970\",\"ownershipFundingInfo\":\"https:\\\/\\\/ace-cae.eu\\\/imprint\\\/\"}]}<\/script>\n<!-- \/ Yoast SEO Premium plugin. -->","yoast_head_json":{"title":"Disclaimer - Architects&#039; Council of Europe","robots":{"index":"index","follow":"follow","max-snippet":"max-snippet:-1","max-image-preview":"max-image-preview:large","max-video-preview":"max-video-preview:-1"},"canonical":"https:\/\/ace-cae.eu\/ga\/disclaimer\/","og_locale":"ga_IE","og_type":"article","og_title":"Disclaimer","og_url":"https:\/\/ace-cae.eu\/ga\/disclaimer\/","og_site_name":"Architects&#039; Council of Europe","article_publisher":"https:\/\/www.facebook.com\/ArchitectsEU","article_modified_time":"2024-12-05T16:25:24+00:00","og_image":[{"width":2667,"height":1500,"url":"https:\/\/ace-cae.eu\/wp-content\/uploads\/2024\/12\/ace-cae-sm.jpg","type":"image\/jpeg"}],"twitter_card":"summary_large_image","twitter_site":"@Ace_Cae","schema":{"@context":"https:\/\/schema.org","@graph":[{"@type":"WebPage","@id":"https:\/\/ace-cae.eu\/disclaimer\/","url":"https:\/\/ace-cae.eu\/disclaimer\/","name":"Disclaimer - Architects&#039; Council of Europe","isPartOf":{"@id":"https:\/\/ace-cae.eu\/#website"},"datePublished":"2024-11-21T10:25:30+00:00","dateModified":"2024-12-05T16:25:24+00:00","breadcrumb":{"@id":"https:\/\/ace-cae.eu\/disclaimer\/#breadcrumb"},"inLanguage":"ga-IE","potentialAction":[{"@type":"ReadAction","target":["https:\/\/ace-cae.eu\/disclaimer\/"]}]},{"@type":"BreadcrumbList","@id":"https:\/\/ace-cae.eu\/disclaimer\/#breadcrumb","itemListElement":[{"@type":"ListItem","position":1,"name":"Home","item":"https:\/\/ace-cae.eu\/"},{"@type":"ListItem","position":2,"name":"Disclaimer"}]},{"@type":"WebSite","@id":"https:\/\/ace-cae.eu\/#website","url":"https:\/\/ace-cae.eu\/","name":"Architects' Council of Europe","description":"High-quality architecture and living environments for all.","publisher":{"@id":"https:\/\/ace-cae.eu\/#organization"},"alternateName":"ACE-CAE","potentialAction":[{"@type":"SearchAction","target":{"@type":"EntryPoint","urlTemplate":"https:\/\/ace-cae.eu\/?s={search_term_string}"},"query-input":{"@type":"PropertyValueSpecification","valueRequired":true,"valueName":"search_term_string"}}],"inLanguage":"ga-IE"},{"@type":"Organization","@id":"https:\/\/ace-cae.eu\/#organization","name":"Architects' Council of Europe","alternateName":"ACE-CAE","url":"https:\/\/ace-cae.eu\/","logo":{"@type":"ImageObject","inLanguage":"ga-IE","@id":"https:\/\/ace-cae.eu\/#\/schema\/logo\/image\/","url":"https:\/\/ace-cae.eu\/wp-content\/uploads\/2024\/12\/logo.svg","contentUrl":"https:\/\/ace-cae.eu\/wp-content\/uploads\/2024\/12\/logo.svg","width":136,"height":42,"caption":"Architects' Council of Europe"},"image":{"@id":"https:\/\/ace-cae.eu\/#\/schema\/logo\/image\/"},"sameAs":["https:\/\/www.facebook.com\/ArchitectsEU","https:\/\/x.com\/Ace_Cae","https:\/\/www.linkedin.com\/company\/architects-council-of-europe-ace-","https:\/\/www.instagram.com\/ace.archi.eu\/","https:\/\/www.youtube.com\/@architectscouncilofeurope-8375"],"description":"The Architects\u2019 Council of Europe (ACE) is the representative organisation for the architecture at European level. Its growing membership currently consists of 52 Member Organisations, which are the regulatory and professional representative bodies in all EU Member States, Accession Countries, the UK, Switzerland and Norway, and 6 Observers Members \u2013 Serbia, Kosovo, Ukraine, Montenegro, Macedonia and Moldova. Through them, for 30 years, the ACE represents the interests of over half a million architects from 36 countries in Europe.","email":"info@ace-cae.eu","telephone":"+32 2 543 11 40","legalName":"Conseil des Architectes d\u2019Europe AISBL","foundingDate":"1900-05-11","vatID":"BE 0464 884 970","ownershipFundingInfo":"https:\/\/ace-cae.eu\/imprint\/"}]}},"_links":{"self":[{"href":"https:\/\/ace-cae.eu\/ga\/wp-json\/wp\/v2\/pages\/870","targetHints":{"allow":["GET"]}}],"collection":[{"href":"https:\/\/ace-cae.eu\/ga\/wp-json\/wp\/v2\/pages"}],"about":[{"href":"https:\/\/ace-cae.eu\/ga\/wp-json\/wp\/v2\/types\/page"}],"author":[{"embeddable":true,"href":"https:\/\/ace-cae.eu\/ga\/wp-json\/wp\/v2\/users\/4"}],"replies":[{"embeddable":true,"href":"https:\/\/ace-cae.eu\/ga\/wp-json\/wp\/v2\/comments?post=870"}],"version-history":[{"count":0,"href":"https:\/\/ace-cae.eu\/ga\/wp-json\/wp\/v2\/pages\/870\/revisions"}],"wp:attachment":[{"href":"https:\/\/ace-cae.eu\/ga\/wp-json\/wp\/v2\/media?parent=870"}],"wp:term":[{"taxonomy":"thematic-scope","embeddable":true,"href":"https:\/\/ace-cae.eu\/ga\/wp-json\/wp\/v2\/thematic-scope?post=870"}],"curies":[{"name":"wp","href":"https:\/\/api.w.org\/{rel}","templated":true}]}}