{"id":1100,"date":"2024-12-05T11:29:41","date_gmt":"2024-12-05T11:29:41","guid":{"rendered":"https:\/\/ace-cae.eu\/?page_id=1100"},"modified":"2024-12-05T11:29:42","modified_gmt":"2024-12-05T11:29:42","slug":"publications","status":"publish","type":"page","link":"https:\/\/ace-cae.eu\/ga\/publications\/","title":{"rendered":"Foilseach\u00e1in"},"content":{"rendered":"<div class=\"ace-section ace-section-publications wp-block-ace-articles\">\n    \n<header class=\"ace-section-header\">\n    <h1>Foilsi\u00fa<\/h1>\n    <div class=\"ace-filters\" data-feed-type=\"publications\" data-list-selector=\".ace-publications-list\">\n    <ul class=\"ace-filters-selected\">\n    <\/ul>\n    <div class=\"ace-filters-inner\">\n        <label>Scag de r\u00e9ir<\/label>\n        <ul class=\"ace-filters-list\">\n                            <li data-value=\"category\" data-label=\"Category\">Catag\u00f3ir                    <ul>\n                                                    <li data-value=\"ace-eu-funded-project-publication\" data-label=\"ACE Eu-funded project publication\">ACE Eu-funded project publication<\/li>\n                                                    <li data-value=\"ace-publications\" data-label=\"ACE Publications\">Foilseach\u00e1in ACE<\/li>\n                                                    <li data-value=\"davos-baukultur\" data-label=\"Davos Baukultur\">Davos Baukultur<\/li>\n                                                    <li data-value=\"eu-publications\" data-label=\"EU publications\">Foilseach\u00e1in AE<\/li>\n                                            <\/ul>\n                <\/li>\n                            <li data-value=\"topic\" data-label=\"Topic\">\u00c1bhar                    <ul>\n                                                    <li data-value=\"ai\" data-label=\"A.I- Artificial Intelligence\">A.I- An Intleacht Shaorga<\/li>\n                                                    <li data-value=\"annual-report\" data-label=\"Annual report\">Tuarasc\u00e1il bhliant\u00fail<\/li>\n                                                    <li data-value=\"arch-e\" data-label=\"ARCH-E\">ARCH-E<\/li>\n                                                    <li data-value=\"architectural-policy\" data-label=\"Architectural policy\">Beartas ailtireachta<\/li>\n                                                    <li data-value=\"architecture-design-competition-adc\" data-label=\"Architecture Design Competition -ADC\">Com\u00f3rtas Dearaidh Ailtireachta -ADC<\/li>\n                                                    <li data-value=\"awards\" data-label=\"Awards\">D\u00e1mhachtain\u00ed<\/li>\n                                                    <li data-value=\"bim\" data-label=\"BIM\">BIM<\/li>\n                                                    <li data-value=\"design-governance-processes\" data-label=\"Design governance processes\">Pr\u00f3isis rialachais dearaidh<\/li>\n                                                    <li data-value=\"digitalisation\" data-label=\"Digitalisation\">Digite\u00e1il<\/li>\n                                                    <li data-value=\"edi\" data-label=\"Equality, diversity and inclusion - EDI\">Comhionannas, \u00e9ags\u00falacht agus cuimsi\u00fa \u2014 EDI<\/li>\n                                                    <li data-value=\"eu-funded-projects\" data-label=\"Eu funded projects\">Eu funded projects<\/li>\n                                                    <li data-value=\"eu-policies\" data-label=\"EU policies\">Beartais an Aontais<\/li>\n                                                    <li data-value=\"export\" data-label=\"Export\">Onnmhairi\u00fa<\/li>\n                                                    <li data-value=\"good-practices\" data-label=\"Good practices\">Dea-chleachtais<\/li>\n                                                    <li data-value=\"gouvernance\" data-label=\"Gouvernance\">Gouvernance<\/li>\n                                                    <li data-value=\"high-quality-architecture\" data-label=\"High quality architecture\">Ailtireacht ardch\u00e1il\u00edochta<\/li>\n                                                    <li data-value=\"international-collaboration\" data-label=\"International collaboration\">Comhar idirn\u00e1isi\u00fanta<\/li>\n                                                    <li data-value=\"legal-framework\" data-label=\"Legal framework\">Creat dl\u00edthi\u00fail<\/li>\n                                                    <li data-value=\"new-business-models\" data-label=\"New business models\">Samhlacha nua gn\u00f3<\/li>\n                                                    <li data-value=\"new-european-bauhaus\" data-label=\"New European Bauhaus\">Bauhaus Eorpach Nua<\/li>\n                                                    <li data-value=\"public-procurement\" data-label=\"public procurement\">public procurement<\/li>\n                                                    <li data-value=\"retrospective\" data-label=\"Retrospective\">C\u00falghabh\u00e1lach<\/li>\n                                                    <li data-value=\"sector-study\" data-label=\"Sector study\">Staid\u00e9ar earn\u00e1la<\/li>\n                                                    <li data-value=\"sustainability\" data-label=\"Sustainability\">Inbhuanaitheacht<\/li>\n                                                    <li data-value=\"values\" data-label=\"Value\">Luach<\/li>\n                                            <\/ul>\n                <\/li>\n                            <li data-value=\"thematic-scope\" data-label=\"Thematic Scope\">Raon feidhme T\u00e9amach                    <ul>\n                                                    <li data-value=\"access-to-the-profession\" data-label=\"Access to the Profession\">Rochtain ar an nGairm<\/li>\n                                                    <li data-value=\"achieving-quality-in-architecture-baukultur\" data-label=\"Achieving quality in Architecture \/ Baukultur\">C\u00e1il\u00edocht san Ailtireacht a bhaint amach\/Baukultur<\/li>\n                                                    <li data-value=\"practice-of-the-profession\" data-label=\"Practice of the Profession\">Cleachtas na Gairme<\/li>\n                                                    <li data-value=\"research-development\" data-label=\"Research &amp; Development\">Taighde agus Taighde; Forbairt<\/li>\n                                            <\/ul>\n                <\/li>\n                            <li data-value=\"date\" data-label=\"Date\">D\u00e1ta                    <ul>\n                                                    <li data-value=\"2026\" data-label=\"2026\">2026<\/li>\n                                                    <li data-value=\"2025\" data-label=\"2025\">2025<\/li>\n                                                    <li data-value=\"2024\" data-label=\"2024\">2024<\/li>\n                                                    <li data-value=\"2023\" data-label=\"2023\">2023<\/li>\n                                                    <li data-value=\"2022\" data-label=\"2022\">2022<\/li>\n                                                    <li data-value=\"2021\" data-label=\"2021\">2021<\/li>\n                                                    <li data-value=\"2020\" data-label=\"2020\">2020<\/li>\n                                                    <li data-value=\"2019\" data-label=\"2019\">2019<\/li>\n                                                    <li data-value=\"2018\" data-label=\"2018\">2018<\/li>\n                                            <\/ul>\n                <\/li>\n                    <\/ul>\n    <\/div>\n<\/div><\/header>\n<div class=\"ace-publications\">\n    <div class=\"ace-publications-list\" data-article=\"0\">\n                            \r\n<a href=\"https:\/\/ace-cae.eu\/ga\/publication\/new-ace-publication-ace-2025-annual-report-2026-outlook\/\">\r\n            <img decoding=\"async\" src=\"https:\/\/ace-cae.eu\/wp-content\/uploads\/2026\/04\/Ace-AR-2026-Carousel-1-Post-1-466x593.png\" alt=\"\" \/>\r\n        <div class=\"ace-publication-info\">\r\n        <h3>Foilseach\u00e1in ACE<\/h3>\r\n        <h1>New ACE publication\u00a0: ACE 2025 annual report &amp; 2026 outlook<\/h1>\r\n        <p>On Friday 24 April 2026 at its General Assembly in Brussels, the Architects\u2019 Council of<\/p>\r\n        <p class=\"ace-meta-date\">\r\n            April 24, 2026                    <\/p>\r\n    <\/div>\r\n<\/a>                    \r\n<a href=\"https:\/\/ace-cae.eu\/ga\/publication\/building-knowledge-20-years-of-ace-in-eu-funded-projects\/\">\r\n            <img decoding=\"async\" src=\"https:\/\/ace-cae.eu\/wp-content\/uploads\/2026\/01\/Building_on_Knowledge_FA1_Hyperlinks_V3_Spreads_Page_01-e1768214318262-466x398.jpg\" alt=\"\" \/>\r\n        <div class=\"ace-publication-info\">\r\n        <h3>Foilseach\u00e1in ACE<\/h3>\r\n        <h1>Building knowledge: 20 Years of ACE in EU-funded Projects<\/h1>\r\n        <p>ACE helps turn research into real-world impact.<\/p>\r\n        <p class=\"ace-meta-date\">\r\n            January 12, 2026                    <\/p>\r\n    <\/div>\r\n<\/a>                    \r\n<a href=\"https:\/\/ace-cae.eu\/ga\/publication\/the-arch-e-white-paper\/\">\r\n            <img decoding=\"async\" src=\"https:\/\/ace-cae.eu\/wp-content\/uploads\/2025\/12\/Screenshot-2025-12-16-at-12.31.08-466x658.png\" alt=\"\" \/>\r\n        <div class=\"ace-publication-info\">\r\n        <h3>ACE Eu-funded project publication<\/h3>\r\n        <h1>The ARCH-E White Paper<\/h1>\r\n        <p>Recommendations for Quality-based Procurement Processes by Using Architectural Design Competitions.<\/p>\r\n        <p class=\"ace-meta-date\">\r\n            December 16, 2025                            <span class=\"arch-e-tag\">ARCH-E<\/span>\r\n                    <\/p>\r\n    <\/div>\r\n<\/a>                    \r\n<a href=\"https:\/\/ace-cae.eu\/ga\/publication\/the-arch-e-map-on-adcs\/\">\r\n            <img decoding=\"async\" src=\"https:\/\/ace-cae.eu\/wp-content\/uploads\/2025\/12\/Screenshot-2025-12-16-at-11.53.52-2-466x662.png\" alt=\"\" \/>\r\n        <div class=\"ace-publication-info\">\r\n        <h3>ACE Eu-funded project publication<\/h3>\r\n        <h1>The ARCH-E Map on ADCs<\/h1>\r\n        <p>The ARCH-E Map on ADCs\u00a0gives an extensive overview of ADC systems in Europe.<\/p>\r\n        <p class=\"ace-meta-date\">\r\n            December 16, 2025                            <span class=\"arch-e-tag\">ARCH-E<\/span>\r\n                    <\/p>\r\n    <\/div>\r\n<\/a>                    <\/div>\n    <nav class=\"ace-publications-nav\">\n        <a href=\"#\" class=\"ace-nav-prev\"><\/a>\n        <a href=\"#\" class=\"ace-nav-next\"><\/a>\n    <\/nav>\n<\/div>\n            <div class=\"ace-section-actions\">\n                                                                <button\n                        class=\"ace-load-more\"\n                        data-page-count=\"6\"\n                        data-feed-type=\"publications\"\n                        data-showposts=\"8\"\n                        data-list-selector=\".ace-publications-list\"\n                    >\n                        N\u00edos m\u00f3\n                    <\/button>\n                            \n                    <\/div>\n    <\/div>","protected":false},"excerpt":{"rendered":"","protected":false},"author":4,"featured_media":0,"parent":0,"menu_order":0,"comment_status":"closed","ping_status":"closed","template":"","meta":{"inline_featured_image":false,"footnotes":""},"thematic-scope":[],"class_list":["post-1100","page","type-page","status-publish","hentry"],"yoast_head":"<!-- This site is optimized with the Yoast SEO Premium plugin v25.3 (Yoast SEO v27.4) - https:\/\/yoast.com\/product\/yoast-seo-premium-wordpress\/ -->\n<title>Publications - Architects&#039; Council of Europe<\/title>\n<meta name=\"robots\" content=\"index, follow, max-snippet:-1, max-image-preview:large, max-video-preview:-1\" \/>\n<link rel=\"canonical\" href=\"https:\/\/ace-cae.eu\/ga\/publications\/\" \/>\n<meta property=\"og:locale\" content=\"ga_IE\" \/>\n<meta property=\"og:type\" content=\"article\" \/>\n<meta property=\"og:title\" content=\"Publications\" \/>\n<meta property=\"og:url\" content=\"https:\/\/ace-cae.eu\/ga\/publications\/\" \/>\n<meta property=\"og:site_name\" content=\"Architects&#039; Council of Europe\" \/>\n<meta property=\"article:publisher\" content=\"https:\/\/www.facebook.com\/ArchitectsEU\" \/>\n<meta property=\"article:modified_time\" content=\"2024-12-05T11:29:42+00:00\" \/>\n<meta property=\"og:image\" content=\"https:\/\/ace-cae.eu\/wp-content\/uploads\/2024\/12\/ace-cae-sm.jpg\" \/>\n\t<meta property=\"og:image:width\" content=\"2667\" \/>\n\t<meta property=\"og:image:height\" content=\"1500\" \/>\n\t<meta property=\"og:image:type\" content=\"image\/jpeg\" \/>\n<meta name=\"twitter:card\" content=\"summary_large_image\" \/>\n<meta name=\"twitter:site\" content=\"@Ace_Cae\" \/>\n<script type=\"application\/ld+json\" class=\"yoast-schema-graph\">{\"@context\":\"https:\\\/\\\/schema.org\",\"@graph\":[{\"@type\":\"WebPage\",\"@id\":\"https:\\\/\\\/ace-cae.eu\\\/publications\\\/\",\"url\":\"https:\\\/\\\/ace-cae.eu\\\/publications\\\/\",\"name\":\"Publications - Architects&#039; Council of Europe\",\"isPartOf\":{\"@id\":\"https:\\\/\\\/ace-cae.eu\\\/#website\"},\"datePublished\":\"2024-12-05T11:29:41+00:00\",\"dateModified\":\"2024-12-05T11:29:42+00:00\",\"breadcrumb\":{\"@id\":\"https:\\\/\\\/ace-cae.eu\\\/publications\\\/#breadcrumb\"},\"inLanguage\":\"ga-IE\",\"potentialAction\":[{\"@type\":\"ReadAction\",\"target\":[\"https:\\\/\\\/ace-cae.eu\\\/publications\\\/\"]}]},{\"@type\":\"BreadcrumbList\",\"@id\":\"https:\\\/\\\/ace-cae.eu\\\/publications\\\/#breadcrumb\",\"itemListElement\":[{\"@type\":\"ListItem\",\"position\":1,\"name\":\"Home\",\"item\":\"https:\\\/\\\/ace-cae.eu\\\/\"},{\"@type\":\"ListItem\",\"position\":2,\"name\":\"Publications\"}]},{\"@type\":\"WebSite\",\"@id\":\"https:\\\/\\\/ace-cae.eu\\\/#website\",\"url\":\"https:\\\/\\\/ace-cae.eu\\\/\",\"name\":\"Architects' Council of Europe\",\"description\":\"High-quality architecture and living environments for all.\",\"publisher\":{\"@id\":\"https:\\\/\\\/ace-cae.eu\\\/#organization\"},\"alternateName\":\"ACE-CAE\",\"potentialAction\":[{\"@type\":\"SearchAction\",\"target\":{\"@type\":\"EntryPoint\",\"urlTemplate\":\"https:\\\/\\\/ace-cae.eu\\\/?s={search_term_string}\"},\"query-input\":{\"@type\":\"PropertyValueSpecification\",\"valueRequired\":true,\"valueName\":\"search_term_string\"}}],\"inLanguage\":\"ga-IE\"},{\"@type\":\"Organization\",\"@id\":\"https:\\\/\\\/ace-cae.eu\\\/#organization\",\"name\":\"Architects' Council of Europe\",\"alternateName\":\"ACE-CAE\",\"url\":\"https:\\\/\\\/ace-cae.eu\\\/\",\"logo\":{\"@type\":\"ImageObject\",\"inLanguage\":\"ga-IE\",\"@id\":\"https:\\\/\\\/ace-cae.eu\\\/#\\\/schema\\\/logo\\\/image\\\/\",\"url\":\"https:\\\/\\\/ace-cae.eu\\\/wp-content\\\/uploads\\\/2024\\\/12\\\/logo.svg\",\"contentUrl\":\"https:\\\/\\\/ace-cae.eu\\\/wp-content\\\/uploads\\\/2024\\\/12\\\/logo.svg\",\"width\":136,\"height\":42,\"caption\":\"Architects' Council of Europe\"},\"image\":{\"@id\":\"https:\\\/\\\/ace-cae.eu\\\/#\\\/schema\\\/logo\\\/image\\\/\"},\"sameAs\":[\"https:\\\/\\\/www.facebook.com\\\/ArchitectsEU\",\"https:\\\/\\\/x.com\\\/Ace_Cae\",\"https:\\\/\\\/www.linkedin.com\\\/company\\\/architects-council-of-europe-ace-\",\"https:\\\/\\\/www.instagram.com\\\/ace.archi.eu\\\/\",\"https:\\\/\\\/www.youtube.com\\\/@architectscouncilofeurope-8375\"],\"description\":\"The Architects\u2019 Council of Europe (ACE) is the representative organisation for the architecture at European level. Its growing membership currently consists of 52 Member Organisations, which are the regulatory and professional representative bodies in all EU Member States, Accession Countries, the UK, Switzerland and Norway, and 6 Observers Members \u2013 Serbia, Kosovo, Ukraine, Montenegro, Macedonia and Moldova. Through them, for 30 years, the ACE represents the interests of over half a million architects from 36 countries in Europe.\",\"email\":\"info@ace-cae.eu\",\"telephone\":\"+32 2 543 11 40\",\"legalName\":\"Conseil des Architectes d\u2019Europe AISBL\",\"foundingDate\":\"1900-05-11\",\"vatID\":\"BE 0464 884 970\",\"ownershipFundingInfo\":\"https:\\\/\\\/ace-cae.eu\\\/imprint\\\/\"}]}<\/script>\n<!-- \/ Yoast SEO Premium plugin. -->","yoast_head_json":{"title":"Publications - Architects&#039; Council of Europe","robots":{"index":"index","follow":"follow","max-snippet":"max-snippet:-1","max-image-preview":"max-image-preview:large","max-video-preview":"max-video-preview:-1"},"canonical":"https:\/\/ace-cae.eu\/ga\/publications\/","og_locale":"ga_IE","og_type":"article","og_title":"Publications","og_url":"https:\/\/ace-cae.eu\/ga\/publications\/","og_site_name":"Architects&#039; Council of Europe","article_publisher":"https:\/\/www.facebook.com\/ArchitectsEU","article_modified_time":"2024-12-05T11:29:42+00:00","og_image":[{"width":2667,"height":1500,"url":"https:\/\/ace-cae.eu\/wp-content\/uploads\/2024\/12\/ace-cae-sm.jpg","type":"image\/jpeg"}],"twitter_card":"summary_large_image","twitter_site":"@Ace_Cae","schema":{"@context":"https:\/\/schema.org","@graph":[{"@type":"WebPage","@id":"https:\/\/ace-cae.eu\/publications\/","url":"https:\/\/ace-cae.eu\/publications\/","name":"Publications - Architects&#039; Council of Europe","isPartOf":{"@id":"https:\/\/ace-cae.eu\/#website"},"datePublished":"2024-12-05T11:29:41+00:00","dateModified":"2024-12-05T11:29:42+00:00","breadcrumb":{"@id":"https:\/\/ace-cae.eu\/publications\/#breadcrumb"},"inLanguage":"ga-IE","potentialAction":[{"@type":"ReadAction","target":["https:\/\/ace-cae.eu\/publications\/"]}]},{"@type":"BreadcrumbList","@id":"https:\/\/ace-cae.eu\/publications\/#breadcrumb","itemListElement":[{"@type":"ListItem","position":1,"name":"Home","item":"https:\/\/ace-cae.eu\/"},{"@type":"ListItem","position":2,"name":"Publications"}]},{"@type":"WebSite","@id":"https:\/\/ace-cae.eu\/#website","url":"https:\/\/ace-cae.eu\/","name":"Architects' Council of Europe","description":"High-quality architecture and living environments for all.","publisher":{"@id":"https:\/\/ace-cae.eu\/#organization"},"alternateName":"ACE-CAE","potentialAction":[{"@type":"SearchAction","target":{"@type":"EntryPoint","urlTemplate":"https:\/\/ace-cae.eu\/?s={search_term_string}"},"query-input":{"@type":"PropertyValueSpecification","valueRequired":true,"valueName":"search_term_string"}}],"inLanguage":"ga-IE"},{"@type":"Organization","@id":"https:\/\/ace-cae.eu\/#organization","name":"Architects' Council of Europe","alternateName":"ACE-CAE","url":"https:\/\/ace-cae.eu\/","logo":{"@type":"ImageObject","inLanguage":"ga-IE","@id":"https:\/\/ace-cae.eu\/#\/schema\/logo\/image\/","url":"https:\/\/ace-cae.eu\/wp-content\/uploads\/2024\/12\/logo.svg","contentUrl":"https:\/\/ace-cae.eu\/wp-content\/uploads\/2024\/12\/logo.svg","width":136,"height":42,"caption":"Architects' Council of Europe"},"image":{"@id":"https:\/\/ace-cae.eu\/#\/schema\/logo\/image\/"},"sameAs":["https:\/\/www.facebook.com\/ArchitectsEU","https:\/\/x.com\/Ace_Cae","https:\/\/www.linkedin.com\/company\/architects-council-of-europe-ace-","https:\/\/www.instagram.com\/ace.archi.eu\/","https:\/\/www.youtube.com\/@architectscouncilofeurope-8375"],"description":"The Architects\u2019 Council of Europe (ACE) is the representative organisation for the architecture at European level. Its growing membership currently consists of 52 Member Organisations, which are the regulatory and professional representative bodies in all EU Member States, Accession Countries, the UK, Switzerland and Norway, and 6 Observers Members \u2013 Serbia, Kosovo, Ukraine, Montenegro, Macedonia and Moldova. Through them, for 30 years, the ACE represents the interests of over half a million architects from 36 countries in Europe.","email":"info@ace-cae.eu","telephone":"+32 2 543 11 40","legalName":"Conseil des Architectes d\u2019Europe AISBL","foundingDate":"1900-05-11","vatID":"BE 0464 884 970","ownershipFundingInfo":"https:\/\/ace-cae.eu\/imprint\/"}]}},"_links":{"self":[{"href":"https:\/\/ace-cae.eu\/ga\/wp-json\/wp\/v2\/pages\/1100","targetHints":{"allow":["GET"]}}],"collection":[{"href":"https:\/\/ace-cae.eu\/ga\/wp-json\/wp\/v2\/pages"}],"about":[{"href":"https:\/\/ace-cae.eu\/ga\/wp-json\/wp\/v2\/types\/page"}],"author":[{"embeddable":true,"href":"https:\/\/ace-cae.eu\/ga\/wp-json\/wp\/v2\/users\/4"}],"replies":[{"embeddable":true,"href":"https:\/\/ace-cae.eu\/ga\/wp-json\/wp\/v2\/comments?post=1100"}],"version-history":[{"count":0,"href":"https:\/\/ace-cae.eu\/ga\/wp-json\/wp\/v2\/pages\/1100\/revisions"}],"wp:attachment":[{"href":"https:\/\/ace-cae.eu\/ga\/wp-json\/wp\/v2\/media?parent=1100"}],"wp:term":[{"taxonomy":"thematic-scope","embeddable":true,"href":"https:\/\/ace-cae.eu\/ga\/wp-json\/wp\/v2\/thematic-scope?post=1100"}],"curies":[{"name":"wp","href":"https:\/\/api.w.org\/{rel}","templated":true}]}}