{"id":817,"date":"2024-11-15T07:34:48","date_gmt":"2024-11-15T07:34:48","guid":{"rendered":"https:\/\/ace-cae.eu\/?page_id=817"},"modified":"2025-03-07T13:43:43","modified_gmt":"2025-03-07T12:43:43","slug":"events","status":"publish","type":"page","link":"https:\/\/ace-cae.eu\/fr\/events\/","title":{"rendered":"\u00c9v\u00e8nements"},"content":{"rendered":"<div class=\"ace-section ace-section-event-lists wp-block-ace-articles\">\n    \n<h1>\u00c9v\u00e9nement<\/h1>\n<div class=\"ace-tabs\">\n    <a href=\"#\" class=\"ace-tab-title ace-selected\">\u00c9V\u00c9NEMENTS ACTIFS<\/a>\n    <div class=\"ace-tab-content ace-selected\" data-id=\"active-events\">\n        <div class=\"ace-articles\">\n            <div class=\"ace-articles-list\">\n                                                    \r\n<a class=\"ace-article ace-article-event\" href=\"https:\/\/ace-cae.eu\/fr\/event\/new-european-bauhaus-festival\/\">\r\n            <img decoding=\"async\" src=\"https:\/\/ace-cae.eu\/wp-content\/uploads\/2025\/12\/Capture-decran-2025-12-15-a-10.42.44-253x191.png\" alt=\"\" width=\"253\" style=\"object-fit: cover;\" \/>\r\n        <div class=\"ace-article-info\">\r\n        <h3>Bruxelles<\/h3>\r\n        <p>Festival du nouveau Bauhaus europ\u00e9en<\/p>\r\n                    <h3>Manifestations de l'UE<\/h3>\r\n                <p class=\"ace-article-date\">June 9, 2026 &#8211; <\/p>\r\n    <\/div>\r\n<\/a>                                    \r\n<a class=\"ace-article ace-article-event\" href=\"https:\/\/ace-cae.eu\/fr\/event\/ace-energy-day-at-the-neb-festival\/\">\r\n            <img decoding=\"async\" src=\"https:\/\/ace-cae.eu\/wp-content\/themes\/ace-cae\/assets\/images\/__temp\/news-thumb.jpg\" \/>\r\n        <div class=\"ace-article-info\">\r\n        <h3>Bruxelles<\/h3>\r\n        <p>ACE Energy Day at the NEB Festival<\/p>\r\n                    <h3>ACE \u00c9v\u00e9nements financ\u00e9s par l'UE, ACE Events<\/h3>\r\n                <p class=\"ace-article-date\">June 11, 2026 &#8211; <\/p>\r\n    <\/div>\r\n<\/a>                                    \r\n<a class=\"ace-article ace-article-event\" href=\"https:\/\/ace-cae.eu\/fr\/event\/uia-world-congress-of-architects-2026-barcelona\/\">\r\n            <img decoding=\"async\" src=\"https:\/\/ace-cae.eu\/wp-content\/uploads\/2025\/12\/Unknown-250x191.png\" alt=\"\" width=\"253\" style=\"object-fit: cover;\" \/>\r\n        <div class=\"ace-article-info\">\r\n        <h3>Barcelona, Spain<\/h3>\r\n        <p>UIA World Congress of Architects 2026 Barcelona\u00a0<\/p>\r\n                    <h3>\u00c9v\u00e9nements d'architecture en Europe<\/h3>\r\n                <p class=\"ace-article-date\">June 28, 2026 &#8211; <\/p>\r\n    <\/div>\r\n<\/a>                                            <\/div>\n            <nav class=\"ace-articles-nav\">\n                <a href=\"#\" class=\"ace-nav-prev\"><\/a>\n                <a href=\"#\" class=\"ace-nav-next\"><\/a>\n            <\/nav>\n        <\/div>\n    <\/div>\n    <a href=\"#\" class=\"ace-tab-title\">\u00c9V\u00c9NEMENTS PASS\u00c9S<\/a>\n    <div class=\"ace-tab-content\" data-id=\"past-events\">\n        <div class=\"ace-articles\">\n            <div class=\"ace-articles-list\">\n                                                    \r\n<a class=\"ace-article ace-article-event\" href=\"https:\/\/ace-cae.eu\/fr\/event\/architecture-festival-turn-on-2025-13-15-march-2025\/\">\r\n            <img decoding=\"async\" src=\"https:\/\/ace-cae.eu\/wp-content\/uploads\/2025\/01\/turnon_25_logo_2_3-253x191.png\" alt=\"\" width=\"253\" style=\"object-fit: cover;\" \/>\r\n        <div class=\"ace-article-info\">\r\n        <h3><\/h3>\r\n        <p>Festival d'architecture TURN ON 2025: 13 \u2013 15 mars 2025<\/p>\r\n                <p class=\"ace-article-date\"> &#8211; <\/p>\r\n    <\/div>\r\n<\/a>                                    \r\n<a class=\"ace-article ace-article-event\" href=\"https:\/\/ace-cae.eu\/fr\/event\/accord-final-seminar-on-the-future-of-digital-building-permits-bim-powered-tools-and-methods\/\">\r\n            <img decoding=\"async\" src=\"https:\/\/ace-cae.eu\/wp-content\/uploads\/2025\/06\/ACCORD-final-Seminar-253x191.png\" alt=\"\" width=\"253\" style=\"object-fit: cover;\" \/>\r\n        <div class=\"ace-article-info\">\r\n        <h3><\/h3>\r\n        <p>ACCORD Final Seminar on &#8220;The Future of Digital Building Permits: BIM-Powered Tools and Methods&#8221;<\/p>\r\n                    <h3>ACE \u00c9v\u00e9nements financ\u00e9s par l'UE, ACE Events<\/h3>\r\n                <p class=\"ace-article-date\"> &#8211; <\/p>\r\n    <\/div>\r\n<\/a>                                    \r\n<a class=\"ace-article ace-article-event\" href=\"https:\/\/ace-cae.eu\/fr\/event\/architects-as-facilitators-of-the-energy-transition-may-19-2025-at-1300-h\/\">\r\n            <img decoding=\"async\" src=\"https:\/\/ace-cae.eu\/wp-content\/uploads\/2025\/05\/Sonderborg-EN-253x191.png\" alt=\"\" width=\"253\" style=\"object-fit: cover;\" \/>\r\n        <div class=\"ace-article-info\">\r\n        <h3><\/h3>\r\n        <p>Architects as facilitators of the energy transition ARV awareness-raising event on May 19, 2025.<\/p>\r\n                    <h3>ACE EU-funded events, ACE Events, Architecture Events in Europe<\/h3>\r\n                <p class=\"ace-article-date\"> &#8211; <\/p>\r\n    <\/div>\r\n<\/a>                                    \r\n<a class=\"ace-article ace-article-event\" href=\"https:\/\/ace-cae.eu\/fr\/event\/accord-webinar-on-digital-building-permit-pilots-outcomes-for-standardization-policy-making-and-decision-makers-on-may-14-2025\/\">\r\n            <img decoding=\"async\" src=\"https:\/\/ace-cae.eu\/wp-content\/uploads\/2025\/05\/ACCORD-webinar-3.png\" alt=\"\" width=\"253\" style=\"object-fit: cover;\" \/>\r\n        <div class=\"ace-article-info\">\r\n        <h3><\/h3>\r\n        <p>ACCORD webinar on Digital Building Permit Pilots: Outcomes for Standardization, Policy Making, and Decision Makers on May 14, 2025<\/p>\r\n                    <h3>ACE \u00c9v\u00e9nements financ\u00e9s par l'UE, ACE Events<\/h3>\r\n                <p class=\"ace-article-date\"> &#8211; <\/p>\r\n    <\/div>\r\n<\/a>                                    \r\n<a class=\"ace-article ace-article-event\" href=\"https:\/\/ace-cae.eu\/fr\/event\/spain-decarbonisation-conference-29-10\/\">\r\n            <img decoding=\"async\" src=\"https:\/\/ace-cae.eu\/wp-content\/uploads\/2024\/11\/Spain_-Decarbonisation-Conference-29_10-253x191.png\" alt=\"\" width=\"253\" style=\"object-fit: cover;\" \/>\r\n        <div class=\"ace-article-info\">\r\n        <h3>Pla\u00e7a Nova, 5 \u2013 Barcelone<\/h3>\r\n        <p>Espagne : Conf\u00e9rence sur la d\u00e9carbonation 29\/10<\/p>\r\n                <p class=\"ace-article-date\">29 octobre 2024 \u2013 8 h 30<\/p>\r\n    <\/div>\r\n<\/a>                                    \r\n<a class=\"ace-article ace-article-event\" href=\"https:\/\/ace-cae.eu\/fr\/event\/montenegro-days-of-architecture\/\">\r\n            <img decoding=\"async\" src=\"https:\/\/ace-cae.eu\/wp-content\/uploads\/2024\/11\/Montenegro-Days-of-Architecture-253x191.jpg\" alt=\"\" width=\"253\" style=\"object-fit: cover;\" \/>\r\n        <div class=\"ace-article-info\">\r\n        <h3>Podgorica<\/h3>\r\n        <p>Mont\u00e9n\u00e9gro:\u00a0Journ\u00e9es de l'architecture<\/p>\r\n                <p class=\"ace-article-date\">22 novembre 2024 \u2013 <\/p>\r\n    <\/div>\r\n<\/a>                                    \r\n<a class=\"ace-article ace-article-event\" href=\"https:\/\/ace-cae.eu\/fr\/event\/test-event\/\">\r\n            <img decoding=\"async\" src=\"https:\/\/ace-cae.eu\/wp-content\/uploads\/2024\/09\/Invitation-ACE-conference_po-253x191.jpg\" alt=\"\" width=\"253\" style=\"object-fit: cover;\" \/>\r\n        <div class=\"ace-article-info\">\r\n        <h3>En ligne<\/h3>\r\n        <p>Conf\u00e9rence ACE-Europa Nostra: \u00abNouveau Bauhaus europ\u00e9en \u2013 Patrimoine &amp; Transformation\u00bb<\/p>\r\n                <p class=\"ace-article-date\">28 novembre 2024 \u2013 <\/p>\r\n    <\/div>\r\n<\/a>                                    \r\n<a class=\"ace-article ace-article-event\" href=\"https:\/\/ace-cae.eu\/fr\/event\/from-quality-of-public-procurement-to-the-quality-of-construction-in-europe\/\">\r\n            <img decoding=\"async\" src=\"https:\/\/ace-cae.eu\/wp-content\/uploads\/2024\/12\/speaker-giving-talk-conference-hall-600nw-2508411201-253x191.webp\" alt=\"\" width=\"253\" style=\"object-fit: cover;\" \/>\r\n        <div class=\"ace-article-info\">\r\n        <h3>Italie<\/h3>\r\n        <p>Conf\u00e9rence CNAPPC: De la qualit\u00e9 des march\u00e9s publics \u00e0 la qualit\u00e9 de la construction en Europe\u00a0<\/p>\r\n                    <h3>ACE Membres Organisations \u00c9v\u00e9nements<\/h3>\r\n                <p class=\"ace-article-date\">3 d\u00e9cembre 2024 \u2013 14 h 05<\/p>\r\n    <\/div>\r\n<\/a>                                            <\/div>\n            <nav class=\"ace-articles-nav\">\n                <a href=\"#\" class=\"ace-nav-prev\"><\/a>\n                <a href=\"#\" class=\"ace-nav-next\"><\/a>\n            <\/nav>\n        <\/div>\n    <\/div>\n<\/div>\n            <div class=\"ace-section-actions\">\n                                                                <button\n                        class=\"ace-load-more\"\n                        data-page-count=\"10\"\n                        data-feed-type=\"events\"\n                        data-showposts=\"8\"\n                        data-list-selector=\".ace-articles-list\"\n                    >\n                        CHARGER PLUS\n                    <\/button>\n                            \n                    <\/div>\n    <\/div>","protected":false},"excerpt":{"rendered":"","protected":false},"author":4,"featured_media":0,"parent":0,"menu_order":0,"comment_status":"closed","ping_status":"closed","template":"","meta":{"inline_featured_image":false,"footnotes":""},"thematic-scope":[],"class_list":["post-817","page","type-page","status-publish","hentry"],"yoast_head":"<!-- This site is optimized with the Yoast SEO Premium plugin v25.3 (Yoast SEO v27.4) - https:\/\/yoast.com\/product\/yoast-seo-premium-wordpress\/ -->\n<title>Events - Architects&#039; Council of Europe<\/title>\n<meta name=\"robots\" content=\"index, follow, max-snippet:-1, max-image-preview:large, max-video-preview:-1\" \/>\n<link rel=\"canonical\" href=\"https:\/\/ace-cae.eu\/fr\/events\/\" \/>\n<meta property=\"og:locale\" content=\"fr_FR\" \/>\n<meta property=\"og:type\" content=\"article\" \/>\n<meta property=\"og:title\" content=\"Events\" \/>\n<meta property=\"og:url\" content=\"https:\/\/ace-cae.eu\/fr\/events\/\" \/>\n<meta property=\"og:site_name\" content=\"Architects&#039; Council of Europe\" \/>\n<meta property=\"article:publisher\" content=\"https:\/\/www.facebook.com\/ArchitectsEU\" \/>\n<meta property=\"article:modified_time\" content=\"2025-03-07T12:43:43+00:00\" \/>\n<meta property=\"og:image\" content=\"https:\/\/ace-cae.eu\/wp-content\/uploads\/2024\/12\/ace-cae-sm.jpg\" \/>\n\t<meta property=\"og:image:width\" content=\"2667\" \/>\n\t<meta property=\"og:image:height\" content=\"1500\" \/>\n\t<meta property=\"og:image:type\" content=\"image\/jpeg\" \/>\n<meta name=\"twitter:card\" content=\"summary_large_image\" \/>\n<meta name=\"twitter:site\" content=\"@Ace_Cae\" \/>\n<script type=\"application\/ld+json\" class=\"yoast-schema-graph\">{\"@context\":\"https:\\\/\\\/schema.org\",\"@graph\":[{\"@type\":\"WebPage\",\"@id\":\"https:\\\/\\\/ace-cae.eu\\\/events\\\/\",\"url\":\"https:\\\/\\\/ace-cae.eu\\\/events\\\/\",\"name\":\"Events - Architects&#039; Council of Europe\",\"isPartOf\":{\"@id\":\"https:\\\/\\\/ace-cae.eu\\\/#website\"},\"datePublished\":\"2024-11-15T07:34:48+00:00\",\"dateModified\":\"2025-03-07T12:43:43+00:00\",\"breadcrumb\":{\"@id\":\"https:\\\/\\\/ace-cae.eu\\\/events\\\/#breadcrumb\"},\"inLanguage\":\"fr-FR\",\"potentialAction\":[{\"@type\":\"ReadAction\",\"target\":[\"https:\\\/\\\/ace-cae.eu\\\/events\\\/\"]}]},{\"@type\":\"BreadcrumbList\",\"@id\":\"https:\\\/\\\/ace-cae.eu\\\/events\\\/#breadcrumb\",\"itemListElement\":[{\"@type\":\"ListItem\",\"position\":1,\"name\":\"Home\",\"item\":\"https:\\\/\\\/ace-cae.eu\\\/\"},{\"@type\":\"ListItem\",\"position\":2,\"name\":\"Events\"}]},{\"@type\":\"WebSite\",\"@id\":\"https:\\\/\\\/ace-cae.eu\\\/#website\",\"url\":\"https:\\\/\\\/ace-cae.eu\\\/\",\"name\":\"Architects' Council of Europe\",\"description\":\"High-quality architecture and living environments for all.\",\"publisher\":{\"@id\":\"https:\\\/\\\/ace-cae.eu\\\/#organization\"},\"alternateName\":\"ACE-CAE\",\"potentialAction\":[{\"@type\":\"SearchAction\",\"target\":{\"@type\":\"EntryPoint\",\"urlTemplate\":\"https:\\\/\\\/ace-cae.eu\\\/?s={search_term_string}\"},\"query-input\":{\"@type\":\"PropertyValueSpecification\",\"valueRequired\":true,\"valueName\":\"search_term_string\"}}],\"inLanguage\":\"fr-FR\"},{\"@type\":\"Organization\",\"@id\":\"https:\\\/\\\/ace-cae.eu\\\/#organization\",\"name\":\"Architects' Council of Europe\",\"alternateName\":\"ACE-CAE\",\"url\":\"https:\\\/\\\/ace-cae.eu\\\/\",\"logo\":{\"@type\":\"ImageObject\",\"inLanguage\":\"fr-FR\",\"@id\":\"https:\\\/\\\/ace-cae.eu\\\/#\\\/schema\\\/logo\\\/image\\\/\",\"url\":\"https:\\\/\\\/ace-cae.eu\\\/wp-content\\\/uploads\\\/2024\\\/12\\\/logo.svg\",\"contentUrl\":\"https:\\\/\\\/ace-cae.eu\\\/wp-content\\\/uploads\\\/2024\\\/12\\\/logo.svg\",\"width\":136,\"height\":42,\"caption\":\"Architects' Council of Europe\"},\"image\":{\"@id\":\"https:\\\/\\\/ace-cae.eu\\\/#\\\/schema\\\/logo\\\/image\\\/\"},\"sameAs\":[\"https:\\\/\\\/www.facebook.com\\\/ArchitectsEU\",\"https:\\\/\\\/x.com\\\/Ace_Cae\",\"https:\\\/\\\/www.linkedin.com\\\/company\\\/architects-council-of-europe-ace-\",\"https:\\\/\\\/www.instagram.com\\\/ace.archi.eu\\\/\",\"https:\\\/\\\/www.youtube.com\\\/@architectscouncilofeurope-8375\"],\"description\":\"The Architects\u2019 Council of Europe (ACE) is the representative organisation for the architecture at European level. Its growing membership currently consists of 52 Member Organisations, which are the regulatory and professional representative bodies in all EU Member States, Accession Countries, the UK, Switzerland and Norway, and 6 Observers Members \u2013 Serbia, Kosovo, Ukraine, Montenegro, Macedonia and Moldova. Through them, for 30 years, the ACE represents the interests of over half a million architects from 36 countries in Europe.\",\"email\":\"info@ace-cae.eu\",\"telephone\":\"+32 2 543 11 40\",\"legalName\":\"Conseil des Architectes d\u2019Europe AISBL\",\"foundingDate\":\"1900-05-11\",\"vatID\":\"BE 0464 884 970\",\"ownershipFundingInfo\":\"https:\\\/\\\/ace-cae.eu\\\/imprint\\\/\"}]}<\/script>\n<!-- \/ Yoast SEO Premium plugin. -->","yoast_head_json":{"title":"Events - Architects&#039; Council of Europe","robots":{"index":"index","follow":"follow","max-snippet":"max-snippet:-1","max-image-preview":"max-image-preview:large","max-video-preview":"max-video-preview:-1"},"canonical":"https:\/\/ace-cae.eu\/fr\/events\/","og_locale":"fr_FR","og_type":"article","og_title":"Events","og_url":"https:\/\/ace-cae.eu\/fr\/events\/","og_site_name":"Architects&#039; Council of Europe","article_publisher":"https:\/\/www.facebook.com\/ArchitectsEU","article_modified_time":"2025-03-07T12:43:43+00:00","og_image":[{"width":2667,"height":1500,"url":"https:\/\/ace-cae.eu\/wp-content\/uploads\/2024\/12\/ace-cae-sm.jpg","type":"image\/jpeg"}],"twitter_card":"summary_large_image","twitter_site":"@Ace_Cae","schema":{"@context":"https:\/\/schema.org","@graph":[{"@type":"WebPage","@id":"https:\/\/ace-cae.eu\/events\/","url":"https:\/\/ace-cae.eu\/events\/","name":"Events - Architects&#039; Council of Europe","isPartOf":{"@id":"https:\/\/ace-cae.eu\/#website"},"datePublished":"2024-11-15T07:34:48+00:00","dateModified":"2025-03-07T12:43:43+00:00","breadcrumb":{"@id":"https:\/\/ace-cae.eu\/events\/#breadcrumb"},"inLanguage":"fr-FR","potentialAction":[{"@type":"ReadAction","target":["https:\/\/ace-cae.eu\/events\/"]}]},{"@type":"BreadcrumbList","@id":"https:\/\/ace-cae.eu\/events\/#breadcrumb","itemListElement":[{"@type":"ListItem","position":1,"name":"Home","item":"https:\/\/ace-cae.eu\/"},{"@type":"ListItem","position":2,"name":"Events"}]},{"@type":"WebSite","@id":"https:\/\/ace-cae.eu\/#website","url":"https:\/\/ace-cae.eu\/","name":"Architects' Council of Europe","description":"High-quality architecture and living environments for all.","publisher":{"@id":"https:\/\/ace-cae.eu\/#organization"},"alternateName":"ACE-CAE","potentialAction":[{"@type":"SearchAction","target":{"@type":"EntryPoint","urlTemplate":"https:\/\/ace-cae.eu\/?s={search_term_string}"},"query-input":{"@type":"PropertyValueSpecification","valueRequired":true,"valueName":"search_term_string"}}],"inLanguage":"fr-FR"},{"@type":"Organization","@id":"https:\/\/ace-cae.eu\/#organization","name":"Architects' Council of Europe","alternateName":"ACE-CAE","url":"https:\/\/ace-cae.eu\/","logo":{"@type":"ImageObject","inLanguage":"fr-FR","@id":"https:\/\/ace-cae.eu\/#\/schema\/logo\/image\/","url":"https:\/\/ace-cae.eu\/wp-content\/uploads\/2024\/12\/logo.svg","contentUrl":"https:\/\/ace-cae.eu\/wp-content\/uploads\/2024\/12\/logo.svg","width":136,"height":42,"caption":"Architects' Council of Europe"},"image":{"@id":"https:\/\/ace-cae.eu\/#\/schema\/logo\/image\/"},"sameAs":["https:\/\/www.facebook.com\/ArchitectsEU","https:\/\/x.com\/Ace_Cae","https:\/\/www.linkedin.com\/company\/architects-council-of-europe-ace-","https:\/\/www.instagram.com\/ace.archi.eu\/","https:\/\/www.youtube.com\/@architectscouncilofeurope-8375"],"description":"The Architects\u2019 Council of Europe (ACE) is the representative organisation for the architecture at European level. Its growing membership currently consists of 52 Member Organisations, which are the regulatory and professional representative bodies in all EU Member States, Accession Countries, the UK, Switzerland and Norway, and 6 Observers Members \u2013 Serbia, Kosovo, Ukraine, Montenegro, Macedonia and Moldova. Through them, for 30 years, the ACE represents the interests of over half a million architects from 36 countries in Europe.","email":"info@ace-cae.eu","telephone":"+32 2 543 11 40","legalName":"Conseil des Architectes d\u2019Europe AISBL","foundingDate":"1900-05-11","vatID":"BE 0464 884 970","ownershipFundingInfo":"https:\/\/ace-cae.eu\/imprint\/"}]}},"_links":{"self":[{"href":"https:\/\/ace-cae.eu\/fr\/wp-json\/wp\/v2\/pages\/817","targetHints":{"allow":["GET"]}}],"collection":[{"href":"https:\/\/ace-cae.eu\/fr\/wp-json\/wp\/v2\/pages"}],"about":[{"href":"https:\/\/ace-cae.eu\/fr\/wp-json\/wp\/v2\/types\/page"}],"author":[{"embeddable":true,"href":"https:\/\/ace-cae.eu\/fr\/wp-json\/wp\/v2\/users\/4"}],"replies":[{"embeddable":true,"href":"https:\/\/ace-cae.eu\/fr\/wp-json\/wp\/v2\/comments?post=817"}],"version-history":[{"count":0,"href":"https:\/\/ace-cae.eu\/fr\/wp-json\/wp\/v2\/pages\/817\/revisions"}],"wp:attachment":[{"href":"https:\/\/ace-cae.eu\/fr\/wp-json\/wp\/v2\/media?parent=817"}],"wp:term":[{"taxonomy":"thematic-scope","embeddable":true,"href":"https:\/\/ace-cae.eu\/fr\/wp-json\/wp\/v2\/thematic-scope?post=817"}],"curies":[{"name":"wp","href":"https:\/\/api.w.org\/{rel}","templated":true}]}}