{"id":865,"date":"2024-11-21T10:25:30","date_gmt":"2024-11-21T10:25:30","guid":{"rendered":"https:\/\/ace-cae.eu\/cookie-policy-eu\/"},"modified":"2024-12-05T17:02:31","modified_gmt":"2024-12-05T17:02:31","slug":"cookie-policy-eu","status":"publish","type":"page","link":"https:\/\/ace-cae.eu\/es\/cookie-policy-eu\/","title":{"rendered":"Pol\u00edtica de Cookies (UE)"},"content":{"rendered":"<!-- Legal document generated by Complianz | GDPR\/CCPA Cookie Consent https:\/\/wordpress.org\/plugins\/complianz-gdpr -->\n<div id=\"cmplz-document\" class=\"cmplz-document cookie-statement cmplz-document-eu\"><p><i>This Cookie Policy was last updated on diciembre 6, 2024 and applies to citizens and legal permanent residents of the European Economic Area and Switzerland.<\/i><br><\/p><h2>1. Introducci\u00f3n<\/h2><p>Nuestro sitio web, <a href=\"https:\/\/ace-cae.eu\/es\">https:\/\/ace-cae.eu\/es<\/a> (en lo sucesivo: \u00abel sitio web\u00bb) utiliza cookies y otras tecnolog\u00edas relacionadas (para mayor comodidad, todas las tecnolog\u00edas se denominan \u00abcookies\u00bb). Las cookies tambi\u00e9n son colocadas por terceros que hemos contratado. En el siguiente documento le informamos sobre el uso de cookies en nuestro sitio web.<\/p><h2>2. \u00bfQu\u00e9 son las cookies?<\/h2><p>Una cookie es un peque\u00f1o archivo simple que se env\u00eda junto con las p\u00e1ginas de este sitio web y es almacenado por su navegador en el disco duro de su computadora u otro dispositivo. La informaci\u00f3n almacenada en el mismo puede ser devuelta a nuestros servidores o a los servidores de los terceros pertinentes durante una visita posterior.<\/p><h2>3. \u00bfQu\u00e9 son los scripts?<\/h2><p>Un script es una pieza de c\u00f3digo de programa que se utiliza para hacer que nuestro sitio web funcione correctamente e interactivamente. Este c\u00f3digo se ejecuta en nuestro servidor o en su dispositivo.<\/p><h2>4. \u00bfQu\u00e9 es un web beacon?<\/h2><p>Una baliza web (o una etiqueta de p\u00edxel) es una peque\u00f1a pieza invisible de texto o imagen en un sitio web que se utiliza para monitorear el tr\u00e1fico en un sitio web. Para hacer esto, varios datos sobre usted se almacenan utilizando balizas web.<\/p><h2>5. Cookies<\/h2><p class=\"cmplz-subtitle\">5.1 Cookies t\u00e9cnicas o funcionales<\/p><p>Algunas cookies aseguran que ciertas partes del sitio web funcionen correctamente y que sus preferencias de usuario permanezcan conocidas. Al colocar cookies funcionales, le facilitamos la visita a nuestro sitio web. De esta manera, no necesita ingresar repetidamente la misma informaci\u00f3n cuando visita nuestro sitio web y, por ejemplo, los art\u00edculos permanecen en su carrito de compras hasta que haya pagado. Podemos colocar estas cookies sin su consentimiento.<\/p><p class=\"cmplz-subtitle\">5.2 Cookies de estad\u00edsticas<\/p><p>Utilizamos cookies estad\u00edsticas para optimizar la experiencia del sitio web para nuestros usuarios. Con estas cookies de estad\u00edsticas obtenemos informaci\u00f3n sobre el uso de nuestro sitio web.\u00a0Le pedimos su permiso para colocar cookies de estad\u00edsticas.<\/p><p class=\"cmplz-subtitle\">5.3 Cookies de marketing\/seguimiento<\/p><p>Las cookies de marketing \/ seguimiento son cookies o cualquier otra forma de almacenamiento local, que se utilizan para crear perfiles de usuario para mostrar publicidad o para rastrear al usuario en este sitio web o en varios sitios web con fines de marketing similares.<\/p><p class=\"cmplz-subtitle\">5.4 Redes sociales<\/p><p>En nuestro sitio web, hemos incluido contenido para promocionar p\u00e1ginas web (por ejemplo, \u00abme gusta\u00bb, \u00abpin\u00bb) o compartir (por ejemplo, \u00abtweet\u00bb) en las redes sociales. Este contenido est\u00e1 incrustado con c\u00f3digo derivado de terceros y coloca cookies. Este contenido puede almacenar y procesar cierta informaci\u00f3n para publicidad personalizada.<\/p><p>Por favor, lea la declaraci\u00f3n de privacidad de estas redes sociales (que pueden cambiar regularmente) para leer lo que hacen con sus datos (personales) que procesan utilizando estas cookies. Los datos que se recuperan se anonimizan tanto como sea posible.<\/p><h2>6. Galletas colocadas<\/h2><div id=\"cmplz-cookies-overview\"><\/div><h2>7. Consent<\/h2><p>Cuando visite nuestro sitio web por primera vez, le mostraremos una ventana emergente con una explicaci\u00f3n sobre las cookies. Tan pronto como haga clic en \u00abGuardar preferencias\u00bb, nos autoriza a utilizar las categor\u00edas de cookies y complementos que seleccion\u00f3 en la ventana emergente, tal como se describe en esta Pol\u00edtica de cookies. Puede desactivar el uso de cookies a trav\u00e9s de su navegador, pero tenga en cuenta que es posible que nuestro sitio web ya no funcione correctamente.<\/p><p class=\"cmplz-subtitle\">7.1 Gestionar la configuraci\u00f3n de su consentimiento<\/p><div id=\"cmplz-manage-consent-container-nojavascript\">You have loaded the Cookie Policy without javascript support.&nbsp;On AMP, you can use the manage consent button on the bottom of the page.<\/div><div id=\"cmplz-manage-consent-container\" name=\"cmplz-manage-consent-container\" class=\"cmplz-manage-consent-container\"><\/div><h2>8. Habilitaci\u00f3n\/desactivaci\u00f3n y eliminaci\u00f3n de cookies<\/h2><p>Puede utilizar su navegador de Internet para eliminar las cookies de forma autom\u00e1tica o manual. Tambi\u00e9n puede especificar que es posible que no se coloquen ciertas cookies. Otra opci\u00f3n es cambiar la configuraci\u00f3n de su navegador de Internet para que reciba un mensaje cada vez que se coloque una cookie. Para obtener m\u00e1s informaci\u00f3n sobre estas opciones, consulte las instrucciones en la secci\u00f3n Ayuda de su navegador.<\/p><p>Tenga en cuenta que nuestro sitio web puede no funcionar correctamente si todas las cookies est\u00e1n deshabilitadas. Si elimina las cookies en su navegador, se volver\u00e1n a colocar despu\u00e9s de su consentimiento cuando vuelva a visitar nuestro sitio web.<\/p><h2>9. Sus derechos con respecto a los datos personales<\/h2><p>Usted tiene los siguientes derechos con respecto a sus datos personales:<\/p><ul>\n                    <li>Tiene derecho a saber por qu\u00e9 se necesitan sus datos personales, qu\u00e9 suceder\u00e1 con ellos y durante cu\u00e1nto tiempo se conservar\u00e1n.<\/li>\n                    <li>Derecho de acceso: Tiene derecho a acceder a sus datos personales que conozcamos.<\/li>\n                    <li>Derecho de rectificaci\u00f3n: tiene derecho a completar, corregir, eliminar o bloquear sus datos personales siempre que lo desee.<\/li>\n                    <li>Si nos da su consentimiento para procesar sus datos, tiene derecho a revocar ese consentimiento y a que se eliminen sus datos personales.<\/li>\n                    <li>Derecho a transferir sus datos: tiene derecho a solicitar todos sus datos personales al responsable del tratamiento y transferirlos en su totalidad a otro responsable del tratamiento.<\/li>\n                    <li>Derecho de oposici\u00f3n: puede oponerse al tratamiento de sus datos. Cumplimos con esto, a menos que haya motivos justificados para el procesamiento.<\/li>\n                <\/ul><p>Para ejercer estos derechos, p\u00f3ngase en contacto con nosotros. Consulte los datos de contacto en la parte inferior de esta Pol\u00edtica de cookies. Si tiene una queja sobre c\u00f3mo manejamos sus datos, nos gustar\u00eda saber de usted, pero tambi\u00e9n tiene derecho a presentar una queja ante la autoridad supervisora (la Autoridad de Protecci\u00f3n de Datos).<\/p><h2>10. Datos de contacto<\/h2><p>Para preguntas y \/ o comentarios sobre nuestra Pol\u00edtica de cookies y esta declaraci\u00f3n, cont\u00e1ctenos utilizando los siguientes datos de contacto:<\/p><p><span class=\"cmplz-contact-organisation\">Consejo de Arquitectos de Europa AISBL<\/span><br>\n                      <span class=\"cmplz-contact-address\">29 rue Paul Emile Janson<br \/>\nB-1050 Bruselas (B\u00e9lgica)<\/span><br>\n                      <span class=\"cmplz-contact-country\">B\u00e9lgica<\/span><br>\n                      <span class=\"cmplz-contact-domain\">Sitio web: <a href=\"https:\/\/ace-cae.eu\/es\">https:\/\/ace-cae.eu\/es<\/a><\/span><br>\n                      <span class=\"cmplz-contact-email\">Correo electr\u00f3nico: <span class=\"cmplz-obfuscate\">&#105;&#110;&#102;&#111;@<span class=\"cmplz-fmail-domain\">ex.com<\/span>&#097;c&#101;-ca&#101;.eu<\/span><\/span><br>\n                    <span class=\"cmplz-contact-telephone\">N\u00famero de tel\u00e9fono: +32 2 543 11 40<\/span><\/p><p>Esta Pol\u00edtica de Cookies se sincroniz\u00f3 con <a href=\"https:\/\/cookiedatabase.org\/\" target=\"_blank\">cookiedatabase.org<\/a> on abril 15, 2026.<\/p><\/div>\n\n\n<!-- Legal document generated by Complianz | GDPR\/CCPA Cookie Consent https:\/\/wordpress.org\/plugins\/complianz-gdpr -->\n<div id=\"cmplz-document\" class=\"cmplz-document cookie-statement cmplz-document-eu\"><p><i>This Cookie Policy was last updated on diciembre 6, 2024 and applies to citizens and legal permanent residents of the European Economic Area and Switzerland.<\/i><br><\/p><h2>1. Introducci\u00f3n<\/h2><p>Nuestro sitio web, <a href=\"https:\/\/ace-cae.eu\/es\">https:\/\/ace-cae.eu\/es<\/a> (en lo sucesivo: \"el sitio web\") utiliza cookies y otras tecnolog\u00edas relacionadas (para mayor comodidad, todas las tecnolog\u00edas se denominan \"cookies\"). Las cookies tambi\u00e9n son colocadas por terceros que hemos contratado. En el siguiente documento le informamos sobre el uso de cookies en nuestro sitio web.<\/p><h2>2. \u00bfQu\u00e9 son las cookies?<\/h2><p>Una cookie es un peque\u00f1o archivo simple que se env\u00eda junto con las p\u00e1ginas de este sitio web y es almacenado por su navegador en el disco duro de su computadora u otro dispositivo. La informaci\u00f3n almacenada en el mismo puede ser devuelta a nuestros servidores o a los servidores de los terceros pertinentes durante una visita posterior.<\/p><h2>3. \u00bfQu\u00e9 son los scripts?<\/h2><p>Un script es una pieza de c\u00f3digo de programa que se utiliza para hacer que nuestro sitio web funcione correctamente e interactivamente. Este c\u00f3digo se ejecuta en nuestro servidor o en su dispositivo.<\/p><h2>4. \u00bfQu\u00e9 es un web beacon?<\/h2><p>Una baliza web (o una etiqueta de p\u00edxel) es una peque\u00f1a pieza invisible de texto o imagen en un sitio web que se utiliza para monitorear el tr\u00e1fico en un sitio web. Para hacer esto, varios datos sobre usted se almacenan utilizando balizas web.<\/p><h2>5. Cookies<\/h2><p class=\"cmplz-subtitle\">5.1 Cookies t\u00e9cnicas o funcionales<\/p><p>Algunas cookies aseguran que ciertas partes del sitio web funcionen correctamente y que sus preferencias de usuario permanezcan conocidas. Al colocar cookies funcionales, le facilitamos la visita a nuestro sitio web. De esta manera, no necesita ingresar repetidamente la misma informaci\u00f3n cuando visita nuestro sitio web y, por ejemplo, los art\u00edculos permanecen en su carrito de compras hasta que haya pagado. Podemos colocar estas cookies sin su consentimiento.<\/p><p class=\"cmplz-subtitle\">5.2 Cookies de estad\u00edsticas<\/p><p>Utilizamos cookies estad\u00edsticas para optimizar la experiencia del sitio web para nuestros usuarios. Con estas cookies de estad\u00edsticas obtenemos informaci\u00f3n sobre el uso de nuestro sitio web.\u00a0Le pedimos su permiso para colocar cookies de estad\u00edsticas.<\/p><p class=\"cmplz-subtitle\">5.3 Cookies de marketing\/seguimiento<\/p><p>Las cookies de marketing \/ seguimiento son cookies o cualquier otra forma de almacenamiento local, que se utilizan para crear perfiles de usuario para mostrar publicidad o para rastrear al usuario en este sitio web o en varios sitios web con fines de marketing similares.<\/p><p class=\"cmplz-subtitle\">5.4 Redes sociales<\/p><p>En nuestro sitio web, hemos incluido contenido para promocionar p\u00e1ginas web (por ejemplo, \u00abme gusta\u00bb, \u00abpin\u00bb) o compartir (por ejemplo, \u00abtweet\u00bb) en las redes sociales. Este contenido est\u00e1 incrustado con c\u00f3digo derivado de terceros y coloca cookies. Este contenido puede almacenar y procesar cierta informaci\u00f3n para publicidad personalizada.<\/p><p>Por favor, lea la declaraci\u00f3n de privacidad de estas redes sociales (que pueden cambiar regularmente) para leer lo que hacen con sus datos (personales) que procesan utilizando estas cookies. Los datos que se recuperan se anonimizan tanto como sea posible.<\/p><h2>6. Galletas colocadas<\/h2><div id=\"cmplz-cookies-overview\"><\/div><h2>7. Consent<\/h2><p>Cuando visite nuestro sitio web por primera vez, le mostraremos una ventana emergente con una explicaci\u00f3n sobre las cookies. Tan pronto como haga clic en \"Guardar preferencias\", acepta que usemos las categor\u00edas de cookies y complementos que seleccion\u00f3 en la ventana emergente, como se describe en esta Pol\u00edtica de cookies. Puede desactivar el uso de cookies a trav\u00e9s de su navegador, pero tenga en cuenta que es posible que nuestro sitio web ya no funcione correctamente.<\/p><p class=\"cmplz-subtitle\">7.1 Gestionar la configuraci\u00f3n de su consentimiento<\/p><div id=\"cmplz-manage-consent-container-nojavascript\">You have loaded the Cookie Policy without javascript support.&nbsp;On AMP, you can use the manage consent button on the bottom of the page.<\/div><div id=\"cmplz-manage-consent-container\" class=\"cmplz-manage-consent-container\"><\/div><h2>8. Habilitaci\u00f3n\/desactivaci\u00f3n y eliminaci\u00f3n de cookies<\/h2><p>Puede utilizar su navegador de Internet para eliminar las cookies de forma autom\u00e1tica o manual. Tambi\u00e9n puede especificar que es posible que no se coloquen ciertas cookies. Otra opci\u00f3n es cambiar la configuraci\u00f3n de su navegador de Internet para que reciba un mensaje cada vez que se coloque una cookie. Para obtener m\u00e1s informaci\u00f3n sobre estas opciones, consulte las instrucciones en la secci\u00f3n Ayuda de su navegador.<\/p><p>Tenga en cuenta que nuestro sitio web puede no funcionar correctamente si todas las cookies est\u00e1n deshabilitadas. Si elimina las cookies en su navegador, se volver\u00e1n a colocar despu\u00e9s de su consentimiento cuando vuelva a visitar nuestro sitio web.<\/p><h2>9. Sus derechos con respecto a los datos personales<\/h2><p>Usted tiene los siguientes derechos con respecto a sus datos personales:<\/p><ul>\n                    <li>Tiene derecho a saber por qu\u00e9 se necesitan sus datos personales, qu\u00e9 suceder\u00e1 con ellos y durante cu\u00e1nto tiempo se conservar\u00e1n.<\/li>\n                    <li>Derecho de acceso: Tiene derecho a acceder a sus datos personales que conozcamos.<\/li>\n                    <li>Derecho de rectificaci\u00f3n: tiene derecho a completar, corregir, eliminar o bloquear sus datos personales siempre que lo desee.<\/li>\n                    <li>Si nos da su consentimiento para procesar sus datos, tiene derecho a revocar ese consentimiento y a que se eliminen sus datos personales.<\/li>\n                    <li>Derecho a transferir sus datos: tiene derecho a solicitar todos sus datos personales al responsable del tratamiento y transferirlos en su totalidad a otro responsable del tratamiento.<\/li>\n                    <li>Derecho de oposici\u00f3n: puede oponerse al tratamiento de sus datos. Cumplimos con esto, a menos que haya motivos justificados para el procesamiento.<\/li>\n                <\/ul><p>Para ejercer estos derechos, p\u00f3ngase en contacto con nosotros. Consulte los datos de contacto en la parte inferior de esta Pol\u00edtica de cookies. Si tiene una queja sobre c\u00f3mo manejamos sus datos, nos gustar\u00eda saber de usted, pero tambi\u00e9n tiene derecho a presentar una queja ante la autoridad supervisora (la Autoridad de Protecci\u00f3n de Datos).<\/p><h2>10. Datos de contacto<\/h2><p>Para preguntas y \/ o comentarios sobre nuestra Pol\u00edtica de cookies y esta declaraci\u00f3n, cont\u00e1ctenos utilizando los siguientes datos de contacto:<\/p><p><span class=\"cmplz-contact-organisation\">Consejo de Arquitectos de Europa AISBL<\/span><br>\n                      <span class=\"cmplz-contact-address\">29 rue Paul Emile Janson<br \/>\nB-1050 Bruselas (B\u00e9lgica)<\/span><br>\n                      <span class=\"cmplz-contact-country\">B\u00e9lgica<\/span><br>\n                      <span class=\"cmplz-contact-domain\">Sitio web: <a href=\"https:\/\/ace-cae.eu\/es\">https:\/\/ace-cae.eu\/es<\/a><\/span><br>\n                      <span class=\"cmplz-contact-email\">Correo electr\u00f3nico: <span class=\"cmplz-obfuscate\">info@<span class=\"cmplz-fmail-domain\">ex.com<\/span>&#097;&#099;&#101;-ca&#101;&#046;&#101;u<\/span><\/span><br>\n                    <span class=\"cmplz-contact-telephone\">N\u00famero de tel\u00e9fono: +32 2 543 11 40<\/span><\/p><p>Esta Pol\u00edtica de Cookies se sincroniz\u00f3 con <a href=\"https:\/\/cookiedatabase.org\/\" target=\"_blank\">cookiedatabase.org<\/a> on abril 15, 2026.<\/p><\/div>\n\n\n\n<p><\/p>","protected":false},"excerpt":{"rendered":"","protected":false},"author":4,"featured_media":0,"parent":0,"menu_order":0,"comment_status":"closed","ping_status":"closed","template":"page-who-we-are.php","meta":{"inline_featured_image":false,"footnotes":""},"thematic-scope":[],"class_list":["post-865","page","type-page","status-publish","hentry"],"yoast_head":"<!-- This site is optimized with the Yoast SEO Premium plugin v25.3 (Yoast SEO v27.3) - https:\/\/yoast.com\/product\/yoast-seo-premium-wordpress\/ -->\n<title>Cookie Policy (EU) - Architects&#039; Council of Europe<\/title>\n<meta name=\"robots\" content=\"index, follow, max-snippet:-1, max-image-preview:large, max-video-preview:-1\" \/>\n<link rel=\"canonical\" href=\"https:\/\/ace-cae.eu\/es\/cookie-policy-eu\/\" \/>\n<meta property=\"og:locale\" content=\"es_ES\" \/>\n<meta property=\"og:type\" content=\"article\" \/>\n<meta property=\"og:title\" content=\"Cookie Policy (EU)\" \/>\n<meta property=\"og:url\" content=\"https:\/\/ace-cae.eu\/es\/cookie-policy-eu\/\" \/>\n<meta property=\"og:site_name\" content=\"Architects&#039; Council of Europe\" \/>\n<meta property=\"article:publisher\" content=\"https:\/\/www.facebook.com\/ArchitectsEU\" \/>\n<meta property=\"article:modified_time\" content=\"2024-12-05T17:02:31+00:00\" \/>\n<meta property=\"og:image\" content=\"https:\/\/ace-cae.eu\/wp-content\/uploads\/2024\/12\/ace-cae-sm.jpg\" \/>\n\t<meta property=\"og:image:width\" content=\"2667\" \/>\n\t<meta property=\"og:image:height\" content=\"1500\" \/>\n\t<meta property=\"og:image:type\" content=\"image\/jpeg\" \/>\n<meta name=\"twitter:card\" content=\"summary_large_image\" \/>\n<meta name=\"twitter:site\" content=\"@Ace_Cae\" \/>\n<meta name=\"twitter:label1\" content=\"Tiempo de lectura\" \/>\n\t<meta name=\"twitter:data1\" content=\"1 minuto\" \/>\n<script type=\"application\/ld+json\" class=\"yoast-schema-graph\">{\"@context\":\"https:\\\/\\\/schema.org\",\"@graph\":[{\"@type\":\"WebPage\",\"@id\":\"https:\\\/\\\/ace-cae.eu\\\/cookie-policy-eu\\\/\",\"url\":\"https:\\\/\\\/ace-cae.eu\\\/cookie-policy-eu\\\/\",\"name\":\"Cookie Policy (EU) - Architects&#039; Council of Europe\",\"isPartOf\":{\"@id\":\"https:\\\/\\\/ace-cae.eu\\\/#website\"},\"datePublished\":\"2024-11-21T10:25:30+00:00\",\"dateModified\":\"2024-12-05T17:02:31+00:00\",\"breadcrumb\":{\"@id\":\"https:\\\/\\\/ace-cae.eu\\\/cookie-policy-eu\\\/#breadcrumb\"},\"inLanguage\":\"es\",\"potentialAction\":[{\"@type\":\"ReadAction\",\"target\":[\"https:\\\/\\\/ace-cae.eu\\\/cookie-policy-eu\\\/\"]}]},{\"@type\":\"BreadcrumbList\",\"@id\":\"https:\\\/\\\/ace-cae.eu\\\/cookie-policy-eu\\\/#breadcrumb\",\"itemListElement\":[{\"@type\":\"ListItem\",\"position\":1,\"name\":\"Home\",\"item\":\"https:\\\/\\\/ace-cae.eu\\\/\"},{\"@type\":\"ListItem\",\"position\":2,\"name\":\"Cookie Policy (EU)\"}]},{\"@type\":\"WebSite\",\"@id\":\"https:\\\/\\\/ace-cae.eu\\\/#website\",\"url\":\"https:\\\/\\\/ace-cae.eu\\\/\",\"name\":\"Architects' Council of Europe\",\"description\":\"High-quality architecture and living environments for all.\",\"publisher\":{\"@id\":\"https:\\\/\\\/ace-cae.eu\\\/#organization\"},\"alternateName\":\"ACE-CAE\",\"potentialAction\":[{\"@type\":\"SearchAction\",\"target\":{\"@type\":\"EntryPoint\",\"urlTemplate\":\"https:\\\/\\\/ace-cae.eu\\\/?s={search_term_string}\"},\"query-input\":{\"@type\":\"PropertyValueSpecification\",\"valueRequired\":true,\"valueName\":\"search_term_string\"}}],\"inLanguage\":\"es\"},{\"@type\":\"Organization\",\"@id\":\"https:\\\/\\\/ace-cae.eu\\\/#organization\",\"name\":\"Architects' Council of Europe\",\"alternateName\":\"ACE-CAE\",\"url\":\"https:\\\/\\\/ace-cae.eu\\\/\",\"logo\":{\"@type\":\"ImageObject\",\"inLanguage\":\"es\",\"@id\":\"https:\\\/\\\/ace-cae.eu\\\/#\\\/schema\\\/logo\\\/image\\\/\",\"url\":\"https:\\\/\\\/ace-cae.eu\\\/wp-content\\\/uploads\\\/2024\\\/12\\\/logo.svg\",\"contentUrl\":\"https:\\\/\\\/ace-cae.eu\\\/wp-content\\\/uploads\\\/2024\\\/12\\\/logo.svg\",\"width\":136,\"height\":42,\"caption\":\"Architects' Council of Europe\"},\"image\":{\"@id\":\"https:\\\/\\\/ace-cae.eu\\\/#\\\/schema\\\/logo\\\/image\\\/\"},\"sameAs\":[\"https:\\\/\\\/www.facebook.com\\\/ArchitectsEU\",\"https:\\\/\\\/x.com\\\/Ace_Cae\",\"https:\\\/\\\/www.linkedin.com\\\/company\\\/architects-council-of-europe-ace-\",\"https:\\\/\\\/www.instagram.com\\\/ace.archi.eu\\\/\",\"https:\\\/\\\/www.youtube.com\\\/@architectscouncilofeurope-8375\"],\"description\":\"The Architects\u2019 Council of Europe (ACE) is the representative organisation for the architecture at European level. Its growing membership currently consists of 52 Member Organisations, which are the regulatory and professional representative bodies in all EU Member States, Accession Countries, the UK, Switzerland and Norway, and 6 Observers Members \u2013 Serbia, Kosovo, Ukraine, Montenegro, Macedonia and Moldova. Through them, for 30 years, the ACE represents the interests of over half a million architects from 36 countries in Europe.\",\"email\":\"info@ace-cae.eu\",\"telephone\":\"+32 2 543 11 40\",\"legalName\":\"Conseil des Architectes d\u2019Europe AISBL\",\"foundingDate\":\"1900-05-11\",\"vatID\":\"BE 0464 884 970\",\"ownershipFundingInfo\":\"https:\\\/\\\/ace-cae.eu\\\/imprint\\\/\"}]}<\/script>\n<!-- \/ Yoast SEO Premium plugin. -->","yoast_head_json":{"title":"Cookie Policy (EU) - Architects&#039; Council of Europe","robots":{"index":"index","follow":"follow","max-snippet":"max-snippet:-1","max-image-preview":"max-image-preview:large","max-video-preview":"max-video-preview:-1"},"canonical":"https:\/\/ace-cae.eu\/es\/cookie-policy-eu\/","og_locale":"es_ES","og_type":"article","og_title":"Cookie Policy (EU)","og_url":"https:\/\/ace-cae.eu\/es\/cookie-policy-eu\/","og_site_name":"Architects&#039; Council of Europe","article_publisher":"https:\/\/www.facebook.com\/ArchitectsEU","article_modified_time":"2024-12-05T17:02:31+00:00","og_image":[{"width":2667,"height":1500,"url":"https:\/\/ace-cae.eu\/wp-content\/uploads\/2024\/12\/ace-cae-sm.jpg","type":"image\/jpeg"}],"twitter_card":"summary_large_image","twitter_site":"@Ace_Cae","twitter_misc":{"Tiempo de lectura":"1 minuto"},"schema":{"@context":"https:\/\/schema.org","@graph":[{"@type":"WebPage","@id":"https:\/\/ace-cae.eu\/cookie-policy-eu\/","url":"https:\/\/ace-cae.eu\/cookie-policy-eu\/","name":"Cookie Policy (EU) - Architects&#039; Council of Europe","isPartOf":{"@id":"https:\/\/ace-cae.eu\/#website"},"datePublished":"2024-11-21T10:25:30+00:00","dateModified":"2024-12-05T17:02:31+00:00","breadcrumb":{"@id":"https:\/\/ace-cae.eu\/cookie-policy-eu\/#breadcrumb"},"inLanguage":"es","potentialAction":[{"@type":"ReadAction","target":["https:\/\/ace-cae.eu\/cookie-policy-eu\/"]}]},{"@type":"BreadcrumbList","@id":"https:\/\/ace-cae.eu\/cookie-policy-eu\/#breadcrumb","itemListElement":[{"@type":"ListItem","position":1,"name":"Home","item":"https:\/\/ace-cae.eu\/"},{"@type":"ListItem","position":2,"name":"Cookie Policy (EU)"}]},{"@type":"WebSite","@id":"https:\/\/ace-cae.eu\/#website","url":"https:\/\/ace-cae.eu\/","name":"Architects' Council of Europe","description":"High-quality architecture and living environments for all.","publisher":{"@id":"https:\/\/ace-cae.eu\/#organization"},"alternateName":"ACE-CAE","potentialAction":[{"@type":"SearchAction","target":{"@type":"EntryPoint","urlTemplate":"https:\/\/ace-cae.eu\/?s={search_term_string}"},"query-input":{"@type":"PropertyValueSpecification","valueRequired":true,"valueName":"search_term_string"}}],"inLanguage":"es"},{"@type":"Organization","@id":"https:\/\/ace-cae.eu\/#organization","name":"Architects' Council of Europe","alternateName":"ACE-CAE","url":"https:\/\/ace-cae.eu\/","logo":{"@type":"ImageObject","inLanguage":"es","@id":"https:\/\/ace-cae.eu\/#\/schema\/logo\/image\/","url":"https:\/\/ace-cae.eu\/wp-content\/uploads\/2024\/12\/logo.svg","contentUrl":"https:\/\/ace-cae.eu\/wp-content\/uploads\/2024\/12\/logo.svg","width":136,"height":42,"caption":"Architects' Council of Europe"},"image":{"@id":"https:\/\/ace-cae.eu\/#\/schema\/logo\/image\/"},"sameAs":["https:\/\/www.facebook.com\/ArchitectsEU","https:\/\/x.com\/Ace_Cae","https:\/\/www.linkedin.com\/company\/architects-council-of-europe-ace-","https:\/\/www.instagram.com\/ace.archi.eu\/","https:\/\/www.youtube.com\/@architectscouncilofeurope-8375"],"description":"The Architects\u2019 Council of Europe (ACE) is the representative organisation for the architecture at European level. Its growing membership currently consists of 52 Member Organisations, which are the regulatory and professional representative bodies in all EU Member States, Accession Countries, the UK, Switzerland and Norway, and 6 Observers Members \u2013 Serbia, Kosovo, Ukraine, Montenegro, Macedonia and Moldova. Through them, for 30 years, the ACE represents the interests of over half a million architects from 36 countries in Europe.","email":"info@ace-cae.eu","telephone":"+32 2 543 11 40","legalName":"Conseil des Architectes d\u2019Europe AISBL","foundingDate":"1900-05-11","vatID":"BE 0464 884 970","ownershipFundingInfo":"https:\/\/ace-cae.eu\/imprint\/"}]}},"_links":{"self":[{"href":"https:\/\/ace-cae.eu\/es\/wp-json\/wp\/v2\/pages\/865","targetHints":{"allow":["GET"]}}],"collection":[{"href":"https:\/\/ace-cae.eu\/es\/wp-json\/wp\/v2\/pages"}],"about":[{"href":"https:\/\/ace-cae.eu\/es\/wp-json\/wp\/v2\/types\/page"}],"author":[{"embeddable":true,"href":"https:\/\/ace-cae.eu\/es\/wp-json\/wp\/v2\/users\/4"}],"replies":[{"embeddable":true,"href":"https:\/\/ace-cae.eu\/es\/wp-json\/wp\/v2\/comments?post=865"}],"version-history":[{"count":0,"href":"https:\/\/ace-cae.eu\/es\/wp-json\/wp\/v2\/pages\/865\/revisions"}],"wp:attachment":[{"href":"https:\/\/ace-cae.eu\/es\/wp-json\/wp\/v2\/media?parent=865"}],"wp:term":[{"taxonomy":"thematic-scope","embeddable":true,"href":"https:\/\/ace-cae.eu\/es\/wp-json\/wp\/v2\/thematic-scope?post=865"}],"curies":[{"name":"wp","href":"https:\/\/api.w.org\/{rel}","templated":true}]}}