{"id":866,"date":"2024-11-21T10:25:30","date_gmt":"2024-11-21T10:25:30","guid":{"rendered":"https:\/\/ace-cae.eu\/privacy-statement-eu\/"},"modified":"2024-12-05T16:23:51","modified_gmt":"2024-12-05T16:23:51","slug":"privacy-statement-eu","status":"publish","type":"page","link":"https:\/\/ace-cae.eu\/cs\/privacy-statement-eu\/","title":{"rendered":"Prohl\u00e1\u0161en\u00ed o ochran\u011b osobn\u00edch \u00fadaj\u016f (EU)"},"content":{"rendered":"<div class=\"wp-block-ace-section ace-section\">\n<!-- Legal document generated by Complianz | GDPR\/CCPA Cookie Consent https:\/\/wordpress.org\/plugins\/complianz-gdpr -->\n<div id=\"cmplz-document\" class=\"cmplz-document privacy-statement cmplz-document-eu\"><p><i>This privacy statement was last updated on Prosinec 6, 2024 and applies to citizens and legal permanent residents of the European Economic Area and Switzerland.<\/i><br \/><br \/><\/p><p><p>V tomto prohl\u00e1\u0161en\u00ed o ochran\u011b osobn\u00edch \u00fadaj\u016f vysv\u011btlujeme, co d\u011bl\u00e1me s \u00fadaji, kter\u00e9 o v\u00e1s z\u00edsk\u00e1v\u00e1me prost\u0159ednictv\u00edm <a href=\"https:\/\/ace-cae.eu\/cs\">https:\/\/ace-cae.eu\/cs<\/a>. Doporu\u010dujeme, abyste si pe\u010dliv\u011b p\u0159e\u010detli toto prohl\u00e1\u0161en\u00ed. P\u0159i zpracov\u00e1n\u00ed dodr\u017eujeme po\u017eadavky pr\u00e1vn\u00edch p\u0159edpis\u016f o ochran\u011b osobn\u00edch \u00fadaj\u016f. To mimo jin\u00e9 znamen\u00e1, \u017ee:<\/p><ul>\n                <li>jasn\u011b uv\u00e1d\u00edme \u00fa\u010dely, pro kter\u00e9 osobn\u00ed \u00fadaje zpracov\u00e1v\u00e1me. \u010cin\u00edme tak prost\u0159ednictv\u00edm tohoto prohl\u00e1\u0161en\u00ed o ochran\u011b osobn\u00edch \u00fadaj\u016f;<\/li>\n                <li>Na\u0161\u00edm c\u00edlem je omezit shroma\u017e\u010fov\u00e1n\u00ed osobn\u00edch \u00fadaj\u016f pouze na ty osobn\u00ed \u00fadaje, kter\u00e9 jsou vy\u017eadov\u00e1ny pro legitimn\u00ed \u00fa\u010dely;<\/li>\n                <li>nejprve po\u017e\u00e1d\u00e1me o v\u00e1\u0161 v\u00fdslovn\u00fd souhlas se zpracov\u00e1n\u00edm va\u0161ich osobn\u00edch \u00fadaj\u016f v p\u0159\u00edpadech vy\u017eaduj\u00edc\u00edch v\u00e1\u0161 souhlas;<\/li>\n                <li>p\u0159ij\u00edm\u00e1me vhodn\u00e1 bezpe\u010dnostn\u00ed opat\u0159en\u00ed k ochran\u011b va\u0161ich osobn\u00edch \u00fadaj\u016f a tak\u00e9 to vy\u017eadujeme od stran, kter\u00e9 zpracov\u00e1vaj\u00ed osobn\u00ed \u00fadaje na\u0161\u00edm jm\u00e9nem;<\/li>\n                <li>respektujeme Va\u0161e pr\u00e1vo na p\u0159\u00edstup k Va\u0161im osobn\u00edm \u00fadaj\u016fm nebo na jejich opravu \u010di vymaz\u00e1n\u00ed, a to na Va\u0161i \u017e\u00e1dost.<\/li>\n            <\/ul><p>M\u00e1te-li jak\u00e9koli dotazy nebo chcete-li p\u0159esn\u011b v\u011bd\u011bt, jak\u00e9 \u00fadaje o v\u00e1s uchov\u00e1v\u00e1me, kontaktujte n\u00e1s.<\/p><\/p><h2>1. \u00da\u010del, \u00fadaje a doba uchov\u00e1v\u00e1n\u00ed<\/h2>M\u016f\u017eeme shroma\u017e\u010fovat nebo p\u0159ij\u00edmat osobn\u00ed \u00fadaje pro \u0159adu \u00fa\u010del\u016f spojen\u00fdch s na\u0161imi obchodn\u00edmi operacemi, kter\u00e9 mohou zahrnovat n\u00e1sleduj\u00edc\u00ed: (klikn\u011bte pro rozbalen\u00ed)<details class=\"cmplz-dropdown dropdown-privacy-statement\"><summary><div><h3>1.1 Kontakt \u2013 prost\u0159ednictv\u00edm telefonu, po\u0161ty, e-mailu a\/nebo internetov\u00fdch formul\u00e1\u0159\u016f<\/h3><\/div><\/summary><p class=\"cmplz-subtitle\">K tomuto \u00fa\u010delu pou\u017e\u00edv\u00e1me n\u00e1sleduj\u00edc\u00ed \u00fadaje:<\/p><p><ul><li>K\u0159estn\u00ed jm\u00e9no a p\u0159\u00edjmen\u00ed<\/li><li>N\u00e1zev \u00fa\u010dtu nebo alias<\/li><li>E-mailov\u00e1 adresa<\/li><li>Telefonn\u00ed \u010d\u00edslo<\/li><li>IP adresa<\/li><\/ul><\/p><p class=\"cmplz-subtitle\">Z\u00e1kladem, na kter\u00e9m m\u016f\u017eeme tyto \u00fadaje zpracov\u00e1vat, je:<\/p><p><a target=\"_blank\" rel=\"noopener noreferrer nofollow\" href=\"https:\/\/cookiedatabase.org\/legal-bases\/#consent\">Na z\u00e1klad\u011b poskytnut\u00ed souhlasu.<\/a><\/p><p class=\"cmplz-subtitle\">Doba uchov\u00e1v\u00e1n\u00ed<\/p><p>Tyto \u00fadaje uchov\u00e1v\u00e1me a\u017e do ukon\u010den\u00ed slu\u017eby.<\/p><\/details><details class=\"cmplz-dropdown dropdown-privacy-statement\"><summary><div><h3>1.2 Registrace \u00fa\u010dtu<\/h3><\/div><\/summary><p class=\"cmplz-subtitle\">K tomuto \u00fa\u010delu pou\u017e\u00edv\u00e1me n\u00e1sleduj\u00edc\u00ed \u00fadaje:<\/p><p><ul><li>K\u0159estn\u00ed jm\u00e9no a p\u0159\u00edjmen\u00ed<\/li><li>N\u00e1zev \u00fa\u010dtu nebo alias<\/li><li>E-mailov\u00e1 adresa<\/li><li>Telefonn\u00ed \u010d\u00edslo<\/li><\/ul><\/p><p class=\"cmplz-subtitle\">Z\u00e1kladem, na kter\u00e9m m\u016f\u017eeme tyto \u00fadaje zpracov\u00e1vat, je:<\/p><p><a target=\"_blank\" rel=\"noopener noreferrer nofollow\" href=\"https:\/\/cookiedatabase.org\/legal-bases\/#consent\">Na z\u00e1klad\u011b poskytnut\u00ed souhlasu.<\/a><\/p><p class=\"cmplz-subtitle\">Doba uchov\u00e1v\u00e1n\u00ed<\/p><p>Tyto \u00fadaje uchov\u00e1v\u00e1me a\u017e do ukon\u010den\u00ed slu\u017eby.<\/p><\/details><details class=\"cmplz-dropdown dropdown-privacy-statement\"><summary><div><h3>1.3 Zpravodaje<\/h3><\/div><\/summary><p class=\"cmplz-subtitle\">K tomuto \u00fa\u010delu pou\u017e\u00edv\u00e1me n\u00e1sleduj\u00edc\u00ed \u00fadaje:<\/p><p><ul><li>K\u0159estn\u00ed jm\u00e9no a p\u0159\u00edjmen\u00ed<\/li><li>E-mailov\u00e1 adresa<\/li><\/ul><\/p><p class=\"cmplz-subtitle\">Z\u00e1kladem, na kter\u00e9m m\u016f\u017eeme tyto \u00fadaje zpracov\u00e1vat, je:<\/p><p><a target=\"_blank\" rel=\"noopener noreferrer nofollow\" href=\"https:\/\/cookiedatabase.org\/legal-bases\/#consent\">Na z\u00e1klad\u011b poskytnut\u00ed souhlasu.<\/a><\/p><p class=\"cmplz-subtitle\">Doba uchov\u00e1v\u00e1n\u00ed<\/p><p>Tyto \u00fadaje uchov\u00e1v\u00e1me a\u017e do ukon\u010den\u00ed slu\u017eby.<\/p><\/details><details class=\"cmplz-dropdown dropdown-privacy-statement\"><summary><div><h3>1.4 Sestavov\u00e1n\u00ed a anal\u00fdza statistik pro zlep\u0161en\u00ed webov\u00fdch str\u00e1nek.<\/h3><\/div><\/summary><p class=\"cmplz-subtitle\">K tomuto \u00fa\u010delu pou\u017e\u00edv\u00e1me n\u00e1sleduj\u00edc\u00ed \u00fadaje:<\/p><p><ul><li>IP adresa<\/li><li>Geoloka\u010dn\u00ed \u00fadaje<\/li><\/ul><\/p><p class=\"cmplz-subtitle\">Z\u00e1kladem, na kter\u00e9m m\u016f\u017eeme tyto \u00fadaje zpracov\u00e1vat, je:<\/p><p><a target=\"_blank\" rel=\"noopener noreferrer nofollow\" href=\"https:\/\/cookiedatabase.org\/legal-bases\/#consent\">Na z\u00e1klad\u011b poskytnut\u00ed souhlasu.<\/a><\/p><p class=\"cmplz-subtitle\">Doba uchov\u00e1v\u00e1n\u00ed<\/p><p>Tyto \u00fadaje uchov\u00e1v\u00e1me a\u017e do ukon\u010den\u00ed slu\u017eby.<\/p><\/details><h2>2. Sd\u00edlen\u00ed s ostatn\u00edmi stranami<\/h2><p>Tyto \u00fadaje sd\u00edl\u00edme nebo zp\u0159\u00edstup\u0148ujeme zpracovatel\u016fm pouze pro n\u00e1sleduj\u00edc\u00ed \u00fa\u010dely:<\/p><h2>3. Soubory cookie<\/h2><p>Na\u0161e webov\u00e9 str\u00e1nky pou\u017e\u00edvaj\u00ed soubory cookie. Dal\u0161\u00ed informace o souborech cookie naleznete v na\u0161ich z\u00e1sad\u00e1ch ochrany osobn\u00edch \u00fadaj\u016f. <a href=\"https:\/\/ace-cae.eu\/cs\/cookie-policy-eu\/\">Z\u00e1sady pou\u017e\u00edv\u00e1n\u00ed soubor\u016f cookie<\/a>.&nbsp;<\/p><h2>4. Postupy zve\u0159ej\u0148ov\u00e1n\u00ed informac\u00ed<\/h2><p><p>Osobn\u00ed \u00fadaje zve\u0159ej\u0148ujeme, pokud to vy\u017eaduje z\u00e1kon nebo soudn\u00ed p\u0159\u00edkaz, v reakci na org\u00e1n \u010dinn\u00fd v trestn\u00edm \u0159\u00edzen\u00ed, v rozsahu povolen\u00e9m jin\u00fdmi pr\u00e1vn\u00edmi p\u0159edpisy, abychom poskytli informace nebo vy\u0161et\u0159ovali z\u00e1le\u017eitost souvisej\u00edc\u00ed s ve\u0159ejnou bezpe\u010dnost\u00ed.<\/p><p>Pokud jsou na\u0161e webov\u00e9 str\u00e1nky nebo organizace p\u0159evzaty, prod\u00e1ny nebo zapojeny do f\u00faze nebo akvizice, mohou b\u00fdt va\u0161e \u00fadaje sd\u011bleny na\u0161im poradc\u016fm a potenci\u00e1ln\u00edm kupuj\u00edc\u00edm a budou p\u0159ed\u00e1ny nov\u00fdm vlastn\u00edk\u016fm.<\/p><\/p><p>Se spole\u010dnost\u00ed Google jsme uzav\u0159eli smlouvu o zpracov\u00e1n\u00ed dat.<\/p><p>Zahrnut\u00ed \u00fapln\u00fdch IP adres je n\u00e1mi blokov\u00e1no.<\/p><h2>5. Bezpe\u010dnost<\/h2><p>Zav\u00e1zali jsme se k bezpe\u010dnosti osobn\u00edch \u00fadaj\u016f. P\u0159ij\u00edm\u00e1me vhodn\u00e1 bezpe\u010dnostn\u00ed opat\u0159en\u00ed, abychom omezili zneu\u017eit\u00ed osobn\u00edch \u00fadaj\u016f a neopr\u00e1vn\u011bn\u00fd p\u0159\u00edstup k nim. T\u00edm je zaji\u0161t\u011bno, \u017ee k va\u0161im \u00fadaj\u016fm maj\u00ed p\u0159\u00edstup pouze nezbytn\u00e9 osoby, \u017ee p\u0159\u00edstup k \u00fadaj\u016fm je chr\u00e1n\u011bn a \u017ee na\u0161e bezpe\u010dnostn\u00ed opat\u0159en\u00ed jsou pravideln\u011b p\u0159ezkoum\u00e1v\u00e1na.<\/p><h2>6. Webov\u00e9 str\u00e1nky t\u0159et\u00edch stran<\/h2><p>Toto prohl\u00e1\u0161en\u00ed o ochran\u011b osobn\u00edch \u00fadaj\u016f se nevztahuje na webov\u00e9 str\u00e1nky t\u0159et\u00edch stran propojen\u00e9 odkazy na na\u0161ich webov\u00fdch str\u00e1nk\u00e1ch. Nem\u016f\u017eeme zaru\u010dit, \u017ee tyto t\u0159et\u00ed strany nakl\u00e1daj\u00ed s va\u0161imi osobn\u00edmi \u00fadaji spolehliv\u00fdm a bezpe\u010dn\u00fdm zp\u016fsobem. Doporu\u010dujeme, abyste si p\u0159ed pou\u017eit\u00edm t\u011bchto webov\u00fdch str\u00e1nek p\u0159e\u010detli prohl\u00e1\u0161en\u00ed o ochran\u011b osobn\u00edch \u00fadaj\u016f t\u011bchto webov\u00fdch str\u00e1nek.<\/p><h2>7. Zm\u011bny tohoto prohl\u00e1\u0161en\u00ed o ochran\u011b osobn\u00edch \u00fadaj\u016f<\/h2><p>Vyhrazujeme si pr\u00e1vo prov\u00e9st zm\u011bny tohoto prohl\u00e1\u0161en\u00ed o ochran\u011b osobn\u00edch \u00fadaj\u016f. Doporu\u010dujeme v\u00e1m pravideln\u011b nahl\u00ed\u017eet do tohoto prohl\u00e1\u0161en\u00ed o ochran\u011b osobn\u00edch \u00fadaj\u016f, abyste si byli v\u011bdomi jak\u00fdchkoli zm\u011bn. Krom\u011b toho v\u00e1s budeme aktivn\u011b informovat, kdykoli to bude mo\u017en\u00e9.<\/p><h2>8. P\u0159\u00edstup k va\u0161im dat\u016fm a jejich \u00faprava<\/h2><p>M\u00e1te-li jak\u00e9koli dotazy nebo chcete-li v\u011bd\u011bt, jak\u00e9 osobn\u00ed \u00fadaje o v\u00e1s m\u00e1me, kontaktujte n\u00e1s. M\u016f\u017eete n\u00e1s kontaktovat pomoc\u00ed n\u00ed\u017ee uveden\u00fdch informac\u00ed. M\u00e1te n\u00e1sleduj\u00edc\u00ed pr\u00e1va:<\/p><ul>\n                <li>M\u00e1te pr\u00e1vo v\u011bd\u011bt, pro\u010d jsou va\u0161e osobn\u00ed \u00fadaje pot\u0159ebn\u00e9, co se s nimi stane a jak dlouho budou uchov\u00e1v\u00e1ny.<\/li>\n                <li>Pr\u00e1vo na p\u0159\u00edstup: M\u00e1te pr\u00e1vo na p\u0159\u00edstup ke sv\u00fdm osobn\u00edm \u00fadaj\u016fm, kter\u00e9 jsou n\u00e1m zn\u00e1my.<\/li>\n                <li>Pr\u00e1vo na opravu: M\u00e1te pr\u00e1vo kdykoli doplnit, opravit, smazat nebo zablokovat sv\u00e9 osobn\u00ed \u00fadaje.<\/li>\n                <li>Pokud n\u00e1m ud\u011bl\u00edte souhlas se zpracov\u00e1n\u00edm sv\u00fdch \u00fadaj\u016f, m\u00e1te pr\u00e1vo tento souhlas odvolat a nechat sv\u00e9 osobn\u00ed \u00fadaje vymazat.<\/li>\n                <li>Pr\u00e1vo na p\u0159enos va\u0161ich \u00fadaj\u016f: m\u00e1te pr\u00e1vo po\u017eadovat od spr\u00e1vce ve\u0161ker\u00e9 sv\u00e9 osobn\u00ed \u00fadaje a p\u0159edat je v pln\u00e9m rozsahu jin\u00e9mu spr\u00e1vci.<\/li>\n                <li>Pr\u00e1vo vzn\u00e9st n\u00e1mitku: m\u016f\u017eete vzn\u00e9st n\u00e1mitku proti zpracov\u00e1n\u00ed va\u0161ich \u00fadaj\u016f. Dodr\u017eujeme to, pokud neexistuj\u00ed opr\u00e1vn\u011bn\u00e9 d\u016fvody pro zpracov\u00e1n\u00ed.<\/li>\n            <\/ul><p>Ujist\u011bte se, \u017ee v\u017edy jasn\u011b uvedete, kdo jste, abychom si mohli b\u00fdt jisti, \u017ee nezm\u011bn\u00edme ani nevyma\u017eeme \u017e\u00e1dn\u00e9 \u00fadaje nespr\u00e1vn\u00e9 osoby.<\/p><h2>9. Pod\u00e1n\u00ed st\u00ed\u017enosti<\/h2><p>Pokud nejste spokojeni se zp\u016fsobem, jak\u00fdm zpracov\u00e1v\u00e1me (st\u00ed\u017enost na) zpracov\u00e1n\u00ed va\u0161ich osobn\u00edch \u00fadaj\u016f, m\u00e1te pr\u00e1vo podat st\u00ed\u017enost u \u00da\u0159adu pro ochranu osobn\u00edch \u00fadaj\u016f.<\/p><h2>10. Kontaktn\u00ed \u00fadaje<\/h2><p>Conseil des Architectes d\u2019Europe AISBL<br \/>\n        29 rue Paul Emile Janson<br \/>\nB-1050 Brusel, Belgie<br \/>\n        Belgie<br \/>\n        Internetov\u00e9 str\u00e1nky: <a href=\"https:\/\/ace-cae.eu\/cs\">https:\/\/ace-cae.eu\/cs<\/a> <br \/>\n        E-mailov\u00e1 adresa: <span class=\"cmplz-obfuscate\">in&#102;&#111;@<span class=\"cmplz-fmail-domain\">&#101;&#120;.c&#111;&#109;<\/span>a&#099;&#101;&#045;&#099;a&#101;.&#101;u<\/span> <br \/>\n        Telefonn\u00ed \u010d\u00edslo: +32 2 543 11 40<\/p><h2>11. \u017d\u00e1dosti o \u00fadaje<\/h2><p>U nej\u010dast\u011bji zad\u00e1van\u00fdch \u017e\u00e1dost\u00ed v\u00e1m tak\u00e9 nab\u00edz\u00edme mo\u017enost vyu\u017e\u00edt n\u00e1\u0161 formul\u00e1\u0159 \u017e\u00e1dosti o \u00fadaje.<br \/>\t\t\t<div class=\"cmplz-datarequest cmplz-alert\">\n\t\t\t\t<span class=\"cmplz-close\">\u00d7<\/span>\n\t\t\t\t<span id=\"cmplz-message\"><\/span>\n\t\t\t<\/div>\n\t\t\t<form id=\"cmplz-datarequest-form\" action=\"\">\n\t\t\t\t<input type=\"hidden\" required value=\"eu\" name=\"cmplz_datarequest_region\" id=\"cmplz_datarequest_region\" >\n\n\t\t\t\t<label for=\"cmplz_datarequest_firstname\" class=\"cmplz-first-name\">Jm\u00e9no\t\t\t\t\t<input type=\"search\" class=\"datarequest-firstname\" value=\"\" placeholder=\"Va\u0161e k\u0159estn\u00ed jm\u00e9no\" id=\"cmplz_datarequest_firstname\" name=\"cmplz_datarequest_firstname\" >\n\t\t\t\t<\/label>\n\t\t\t\t<div>\n\t\t\t\t\t<label for=\"cmplz_datarequest_name\">Jm\u00e9no<\/label>\n\t\t\t\t\t<input type=\"text\" required value=\"\" placeholder=\"Your name\" id=\"cmplz_datarequest_name\" name=\"cmplz_datarequest_name\">\n\t\t\t\t<\/div>\n\t\t\t\t<div>\n\t\t\t\t\t<label for=\"cmplz_datarequest_email\">E-mail<\/label>\n\t\t\t\t\t<input type=\"email\" required value=\"\" placeholder=\"email@email.com\" id=\"cmplz_datarequest_email\" name=\"cmplz_datarequest_email\">\n\t\t\t\t<\/div>\n\t\t\t\t\t\t\t\t\t\t<div class=\"cmplz_datarequest cmplz_datarequest_request_for_access\">\n\t\t\t\t\t\t\t<label for=\"cmplz_datarequest_request_for_access\">\n\t\t\t\t\t\t\t\t<input type=\"checkbox\" value=\"1\" name=\"cmplz_datarequest_request_for_access\" id=\"cmplz_datarequest_request_for_access\"\/>\n\t\t\t\t\t\t\t\tSubmit a request for access to the data we process about you.\t\t\t\t\t\t\t<\/label>\n\t\t\t\t\t\t<\/div>\n\t\t\t\t\t\t\t\t\t\t<div class=\"cmplz_datarequest cmplz_datarequest_right_to_be_forgotten\">\n\t\t\t\t\t\t\t<label for=\"cmplz_datarequest_right_to_be_forgotten\">\n\t\t\t\t\t\t\t\t<input type=\"checkbox\" value=\"1\" name=\"cmplz_datarequest_right_to_be_forgotten\" id=\"cmplz_datarequest_right_to_be_forgotten\"\/>\n\t\t\t\t\t\t\t\tSubmit a request for deletion of the data if it is no longer relevant.\t\t\t\t\t\t\t<\/label>\n\t\t\t\t\t\t<\/div>\n\t\t\t\t\t\t\t\t\t\t<div class=\"cmplz_datarequest cmplz_datarequest_right_to_data_portability\">\n\t\t\t\t\t\t\t<label for=\"cmplz_datarequest_right_to_data_portability\">\n\t\t\t\t\t\t\t\t<input type=\"checkbox\" value=\"1\" name=\"cmplz_datarequest_right_to_data_portability\" id=\"cmplz_datarequest_right_to_data_portability\"\/>\n\t\t\t\t\t\t\t\tSubmit a request to receive an export file of the data we process about you.\t\t\t\t\t\t\t<\/label>\n\t\t\t\t\t\t<\/div>\n\t\t\t\t\t\t\t\t<input type=\"button\" id=\"cmplz-datarequest-submit\"  value=\"Odeslat\">\n\t\t\t<input type=\"hidden\" name=\"etm-form-language\" value=\"cs\"\/><\/form>\n\n\t\t\t<style>\n\t\t\t\t\/* first-name is honeypot *\/\n\t\t\t\t.cmplz-first-name {\n\t\t\t\t\tposition: absolute !important;\n\t\t\t\t\tleft: -5000px !important;\n\t\t\t\t}\n\t\t\t<\/style>\n\t\t\t<\/p><\/div><\/div>","protected":false},"excerpt":{"rendered":"","protected":false},"author":4,"featured_media":0,"parent":0,"menu_order":0,"comment_status":"closed","ping_status":"closed","template":"","meta":{"inline_featured_image":false,"footnotes":""},"thematic-scope":[],"class_list":["post-866","page","type-page","status-publish","hentry"],"yoast_head":"<!-- This site is optimized with the Yoast SEO Premium plugin v25.3 (Yoast SEO v27.4) - https:\/\/yoast.com\/product\/yoast-seo-premium-wordpress\/ -->\n<title>Privacy Statement (EU) - Architects&#039; Council of Europe<\/title>\n<meta name=\"robots\" content=\"index, follow, max-snippet:-1, max-image-preview:large, max-video-preview:-1\" \/>\n<link rel=\"canonical\" href=\"https:\/\/ace-cae.eu\/cs\/privacy-statement-eu\/\" \/>\n<meta property=\"og:locale\" content=\"cs_CZ\" \/>\n<meta property=\"og:type\" content=\"article\" \/>\n<meta property=\"og:title\" content=\"Privacy Statement (EU)\" \/>\n<meta property=\"og:url\" content=\"https:\/\/ace-cae.eu\/cs\/privacy-statement-eu\/\" \/>\n<meta property=\"og:site_name\" content=\"Architects&#039; Council of Europe\" \/>\n<meta property=\"article:publisher\" content=\"https:\/\/www.facebook.com\/ArchitectsEU\" \/>\n<meta property=\"article:modified_time\" content=\"2024-12-05T16:23:51+00:00\" \/>\n<meta property=\"og:image\" content=\"https:\/\/ace-cae.eu\/wp-content\/uploads\/2024\/12\/ace-cae-sm.jpg\" \/>\n\t<meta property=\"og:image:width\" content=\"2667\" \/>\n\t<meta property=\"og:image:height\" content=\"1500\" \/>\n\t<meta property=\"og:image:type\" content=\"image\/jpeg\" \/>\n<meta name=\"twitter:card\" content=\"summary_large_image\" \/>\n<meta name=\"twitter:site\" content=\"@Ace_Cae\" \/>\n<script type=\"application\/ld+json\" class=\"yoast-schema-graph\">{\"@context\":\"https:\\\/\\\/schema.org\",\"@graph\":[{\"@type\":\"WebPage\",\"@id\":\"https:\\\/\\\/ace-cae.eu\\\/privacy-statement-eu\\\/\",\"url\":\"https:\\\/\\\/ace-cae.eu\\\/privacy-statement-eu\\\/\",\"name\":\"Privacy Statement (EU) - Architects&#039; Council of Europe\",\"isPartOf\":{\"@id\":\"https:\\\/\\\/ace-cae.eu\\\/#website\"},\"datePublished\":\"2024-11-21T10:25:30+00:00\",\"dateModified\":\"2024-12-05T16:23:51+00:00\",\"breadcrumb\":{\"@id\":\"https:\\\/\\\/ace-cae.eu\\\/privacy-statement-eu\\\/#breadcrumb\"},\"inLanguage\":\"cs\",\"potentialAction\":[{\"@type\":\"ReadAction\",\"target\":[\"https:\\\/\\\/ace-cae.eu\\\/privacy-statement-eu\\\/\"]}]},{\"@type\":\"BreadcrumbList\",\"@id\":\"https:\\\/\\\/ace-cae.eu\\\/privacy-statement-eu\\\/#breadcrumb\",\"itemListElement\":[{\"@type\":\"ListItem\",\"position\":1,\"name\":\"Home\",\"item\":\"https:\\\/\\\/ace-cae.eu\\\/\"},{\"@type\":\"ListItem\",\"position\":2,\"name\":\"Privacy Statement (EU)\"}]},{\"@type\":\"WebSite\",\"@id\":\"https:\\\/\\\/ace-cae.eu\\\/#website\",\"url\":\"https:\\\/\\\/ace-cae.eu\\\/\",\"name\":\"Architects' Council of Europe\",\"description\":\"High-quality architecture and living environments for all.\",\"publisher\":{\"@id\":\"https:\\\/\\\/ace-cae.eu\\\/#organization\"},\"alternateName\":\"ACE-CAE\",\"potentialAction\":[{\"@type\":\"SearchAction\",\"target\":{\"@type\":\"EntryPoint\",\"urlTemplate\":\"https:\\\/\\\/ace-cae.eu\\\/?s={search_term_string}\"},\"query-input\":{\"@type\":\"PropertyValueSpecification\",\"valueRequired\":true,\"valueName\":\"search_term_string\"}}],\"inLanguage\":\"cs\"},{\"@type\":\"Organization\",\"@id\":\"https:\\\/\\\/ace-cae.eu\\\/#organization\",\"name\":\"Architects' Council of Europe\",\"alternateName\":\"ACE-CAE\",\"url\":\"https:\\\/\\\/ace-cae.eu\\\/\",\"logo\":{\"@type\":\"ImageObject\",\"inLanguage\":\"cs\",\"@id\":\"https:\\\/\\\/ace-cae.eu\\\/#\\\/schema\\\/logo\\\/image\\\/\",\"url\":\"https:\\\/\\\/ace-cae.eu\\\/wp-content\\\/uploads\\\/2024\\\/12\\\/logo.svg\",\"contentUrl\":\"https:\\\/\\\/ace-cae.eu\\\/wp-content\\\/uploads\\\/2024\\\/12\\\/logo.svg\",\"width\":136,\"height\":42,\"caption\":\"Architects' Council of Europe\"},\"image\":{\"@id\":\"https:\\\/\\\/ace-cae.eu\\\/#\\\/schema\\\/logo\\\/image\\\/\"},\"sameAs\":[\"https:\\\/\\\/www.facebook.com\\\/ArchitectsEU\",\"https:\\\/\\\/x.com\\\/Ace_Cae\",\"https:\\\/\\\/www.linkedin.com\\\/company\\\/architects-council-of-europe-ace-\",\"https:\\\/\\\/www.instagram.com\\\/ace.archi.eu\\\/\",\"https:\\\/\\\/www.youtube.com\\\/@architectscouncilofeurope-8375\"],\"description\":\"The Architects\u2019 Council of Europe (ACE) is the representative organisation for the architecture at European level. Its growing membership currently consists of 52 Member Organisations, which are the regulatory and professional representative bodies in all EU Member States, Accession Countries, the UK, Switzerland and Norway, and 6 Observers Members \u2013 Serbia, Kosovo, Ukraine, Montenegro, Macedonia and Moldova. Through them, for 30 years, the ACE represents the interests of over half a million architects from 36 countries in Europe.\",\"email\":\"info@ace-cae.eu\",\"telephone\":\"+32 2 543 11 40\",\"legalName\":\"Conseil des Architectes d\u2019Europe AISBL\",\"foundingDate\":\"1900-05-11\",\"vatID\":\"BE 0464 884 970\",\"ownershipFundingInfo\":\"https:\\\/\\\/ace-cae.eu\\\/imprint\\\/\"}]}<\/script>\n<!-- \/ Yoast SEO Premium plugin. -->","yoast_head_json":{"title":"Privacy Statement (EU) - Architects&#039; Council of Europe","robots":{"index":"index","follow":"follow","max-snippet":"max-snippet:-1","max-image-preview":"max-image-preview:large","max-video-preview":"max-video-preview:-1"},"canonical":"https:\/\/ace-cae.eu\/cs\/privacy-statement-eu\/","og_locale":"cs_CZ","og_type":"article","og_title":"Privacy Statement (EU)","og_url":"https:\/\/ace-cae.eu\/cs\/privacy-statement-eu\/","og_site_name":"Architects&#039; Council of Europe","article_publisher":"https:\/\/www.facebook.com\/ArchitectsEU","article_modified_time":"2024-12-05T16:23:51+00:00","og_image":[{"width":2667,"height":1500,"url":"https:\/\/ace-cae.eu\/wp-content\/uploads\/2024\/12\/ace-cae-sm.jpg","type":"image\/jpeg"}],"twitter_card":"summary_large_image","twitter_site":"@Ace_Cae","schema":{"@context":"https:\/\/schema.org","@graph":[{"@type":"WebPage","@id":"https:\/\/ace-cae.eu\/privacy-statement-eu\/","url":"https:\/\/ace-cae.eu\/privacy-statement-eu\/","name":"Privacy Statement (EU) - Architects&#039; Council of Europe","isPartOf":{"@id":"https:\/\/ace-cae.eu\/#website"},"datePublished":"2024-11-21T10:25:30+00:00","dateModified":"2024-12-05T16:23:51+00:00","breadcrumb":{"@id":"https:\/\/ace-cae.eu\/privacy-statement-eu\/#breadcrumb"},"inLanguage":"cs","potentialAction":[{"@type":"ReadAction","target":["https:\/\/ace-cae.eu\/privacy-statement-eu\/"]}]},{"@type":"BreadcrumbList","@id":"https:\/\/ace-cae.eu\/privacy-statement-eu\/#breadcrumb","itemListElement":[{"@type":"ListItem","position":1,"name":"Home","item":"https:\/\/ace-cae.eu\/"},{"@type":"ListItem","position":2,"name":"Privacy Statement (EU)"}]},{"@type":"WebSite","@id":"https:\/\/ace-cae.eu\/#website","url":"https:\/\/ace-cae.eu\/","name":"Architects' Council of Europe","description":"High-quality architecture and living environments for all.","publisher":{"@id":"https:\/\/ace-cae.eu\/#organization"},"alternateName":"ACE-CAE","potentialAction":[{"@type":"SearchAction","target":{"@type":"EntryPoint","urlTemplate":"https:\/\/ace-cae.eu\/?s={search_term_string}"},"query-input":{"@type":"PropertyValueSpecification","valueRequired":true,"valueName":"search_term_string"}}],"inLanguage":"cs"},{"@type":"Organization","@id":"https:\/\/ace-cae.eu\/#organization","name":"Architects' Council of Europe","alternateName":"ACE-CAE","url":"https:\/\/ace-cae.eu\/","logo":{"@type":"ImageObject","inLanguage":"cs","@id":"https:\/\/ace-cae.eu\/#\/schema\/logo\/image\/","url":"https:\/\/ace-cae.eu\/wp-content\/uploads\/2024\/12\/logo.svg","contentUrl":"https:\/\/ace-cae.eu\/wp-content\/uploads\/2024\/12\/logo.svg","width":136,"height":42,"caption":"Architects' Council of Europe"},"image":{"@id":"https:\/\/ace-cae.eu\/#\/schema\/logo\/image\/"},"sameAs":["https:\/\/www.facebook.com\/ArchitectsEU","https:\/\/x.com\/Ace_Cae","https:\/\/www.linkedin.com\/company\/architects-council-of-europe-ace-","https:\/\/www.instagram.com\/ace.archi.eu\/","https:\/\/www.youtube.com\/@architectscouncilofeurope-8375"],"description":"The Architects\u2019 Council of Europe (ACE) is the representative organisation for the architecture at European level. Its growing membership currently consists of 52 Member Organisations, which are the regulatory and professional representative bodies in all EU Member States, Accession Countries, the UK, Switzerland and Norway, and 6 Observers Members \u2013 Serbia, Kosovo, Ukraine, Montenegro, Macedonia and Moldova. Through them, for 30 years, the ACE represents the interests of over half a million architects from 36 countries in Europe.","email":"info@ace-cae.eu","telephone":"+32 2 543 11 40","legalName":"Conseil des Architectes d\u2019Europe AISBL","foundingDate":"1900-05-11","vatID":"BE 0464 884 970","ownershipFundingInfo":"https:\/\/ace-cae.eu\/imprint\/"}]}},"_links":{"self":[{"href":"https:\/\/ace-cae.eu\/cs\/wp-json\/wp\/v2\/pages\/866","targetHints":{"allow":["GET"]}}],"collection":[{"href":"https:\/\/ace-cae.eu\/cs\/wp-json\/wp\/v2\/pages"}],"about":[{"href":"https:\/\/ace-cae.eu\/cs\/wp-json\/wp\/v2\/types\/page"}],"author":[{"embeddable":true,"href":"https:\/\/ace-cae.eu\/cs\/wp-json\/wp\/v2\/users\/4"}],"replies":[{"embeddable":true,"href":"https:\/\/ace-cae.eu\/cs\/wp-json\/wp\/v2\/comments?post=866"}],"version-history":[{"count":0,"href":"https:\/\/ace-cae.eu\/cs\/wp-json\/wp\/v2\/pages\/866\/revisions"}],"wp:attachment":[{"href":"https:\/\/ace-cae.eu\/cs\/wp-json\/wp\/v2\/media?parent=866"}],"wp:term":[{"taxonomy":"thematic-scope","embeddable":true,"href":"https:\/\/ace-cae.eu\/cs\/wp-json\/wp\/v2\/thematic-scope?post=866"}],"curies":[{"name":"wp","href":"https:\/\/api.w.org\/{rel}","templated":true}]}}