{"id":1060,"date":"2024-12-05T09:39:56","date_gmt":"2024-12-05T08:39:56","guid":{"rendered":"https:\/\/ace-cae.eu\/?page_id=1060"},"modified":"2025-12-11T12:05:52","modified_gmt":"2025-12-11T11:05:52","slug":"projects","status":"publish","type":"page","link":"https:\/\/ace-cae.eu\/cs\/projects\/","title":{"rendered":"Projekty"},"content":{"rendered":"<div class=\"ace-section ace-section-projects wp-block-ace-articles\">\n    <header class=\"ace-section-header\">\n    <div>\n                <p>Krom\u011b programu Kreativn\u00ed Evropa se Rada architekt\u016f Evropy aktivn\u011b \u00fa\u010dastn\u00ed r\u016fzn\u00fdch dal\u0161\u00edch projekt\u016f financovan\u00fdch EU. \u00daloha ACE obvykle zahrnuje poskytov\u00e1n\u00ed odborn\u00fdch znalost\u00ed partner\u016fm projektu a \u0161\u00ed\u0159en\u00ed v\u00fdsledk\u016f prost\u0159ednictv\u00edm rozs\u00e1hl\u00e9 s\u00edt\u011b \u010dlen\u016f a mezin\u00e1rodn\u00edch spojen\u00ed.<\/p>\n        <p>Prozkoumejte aktu\u00e1ln\u00ed projekty<\/p>\n    <\/div>\n    <div class=\"ace-filters\" data-feed-type=\"projects\" data-list-selector=\".ace-projects-list\">\n    <ul class=\"ace-filters-selected\">\n    <\/ul>\n    <div class=\"ace-filters-inner\">\n        <label>Filtrovat podle<\/label>\n        <ul class=\"ace-filters-list\">\n                            <li data-value=\"status\" data-label=\"Status\">Stav                    <ul>\n                                                    <li data-value=\"ongoing\" data-label=\"Ongoing Projects\">Prob\u00edhaj\u00edc\u00ed projekty<\/li>\n                                                    <li data-value=\"past\" data-label=\"Past Projects\">Minul\u00e9 projekty<\/li>\n                                            <\/ul>\n                <\/li>\n                            <li data-value=\"topic\" data-label=\"Topic\">T\u00e9ma                    <ul>\n                                                    <li data-value=\"adaptive-architecture\" data-label=\"Adaptive architecture\">Adaptivn\u00ed architektura<\/li>\n                                                    <li data-value=\"architecture-design-competition\" data-label=\"Architecture Design Competition\">Sout\u011b\u017e architektonick\u00e9ho designu<\/li>\n                                                    <li data-value=\"circularity\" data-label=\"Circularity\">Circularity<\/li>\n                                                    <li data-value=\"continous-professional-development\" data-label=\"Continuous Professional Development\">Nep\u0159etr\u017eit\u00fd profesn\u00ed rozvoj<\/li>\n                                                    <li data-value=\"digitalisation\" data-label=\"Digitalisation\">Digitalizace<\/li>\n                                                    <li data-value=\"good-practices\" data-label=\"Good practices\">Osv\u011bd\u010den\u00e9 postupy<\/li>\n                                                    <li data-value=\"heritage\" data-label=\"heritage\">d\u011bdictv\u00ed<\/li>\n                                                    <li data-value=\"high-quality-architecture\" data-label=\"High quality architecture\">Vysoce kvalitn\u00ed architektura<\/li>\n                                                    <li data-value=\"innovation\" data-label=\"Innovation\">Inovace<\/li>\n                                                    <li data-value=\"new-european-bauhaus\" data-label=\"New European Bauhaus\">Nov\u00fd evropsk\u00fd Bauhaus<\/li>\n                                                    <li data-value=\"sustainability\" data-label=\"sustainability\">udr\u017eitelnost<\/li>\n                                            <\/ul>\n                <\/li>\n                            <li data-value=\"thematic-scope\" data-label=\"Thematic Scope\">Tematick\u00e1 oblast p\u016fsobnosti                    <ul>\n                                                    <li data-value=\"achieving-quality-in-architecture-baukultur\" data-label=\"Achieving quality in Architecture \/ Baukultur\">Dosa\u017een\u00ed kvality v architektu\u0159e \/ Baukultur<\/li>\n                                                    <li data-value=\"practice-of-the-profession\" data-label=\"Practice of the Profession\">Praxe povol\u00e1n\u00ed<\/li>\n                                                    <li data-value=\"research-development\" data-label=\"Research &amp; Development\">V\u00fdzkum a v\u00fdvoj<\/li>\n                                            <\/ul>\n                <\/li>\n                            <li data-value=\"date\" data-label=\"Date\">Datum                    <ul>\n                                                    <li data-value=\"2025\" data-label=\"2025\">2025<\/li>\n                                                    <li data-value=\"2024\" data-label=\"2024\">2024<\/li>\n                                            <\/ul>\n                <\/li>\n                    <\/ul>\n    <\/div>\n<\/div><\/header>\n<div class=\"ace-projects\">\n    <div class=\"ace-projects-list\" data-article=\"0\">\n                        <a href=\"https:\/\/ace-cae.eu\/cs\/projects\/heritace\/\">\r\n            <img decoding=\"async\" src=\"https:\/\/ace-cae.eu\/wp-content\/uploads\/2024\/10\/heritace-cover-1484x820.webp\" alt=\"\" \/>\r\n        <div class=\"ace-project-info\">\r\n        <div class=\"ace-project-meta\">\r\n                            <p class=\"ace-project-date\">\r\n                                            START: January 1, 2024                                                                &#8211; END: December 31, 2027                                    <\/p>\r\n                                        <img decoding=\"async\" src=\"https:\/\/ace-cae.eu\/wp-content\/uploads\/2024\/10\/HeriTACE-99x76.png\" class=\"ace-project-logo\" width=\"145\" height=\"76\" \/>\r\n                    <\/div>\r\n        <h2>HeriTACE<\/h2>\r\n        <h1>HeriTACE will deliver holistic solutions for authorities and architects to envision and govern a sustainable energy future for heritage townhouses in historical neighbourhoods.<\/h1>\r\n    <\/div>\r\n<\/a>                    <a href=\"https:\/\/ace-cae.eu\/cs\/projects\/sonata-situation-aware-orchestration-of-adaptive-architecture\/\">\r\n            <img decoding=\"async\" src=\"https:\/\/ace-cae.eu\/wp-content\/uploads\/2024\/10\/1500x500-1484x500.jpeg\" alt=\"\" \/>\r\n        <div class=\"ace-project-info\">\r\n        <div class=\"ace-project-meta\">\r\n                            <p class=\"ace-project-date\">\r\n                                            START: January 1, 2024                                                                &#8211; END: December 31, 2027                                    <\/p>\r\n                                        <img decoding=\"async\" src=\"https:\/\/ace-cae.eu\/wp-content\/uploads\/2024\/10\/SONATA-147x76.png\" class=\"ace-project-logo\" width=\"145\" height=\"76\" \/>\r\n                    <\/div>\r\n        <h2>SONATA<\/h2>\r\n        <h1>SONATA aims to develop architectural \u2018adaptive\u2019 technologies in workplaces to improve the mental health, well-being, productivity and social relationships of the employees.<\/h1>\r\n    <\/div>\r\n<\/a>                    <a href=\"https:\/\/ace-cae.eu\/cs\/projects\/innovation-alliance-circular-design-cid\/\">\r\n            <img decoding=\"async\" src=\"https:\/\/ace-cae.eu\/wp-content\/uploads\/2024\/10\/cid-1484x820.jpg\" alt=\"\" \/>\r\n        <div class=\"ace-project-info\">\r\n        <div class=\"ace-project-meta\">\r\n                            <p class=\"ace-project-date\">\r\n                                            START: September 1, 2023                                                                &#8211; END: August 31, 2026                                    <\/p>\r\n                                        <img decoding=\"async\" src=\"https:\/\/ace-cae.eu\/wp-content\/uploads\/2024\/10\/CiD-72x76.png\" class=\"ace-project-logo\" width=\"145\" height=\"76\" \/>\r\n                    <\/div>\r\n        <h2>CiD &#8211; Innovation Alliance Circular Design<\/h2>\r\n        <h1>CiD develops innovation in Circular Design education by fostering entrepreneurship in academia, with an accelerator programme for students&#8217; start-ups and continuing education courses to upskill in emerging labour market.<\/h1>\r\n    <\/div>\r\n<\/a>                    <a href=\"https:\/\/ace-cae.eu\/cs\/projects\/arch-e-the-european-platform-for-architectural-design-competitions\/\">\r\n            <img decoding=\"async\" src=\"https:\/\/ace-cae.eu\/wp-content\/uploads\/2024\/10\/1500x500-1-1484x500.jpeg\" alt=\"\" \/>\r\n        <div class=\"ace-project-info\">\r\n        <div class=\"ace-project-meta\">\r\n                            <p class=\"ace-project-date\">\r\n                                            START: February 1, 2023                                                                &#8211; END: January 31, 2026                                    <\/p>\r\n                                        <img decoding=\"async\" src=\"https:\/\/ace-cae.eu\/wp-content\/uploads\/2024\/10\/ARCH-E-159x76.png\" class=\"ace-project-logo\" width=\"145\" height=\"76\" \/>\r\n                    <\/div>\r\n        <h2>ARCH-E<\/h2>\r\n        <h1>Its main objective is to promote high-quality architectural solutions for the built environment by increasing the use of architectural design competitions (ADC) in Europe.<\/h1>\r\n    <\/div>\r\n<\/a>                    <a href=\"https:\/\/ace-cae.eu\/cs\/projects\/new-european-bauhaus-unlocked-through-built4people-b4p-endorsed-local-action\/\">\r\n            <img decoding=\"async\" src=\"https:\/\/ace-cae.eu\/wp-content\/uploads\/2024\/10\/match-making.jpg\" alt=\"\" \/>\r\n        <div class=\"ace-project-info\">\r\n        <div class=\"ace-project-meta\">\r\n                            <p class=\"ace-project-date\">\r\n                                            START: October 1, 2022                                                                &#8211; END: March 31, 2025                                    <\/p>\r\n                                        <img decoding=\"async\" src=\"https:\/\/ace-cae.eu\/wp-content\/uploads\/2024\/10\/NEBULA-149x76.jpg\" class=\"ace-project-logo\" width=\"145\" height=\"76\" \/>\r\n                    <\/div>\r\n        <h2>NEBULA<\/h2>\r\n        <h1>New European Bauhaus Unlocked through Built4People-endorsed Local Actions _ Duration&nbsp;2022 \u2013 2025 _ Programme&nbsp;Horizon Europe<\/h1>\r\n    <\/div>\r\n<\/a>                    <a href=\"https:\/\/ace-cae.eu\/cs\/projects\/accord\/\">\r\n            <img decoding=\"async\" src=\"https:\/\/ace-cae.eu\/wp-content\/uploads\/2024\/10\/Screenshot-2025-12-03-at-12.25.14.png\" alt=\"\" \/>\r\n        <div class=\"ace-project-info\">\r\n        <div class=\"ace-project-meta\">\r\n                            <p class=\"ace-project-date\">\r\n                                            START: September 1, 2022                                                                &#8211; END: September 1, 2025                                    <\/p>\r\n                                        <img decoding=\"async\" src=\"https:\/\/ace-cae.eu\/wp-content\/uploads\/2024\/10\/ACCORD-175x76.jpg\" class=\"ace-project-logo\" width=\"145\" height=\"76\" \/>\r\n                    <\/div>\r\n        <h2>ACCORD<\/h2>\r\n        <h1>Digitalizovan\u00e9 stavebn\u00ed povolen\u00ed a soulad s p\u0159edpisy s vyu\u017eit\u00edm BIM ke zlep\u0161en\u00ed produktivity a kvality projektov\u00e1n\u00ed a v\u00fdstavby.<\/h1>\r\n    <\/div>\r\n<\/a>                    <a href=\"https:\/\/ace-cae.eu\/cs\/projects\/arv\/\">\r\n            <img decoding=\"async\" src=\"https:\/\/ace-cae.eu\/wp-content\/uploads\/2024\/10\/arv-1484x500.jpeg\" alt=\"\" \/>\r\n        <div class=\"ace-project-info\">\r\n        <div class=\"ace-project-meta\">\r\n                            <p class=\"ace-project-date\">\r\n                                            START: January 1, 2022                                                                &#8211; END: December 31, 2026                                    <\/p>\r\n                                        <img decoding=\"async\" src=\"https:\/\/ace-cae.eu\/wp-content\/uploads\/2024\/10\/ARV-205x61.jpg\" class=\"ace-project-logo\" width=\"145\" height=\"76\" \/>\r\n                    <\/div>\r\n        <h2>ARV<\/h2>\r\n        <h1>The ARV project creates Climate Positive Circular Communities (CPCC) in Europe and increases the building renovation rate on the continent.<\/h1>\r\n    <\/div>\r\n<\/a>                    <a href=\"https:\/\/ace-cae.eu\/cs\/projects\/cultural-e\/\">\r\n            <img decoding=\"async\" src=\"https:\/\/ace-cae.eu\/wp-content\/uploads\/2024\/10\/09_The_Gardens_photo_Fowelin_cyan_home-1484x820.png\" alt=\"\" \/>\r\n        <div class=\"ace-project-info\">\r\n        <div class=\"ace-project-meta\">\r\n                            <p class=\"ace-project-date\">\r\n                                            START: October 1, 2019                                                                &#8211; END: March 31, 2025                                    <\/p>\r\n                                        <img decoding=\"async\" src=\"https:\/\/ace-cae.eu\/wp-content\/uploads\/2024\/10\/Cultural-E-145x76.png\" class=\"ace-project-logo\" width=\"145\" height=\"76\" \/>\r\n                    <\/div>\r\n        <h2>Kulturn\u00ed-E<\/h2>\r\n        <h1>Cultural-E is a Horizon 2020-funded project advancing Plus Energy Buildings (PEBs) that produce more energy than they consume.<\/h1>\r\n    <\/div>\r\n<\/a>                    <\/div>\n    <nav class=\"ace-projects-nav\">\n        <a href=\"#\" class=\"ace-nav-prev\"><\/a>\n        <a href=\"#\" class=\"ace-nav-next\"><\/a>\n    <\/nav>\n<\/div>\n            <div class=\"ace-section-actions\">\n                                                                <button\n                        class=\"ace-load-more\"\n                        data-page-count=\"3\"\n                        data-feed-type=\"projects\"\n                        data-showposts=\"8\"\n                        data-list-selector=\".ace-projects-list\"\n                    >\n                        Na\u010d\u00edst v\u00edce\n                    <\/button>\n                            \n                    <\/div>\n    <\/div>","protected":false},"excerpt":{"rendered":"","protected":false},"author":4,"featured_media":3275,"parent":0,"menu_order":0,"comment_status":"closed","ping_status":"closed","template":"","meta":{"inline_featured_image":false,"footnotes":""},"thematic-scope":[],"class_list":["post-1060","page","type-page","status-publish","has-post-thumbnail","hentry"],"yoast_head":"<!-- This site is optimized with the Yoast SEO Premium plugin v25.3 (Yoast SEO v27.4) - https:\/\/yoast.com\/product\/yoast-seo-premium-wordpress\/ -->\n<title>Projects - Architects&#039; Council of Europe<\/title>\n<meta name=\"robots\" content=\"index, follow, max-snippet:-1, max-image-preview:large, max-video-preview:-1\" \/>\n<link rel=\"canonical\" href=\"https:\/\/ace-cae.eu\/cs\/projects\/\" \/>\n<meta property=\"og:locale\" content=\"cs_CZ\" \/>\n<meta property=\"og:type\" content=\"article\" \/>\n<meta property=\"og:title\" content=\"Projects\" \/>\n<meta property=\"og:url\" content=\"https:\/\/ace-cae.eu\/cs\/projects\/\" \/>\n<meta property=\"og:site_name\" content=\"Architects&#039; Council of Europe\" \/>\n<meta property=\"article:publisher\" content=\"https:\/\/www.facebook.com\/ArchitectsEU\" \/>\n<meta property=\"article:modified_time\" content=\"2025-12-11T11:05:52+00:00\" \/>\n<meta property=\"og:image\" content=\"https:\/\/ace-cae.eu\/wp-content\/uploads\/2025\/12\/Future-Library-in-Europe-1024x576.png\" \/>\n\t<meta property=\"og:image:width\" content=\"1024\" \/>\n\t<meta property=\"og:image:height\" content=\"576\" \/>\n\t<meta property=\"og:image:type\" content=\"image\/png\" \/>\n<meta name=\"twitter:card\" content=\"summary_large_image\" \/>\n<meta name=\"twitter:site\" content=\"@Ace_Cae\" \/>\n<meta name=\"twitter:label1\" content=\"Odhadovan\u00e1 doba \u010dten\u00ed\" \/>\n\t<meta name=\"twitter:data1\" content=\"1 minuta\" \/>\n<script type=\"application\/ld+json\" class=\"yoast-schema-graph\">{\"@context\":\"https:\\\/\\\/schema.org\",\"@graph\":[{\"@type\":\"WebPage\",\"@id\":\"https:\\\/\\\/ace-cae.eu\\\/projects\\\/\",\"url\":\"https:\\\/\\\/ace-cae.eu\\\/projects\\\/\",\"name\":\"Projects - Architects&#039; Council of Europe\",\"isPartOf\":{\"@id\":\"https:\\\/\\\/ace-cae.eu\\\/#website\"},\"primaryImageOfPage\":{\"@id\":\"https:\\\/\\\/ace-cae.eu\\\/projects\\\/#primaryimage\"},\"image\":{\"@id\":\"https:\\\/\\\/ace-cae.eu\\\/projects\\\/#primaryimage\"},\"thumbnailUrl\":\"https:\\\/\\\/ace-cae.eu\\\/wp-content\\\/uploads\\\/2025\\\/12\\\/Future-Library-in-Europe.png\",\"datePublished\":\"2024-12-05T08:39:56+00:00\",\"dateModified\":\"2025-12-11T11:05:52+00:00\",\"breadcrumb\":{\"@id\":\"https:\\\/\\\/ace-cae.eu\\\/projects\\\/#breadcrumb\"},\"inLanguage\":\"cs\",\"potentialAction\":[{\"@type\":\"ReadAction\",\"target\":[\"https:\\\/\\\/ace-cae.eu\\\/projects\\\/\"]}]},{\"@type\":\"ImageObject\",\"inLanguage\":\"cs\",\"@id\":\"https:\\\/\\\/ace-cae.eu\\\/projects\\\/#primaryimage\",\"url\":\"https:\\\/\\\/ace-cae.eu\\\/wp-content\\\/uploads\\\/2025\\\/12\\\/Future-Library-in-Europe.png\",\"contentUrl\":\"https:\\\/\\\/ace-cae.eu\\\/wp-content\\\/uploads\\\/2025\\\/12\\\/Future-Library-in-Europe.png\",\"width\":1920,\"height\":1080,\"caption\":\"AI generate image\"},{\"@type\":\"BreadcrumbList\",\"@id\":\"https:\\\/\\\/ace-cae.eu\\\/projects\\\/#breadcrumb\",\"itemListElement\":[{\"@type\":\"ListItem\",\"position\":1,\"name\":\"Home\",\"item\":\"https:\\\/\\\/ace-cae.eu\\\/\"},{\"@type\":\"ListItem\",\"position\":2,\"name\":\"Projects\"}]},{\"@type\":\"WebSite\",\"@id\":\"https:\\\/\\\/ace-cae.eu\\\/#website\",\"url\":\"https:\\\/\\\/ace-cae.eu\\\/\",\"name\":\"Architects' Council of Europe\",\"description\":\"High-quality architecture and living environments for all.\",\"publisher\":{\"@id\":\"https:\\\/\\\/ace-cae.eu\\\/#organization\"},\"alternateName\":\"ACE-CAE\",\"potentialAction\":[{\"@type\":\"SearchAction\",\"target\":{\"@type\":\"EntryPoint\",\"urlTemplate\":\"https:\\\/\\\/ace-cae.eu\\\/?s={search_term_string}\"},\"query-input\":{\"@type\":\"PropertyValueSpecification\",\"valueRequired\":true,\"valueName\":\"search_term_string\"}}],\"inLanguage\":\"cs\"},{\"@type\":\"Organization\",\"@id\":\"https:\\\/\\\/ace-cae.eu\\\/#organization\",\"name\":\"Architects' Council of Europe\",\"alternateName\":\"ACE-CAE\",\"url\":\"https:\\\/\\\/ace-cae.eu\\\/\",\"logo\":{\"@type\":\"ImageObject\",\"inLanguage\":\"cs\",\"@id\":\"https:\\\/\\\/ace-cae.eu\\\/#\\\/schema\\\/logo\\\/image\\\/\",\"url\":\"https:\\\/\\\/ace-cae.eu\\\/wp-content\\\/uploads\\\/2024\\\/12\\\/logo.svg\",\"contentUrl\":\"https:\\\/\\\/ace-cae.eu\\\/wp-content\\\/uploads\\\/2024\\\/12\\\/logo.svg\",\"width\":136,\"height\":42,\"caption\":\"Architects' Council of Europe\"},\"image\":{\"@id\":\"https:\\\/\\\/ace-cae.eu\\\/#\\\/schema\\\/logo\\\/image\\\/\"},\"sameAs\":[\"https:\\\/\\\/www.facebook.com\\\/ArchitectsEU\",\"https:\\\/\\\/x.com\\\/Ace_Cae\",\"https:\\\/\\\/www.linkedin.com\\\/company\\\/architects-council-of-europe-ace-\",\"https:\\\/\\\/www.instagram.com\\\/ace.archi.eu\\\/\",\"https:\\\/\\\/www.youtube.com\\\/@architectscouncilofeurope-8375\"],\"description\":\"The Architects\u2019 Council of Europe (ACE) is the representative organisation for the architecture at European level. Its growing membership currently consists of 52 Member Organisations, which are the regulatory and professional representative bodies in all EU Member States, Accession Countries, the UK, Switzerland and Norway, and 6 Observers Members \u2013 Serbia, Kosovo, Ukraine, Montenegro, Macedonia and Moldova. Through them, for 30 years, the ACE represents the interests of over half a million architects from 36 countries in Europe.\",\"email\":\"info@ace-cae.eu\",\"telephone\":\"+32 2 543 11 40\",\"legalName\":\"Conseil des Architectes d\u2019Europe AISBL\",\"foundingDate\":\"1900-05-11\",\"vatID\":\"BE 0464 884 970\",\"ownershipFundingInfo\":\"https:\\\/\\\/ace-cae.eu\\\/imprint\\\/\"}]}<\/script>\n<!-- \/ Yoast SEO Premium plugin. -->","yoast_head_json":{"title":"Projects - Architects&#039; Council of Europe","robots":{"index":"index","follow":"follow","max-snippet":"max-snippet:-1","max-image-preview":"max-image-preview:large","max-video-preview":"max-video-preview:-1"},"canonical":"https:\/\/ace-cae.eu\/cs\/projects\/","og_locale":"cs_CZ","og_type":"article","og_title":"Projects","og_url":"https:\/\/ace-cae.eu\/cs\/projects\/","og_site_name":"Architects&#039; Council of Europe","article_publisher":"https:\/\/www.facebook.com\/ArchitectsEU","article_modified_time":"2025-12-11T11:05:52+00:00","og_image":[{"width":1024,"height":576,"url":"https:\/\/ace-cae.eu\/wp-content\/uploads\/2025\/12\/Future-Library-in-Europe-1024x576.png","type":"image\/png"}],"twitter_card":"summary_large_image","twitter_site":"@Ace_Cae","twitter_misc":{"Odhadovan\u00e1 doba \u010dten\u00ed":"1 minuta"},"schema":{"@context":"https:\/\/schema.org","@graph":[{"@type":"WebPage","@id":"https:\/\/ace-cae.eu\/projects\/","url":"https:\/\/ace-cae.eu\/projects\/","name":"Projects - Architects&#039; Council of Europe","isPartOf":{"@id":"https:\/\/ace-cae.eu\/#website"},"primaryImageOfPage":{"@id":"https:\/\/ace-cae.eu\/projects\/#primaryimage"},"image":{"@id":"https:\/\/ace-cae.eu\/projects\/#primaryimage"},"thumbnailUrl":"https:\/\/ace-cae.eu\/wp-content\/uploads\/2025\/12\/Future-Library-in-Europe.png","datePublished":"2024-12-05T08:39:56+00:00","dateModified":"2025-12-11T11:05:52+00:00","breadcrumb":{"@id":"https:\/\/ace-cae.eu\/projects\/#breadcrumb"},"inLanguage":"cs","potentialAction":[{"@type":"ReadAction","target":["https:\/\/ace-cae.eu\/projects\/"]}]},{"@type":"ImageObject","inLanguage":"cs","@id":"https:\/\/ace-cae.eu\/projects\/#primaryimage","url":"https:\/\/ace-cae.eu\/wp-content\/uploads\/2025\/12\/Future-Library-in-Europe.png","contentUrl":"https:\/\/ace-cae.eu\/wp-content\/uploads\/2025\/12\/Future-Library-in-Europe.png","width":1920,"height":1080,"caption":"AI generate image"},{"@type":"BreadcrumbList","@id":"https:\/\/ace-cae.eu\/projects\/#breadcrumb","itemListElement":[{"@type":"ListItem","position":1,"name":"Home","item":"https:\/\/ace-cae.eu\/"},{"@type":"ListItem","position":2,"name":"Projects"}]},{"@type":"WebSite","@id":"https:\/\/ace-cae.eu\/#website","url":"https:\/\/ace-cae.eu\/","name":"Architects' Council of Europe","description":"High-quality architecture and living environments for all.","publisher":{"@id":"https:\/\/ace-cae.eu\/#organization"},"alternateName":"ACE-CAE","potentialAction":[{"@type":"SearchAction","target":{"@type":"EntryPoint","urlTemplate":"https:\/\/ace-cae.eu\/?s={search_term_string}"},"query-input":{"@type":"PropertyValueSpecification","valueRequired":true,"valueName":"search_term_string"}}],"inLanguage":"cs"},{"@type":"Organization","@id":"https:\/\/ace-cae.eu\/#organization","name":"Architects' Council of Europe","alternateName":"ACE-CAE","url":"https:\/\/ace-cae.eu\/","logo":{"@type":"ImageObject","inLanguage":"cs","@id":"https:\/\/ace-cae.eu\/#\/schema\/logo\/image\/","url":"https:\/\/ace-cae.eu\/wp-content\/uploads\/2024\/12\/logo.svg","contentUrl":"https:\/\/ace-cae.eu\/wp-content\/uploads\/2024\/12\/logo.svg","width":136,"height":42,"caption":"Architects' Council of Europe"},"image":{"@id":"https:\/\/ace-cae.eu\/#\/schema\/logo\/image\/"},"sameAs":["https:\/\/www.facebook.com\/ArchitectsEU","https:\/\/x.com\/Ace_Cae","https:\/\/www.linkedin.com\/company\/architects-council-of-europe-ace-","https:\/\/www.instagram.com\/ace.archi.eu\/","https:\/\/www.youtube.com\/@architectscouncilofeurope-8375"],"description":"The Architects\u2019 Council of Europe (ACE) is the representative organisation for the architecture at European level. Its growing membership currently consists of 52 Member Organisations, which are the regulatory and professional representative bodies in all EU Member States, Accession Countries, the UK, Switzerland and Norway, and 6 Observers Members \u2013 Serbia, Kosovo, Ukraine, Montenegro, Macedonia and Moldova. Through them, for 30 years, the ACE represents the interests of over half a million architects from 36 countries in Europe.","email":"info@ace-cae.eu","telephone":"+32 2 543 11 40","legalName":"Conseil des Architectes d\u2019Europe AISBL","foundingDate":"1900-05-11","vatID":"BE 0464 884 970","ownershipFundingInfo":"https:\/\/ace-cae.eu\/imprint\/"}]}},"_links":{"self":[{"href":"https:\/\/ace-cae.eu\/cs\/wp-json\/wp\/v2\/pages\/1060","targetHints":{"allow":["GET"]}}],"collection":[{"href":"https:\/\/ace-cae.eu\/cs\/wp-json\/wp\/v2\/pages"}],"about":[{"href":"https:\/\/ace-cae.eu\/cs\/wp-json\/wp\/v2\/types\/page"}],"author":[{"embeddable":true,"href":"https:\/\/ace-cae.eu\/cs\/wp-json\/wp\/v2\/users\/4"}],"replies":[{"embeddable":true,"href":"https:\/\/ace-cae.eu\/cs\/wp-json\/wp\/v2\/comments?post=1060"}],"version-history":[{"count":0,"href":"https:\/\/ace-cae.eu\/cs\/wp-json\/wp\/v2\/pages\/1060\/revisions"}],"wp:featuredmedia":[{"embeddable":true,"href":"https:\/\/ace-cae.eu\/cs\/wp-json\/wp\/v2\/media\/3275"}],"wp:attachment":[{"href":"https:\/\/ace-cae.eu\/cs\/wp-json\/wp\/v2\/media?parent=1060"}],"wp:term":[{"taxonomy":"thematic-scope","embeddable":true,"href":"https:\/\/ace-cae.eu\/cs\/wp-json\/wp\/v2\/thematic-scope?post=1060"}],"curies":[{"name":"wp","href":"https:\/\/api.w.org\/{rel}","templated":true}]}}